{"id":29486,"date":"2023-10-11T11:03:53","date_gmt":"2023-10-11T11:03:53","guid":{"rendered":"https:\/\/store.evolve-fitness.eu\/product\/evolve-sekskantet-haandvaegtstativ\/"},"modified":"2026-04-03T12:00:23","modified_gmt":"2026-04-03T12:00:23","slug":"evolve-sekskantet-haandvaegtstativ","status":"publish","type":"product","link":"https:\/\/store.evolve-fitness.eu\/da\/vare\/evolve-sekskantet-haandvaegtstativ\/","title":{"rendered":"Evolve sekskantet h\u00e5ndv\u00e6gtstativ"},"content":{"rendered":"\n<section class=\"wp-block-group alignfull black-content has-white-color has-darkgray-background-color has-text-color has-background is-layout-constrained wp-block-group-is-layout-constrained\" style=\"padding-top:var(--wp--preset--spacing--section-bottom);padding-bottom:var(--wp--preset--spacing--section-bottom)\">\n<div class=\"wp-block-columns alignwide mobile-reverse is-layout-flex wp-container-core-columns-is-layout-ca64bf2d wp-block-columns-is-layout-flex\" style=\"margin-bottom:var(--wp--preset--spacing--side-padding)\">\n<div class=\"wp-block-column is-vertically-aligned-center is-layout-flow wp-block-column-is-layout-flow\">\n<h3 class=\"wp-block-heading\" style=\"margin-bottom:var(--wp--preset--spacing--h-3-bottom)\"><strong><strong><strong>Holdbar konstruktion til langvarig brug<\/strong><\/strong><\/strong><\/h3>\n\n\n\n<p>Evolve Hexagon Dumbbell Rack er fremstillet af kraftigt metal, der sikrer, at det kan modst\u00e5 de h\u00e5rde betingelser i et fitnesscenter med mange brugere. Stativets ramme er pulverlakeret, hvilket giver en fed og holdbar farve, der modst\u00e5r ridser og rust. Den robuste konstruktion garanterer en lang levetid, selv i de mest kr\u00e6vende omgivelser.  <\/p>\n<\/div>\n\n\n\n<div class=\"wp-block-column is-vertically-aligned-center is-layout-flow wp-block-column-is-layout-flow\">\n<figure class=\"wp-block-image alignright size-full is-resized is-style-rounded\"><img decoding=\"async\" src=\"https:\/\/evolve-fitness.eu\/wp-content\/uploads\/2023\/11\/Evolve-Hexagon-Dumbbell-Rack.-.EV-RS-HR-100.png\" alt=\"\" class=\"wp-image-5936\" style=\"object-fit:cover;width:680px;height:600px\"\/><\/figure>\n<\/div>\n<\/div>\n\n\n\n<div class=\"wp-block-columns alignwide is-layout-flex wp-container-core-columns-is-layout-c45ee707 wp-block-columns-is-layout-flex\" style=\"margin-bottom:var(--wp--preset--spacing--side-padding);padding-top:var(--wp--preset--spacing--side-padding)\">\n<div class=\"wp-block-column is-vertically-aligned-center is-layout-flow wp-block-column-is-layout-flow\">\n<figure class=\"wp-block-image size-full is-resized\"><img decoding=\"async\" src=\"https:\/\/evolve-fitness.eu\/wp-content\/uploads\/2023\/11\/Evolve-hex-dumbbells-4-1.png\" alt=\"\" class=\"wp-image-5354\" style=\"object-fit:cover;width:680px;height:600px\"\/><\/figure>\n<\/div>\n\n\n\n<div class=\"wp-block-column is-vertically-aligned-center is-layout-constrained wp-block-column-is-layout-constrained\">\n<h3 class=\"wp-block-heading\" style=\"margin-bottom:var(--wp--preset--spacing--h-3-bottom)\"><strong><strong>Kompakt og pladsbesparende<\/strong><\/strong><\/h3>\n\n\n\n<p>Evolve Hexagon Dumbbell Rack har tre niveauer, s\u00e5 den kan rumme op til 10 par h\u00e5ndv\u00e6gte og samtidig spare v\u00e6rdifuld gulvplads. Denne kompakte struktur sikrer, at dine h\u00e5ndv\u00e6gte er p\u00e6nt organiseret og let tilg\u00e6ngelige, hvilket g\u00f8r det lettere for brugerne at finde og v\u00e6lge de v\u00e6gte, de har brug for. <\/p>\n<\/div>\n<\/div>\n\n\n\n<div class=\"wp-block-columns alignwide is-layout-flex wp-container-core-columns-is-layout-c45ee707 wp-block-columns-is-layout-flex\" style=\"margin-bottom:var(--wp--preset--spacing--side-padding);padding-top:var(--wp--preset--spacing--side-padding)\">\n<div class=\"wp-block-column is-vertically-aligned-center is-layout-constrained wp-block-column-is-layout-constrained\">\n<h3 class=\"wp-block-heading\" style=\"margin-bottom:var(--wp--preset--spacing--h-3-bottom)\"><strong><strong><strong>Funktionelt og brugervenligt design<\/strong><\/strong><\/strong><\/h3>\n\n\n\n<p>Funktionalitet er kernen i dette h\u00e5ndv\u00e6gtstativ. Den har gummibel\u00e6gning p\u00e5 f\u00f8dderne for at forhindre skader p\u00e5 gulvet og sikre stabilitet. Holderne er vinklede, s\u00e5 det er nemt at placere og fjerne h\u00e5ndv\u00e6gtene, og de er d\u00e6kket af et beskyttende materiale, der forhindrer sk\u00e5r og ridser. Dette design beskytter ikke kun dine h\u00e5ndv\u00e6gte, men g\u00f8r det ogs\u00e5 nemt og hurtigt at skifte v\u00e6gt under tr\u00e6ningen.   <\/p>\n<\/div>\n\n\n\n<div class=\"wp-block-column is-vertically-aligned-center is-layout-flow wp-block-column-is-layout-flow\">\n<figure class=\"wp-block-image size-full is-style-rounded\"><img decoding=\"async\" src=\"https:\/\/evolve-fitness.eu\/wp-content\/uploads\/2023\/11\/Evolve-Hexagon-Dumbbell-Rack.png\" alt=\"\" class=\"wp-image-5938\"\/><\/figure>\n<\/div>\n<\/div>\n\n\n\n<p class=\"has-text-align-center has-montserrat-font-family has-medium-2-font-size\"><strong>Invester i Evolve Hexagon Dumbbell Rack for at holde dit tr\u00e6ningscenter organiseret, beskytte dit udstyr og forbedre den samlede tr\u00e6ningsoplevelse. Dens holdbarhed, funktionelle design og kompakte st\u00f8rrelse g\u00f8r den til en uundv\u00e6rlig tilf\u00f8jelse til ethvert fitnessrum. <\/strong><\/p>\n<\/section>\n","protected":false},"excerpt":{"rendered":"<p>Hvis du \u00f8nsker at organisere og forbedre dit tr\u00e6ningsrum, tilbyder Evolve Hexagon Dumbbell Rack en perfekt blanding af holdbarhed, funktionalitet og kompakt design. Uanset om det er til et kommercielt fitnesscenter, en milit\u00e6rbase, en virksomheds wellnesscenter eller et fitnessrum i hjemmet, giver dette stativ en p\u00e6n og effektiv l\u00f8sning til opbevaring af h\u00e5ndv\u00e6gte. Her er grunden til, at den er et must-have for enhver fitnessentusiast eller ejer af et fitnesscenter.<\/p>\n","protected":false},"featured_media":29488,"template":"","meta":{"_acf_changed":false,"inline_featured_image":false},"product_cat":[353,977,978],"product_tag":[],"class_list":{"0":"post-29486","1":"product","2":"type-product","3":"status-publish","4":"has-post-thumbnail","6":"product_cat-forside","7":"product_cat-frie-vaegte","8":"product_cat-reoler-og-opbevaringslosninger","10":"first","11":"instock","12":"shipping-taxable","13":"purchasable","14":"product-type-simple"},"acf":[],"_links":{"self":[{"href":"https:\/\/store.evolve-fitness.eu\/da\/wp-json\/wp\/v2\/product\/29486","targetHints":{"allow":["GET"]}}],"collection":[{"href":"https:\/\/store.evolve-fitness.eu\/da\/wp-json\/wp\/v2\/product"}],"about":[{"href":"https:\/\/store.evolve-fitness.eu\/da\/wp-json\/wp\/v2\/types\/product"}],"wp:featuredmedia":[{"embeddable":true,"href":"https:\/\/store.evolve-fitness.eu\/da\/wp-json\/wp\/v2\/media\/29488"}],"wp:attachment":[{"href":"https:\/\/store.evolve-fitness.eu\/da\/wp-json\/wp\/v2\/media?parent=29486"}],"wp:term":[{"taxonomy":"product_cat","embeddable":true,"href":"https:\/\/store.evolve-fitness.eu\/da\/wp-json\/wp\/v2\/product_cat?post=29486"},{"taxonomy":"product_tag","embeddable":true,"href":"https:\/\/store.evolve-fitness.eu\/da\/wp-json\/wp\/v2\/product_tag?post=29486"}],"curies":[{"name":"wp","href":"https:\/\/api.w.org\/{rel}","templated":true}]}}