{"id":28972,"date":"2023-10-06T13:49:54","date_gmt":"2023-10-06T13:49:54","guid":{"rendered":"https:\/\/store.evolve-fitness.eu\/product\/evolve-sikkerhedssaet-til-naale-og-roer\/"},"modified":"2024-05-24T08:30:12","modified_gmt":"2024-05-24T08:30:12","slug":"evolve-sikkerhedssaet-til-naale-og-roer","status":"publish","type":"product","link":"https:\/\/store.evolve-fitness.eu\/da\/vare\/evolve-sikkerhedssaet-til-naale-og-roer\/","title":{"rendered":"Evolve sikkerhedss\u00e6t til n\u00e5le og r\u00f8r"},"content":{"rendered":"","protected":false},"excerpt":{"rendered":"<p>\u00d8g din tr\u00e6ningssikkerhed med Evolve Pin and Pipe Safety Sets. Disse essentielle s\u00e6t er designet til problemfrit at kunne integreres med din Evolve-rig og giver forbedret beskyttelse under funktionel, CrossFit, gruppe- eller individuel tr\u00e6ning. Evolve-riggsystemets modul\u00e6re design g\u00f8r det muligt at tilpasse ops\u00e6tningen til dine specifikke behov, og disse sikkerhedss\u00e6t giver et ekstra lag af sikkerhed. Oplev ro i sindet, og tag dine fitnessrutiner til det n\u00e6ste niveau med disse p\u00e5lidelige sikkerhedss\u00e6t, der f\u00e5s i praktiske s\u00e6t, s\u00e5 det er nemt for dig.<\/p>\n","protected":false},"featured_media":28978,"template":"","meta":{"_acf_changed":false,"inline_featured_image":false},"product_cat":[353,585,653,659],"product_tag":[],"class_list":{"0":"post-28972","1":"product","2":"type-product","3":"status-publish","4":"has-post-thumbnail","6":"product_cat-forside","7":"product_cat-tvaergaende-og-funktionel","8":"product_cat-komponenter-til-riggen","9":"product_cat-tilbehor","11":"first","12":"instock","13":"shipping-taxable","14":"purchasable","15":"product-type-simple"},"acf":[],"_links":{"self":[{"href":"https:\/\/store.evolve-fitness.eu\/da\/wp-json\/wp\/v2\/product\/28972","targetHints":{"allow":["GET"]}}],"collection":[{"href":"https:\/\/store.evolve-fitness.eu\/da\/wp-json\/wp\/v2\/product"}],"about":[{"href":"https:\/\/store.evolve-fitness.eu\/da\/wp-json\/wp\/v2\/types\/product"}],"wp:featuredmedia":[{"embeddable":true,"href":"https:\/\/store.evolve-fitness.eu\/da\/wp-json\/wp\/v2\/media\/28978"}],"wp:attachment":[{"href":"https:\/\/store.evolve-fitness.eu\/da\/wp-json\/wp\/v2\/media?parent=28972"}],"wp:term":[{"taxonomy":"product_cat","embeddable":true,"href":"https:\/\/store.evolve-fitness.eu\/da\/wp-json\/wp\/v2\/product_cat?post=28972"},{"taxonomy":"product_tag","embeddable":true,"href":"https:\/\/store.evolve-fitness.eu\/da\/wp-json\/wp\/v2\/product_tag?post=28972"}],"curies":[{"name":"wp","href":"https:\/\/api.w.org\/{rel}","templated":true}]}}