{"id":28658,"date":"2023-10-05T14:42:22","date_gmt":"2023-10-05T14:42:22","guid":{"rendered":"https:\/\/store.evolve-fitness.eu\/product\/evolve-lodret-stangholder\/"},"modified":"2026-01-19T12:00:08","modified_gmt":"2026-01-19T12:00:08","slug":"evolve-lodret-stangholder","status":"publish","type":"product","link":"https:\/\/store.evolve-fitness.eu\/da\/vare\/evolve-lodret-stangholder\/","title":{"rendered":"Evolve lodret stangholder"},"content":{"rendered":"","protected":false},"excerpt":{"rendered":"<p>L\u00f8ft din tr\u00e6ning med Evolve Vertical Bar Holder, en vigtig tilf\u00f8jelse til Evolve-riggsystemet. Denne modul\u00e6re holder er designet til at forbedre din funktionelle, CrossFit, gruppe- eller individuelle tr\u00e6ning. Dens alsidighed giver dig mulighed for at tilpasse din rig og fastg\u00f8re en bred vifte af tilbeh\u00f8r for at maksimere funktionaliteten. Forvandl din fitnessrutine og n\u00e5 nye h\u00f8jder med dette uundv\u00e6rlige v\u00e6rkt\u00f8j. Pris pr. stk.<\/p>\n","protected":false},"featured_media":28659,"template":"","meta":{"_acf_changed":false,"inline_featured_image":false},"product_cat":[353,585,653,659],"product_tag":[],"class_list":{"0":"post-28658","1":"product","2":"type-product","3":"status-publish","4":"has-post-thumbnail","6":"product_cat-forside","7":"product_cat-tvaergaende-og-funktionel","8":"product_cat-komponenter-til-riggen","9":"product_cat-tilbehor","11":"first","12":"instock","13":"shipping-taxable","14":"purchasable","15":"product-type-simple"},"acf":[],"_links":{"self":[{"href":"https:\/\/store.evolve-fitness.eu\/da\/wp-json\/wp\/v2\/product\/28658","targetHints":{"allow":["GET"]}}],"collection":[{"href":"https:\/\/store.evolve-fitness.eu\/da\/wp-json\/wp\/v2\/product"}],"about":[{"href":"https:\/\/store.evolve-fitness.eu\/da\/wp-json\/wp\/v2\/types\/product"}],"wp:featuredmedia":[{"embeddable":true,"href":"https:\/\/store.evolve-fitness.eu\/da\/wp-json\/wp\/v2\/media\/28659"}],"wp:attachment":[{"href":"https:\/\/store.evolve-fitness.eu\/da\/wp-json\/wp\/v2\/media?parent=28658"}],"wp:term":[{"taxonomy":"product_cat","embeddable":true,"href":"https:\/\/store.evolve-fitness.eu\/da\/wp-json\/wp\/v2\/product_cat?post=28658"},{"taxonomy":"product_tag","embeddable":true,"href":"https:\/\/store.evolve-fitness.eu\/da\/wp-json\/wp\/v2\/product_tag?post=28658"}],"curies":[{"name":"wp","href":"https:\/\/api.w.org\/{rel}","templated":true}]}}