{"id":28521,"date":"2023-10-05T14:52:39","date_gmt":"2023-10-05T14:52:39","guid":{"rendered":"https:\/\/store.evolve-fitness.eu\/product\/evolve-vaegboldmaal\/"},"modified":"2024-03-13T23:32:05","modified_gmt":"2024-03-13T23:32:05","slug":"evolve-vaegboldmaal","status":"publish","type":"product","link":"https:\/\/store.evolve-fitness.eu\/da\/vare\/evolve-vaegboldmaal\/","title":{"rendered":"Evolve v\u00e6gboldm\u00e5l"},"content":{"rendered":"","protected":false},"excerpt":{"rendered":"<p>Evolve Wall Ball Target &#8211; Long Attachment er et must-have til at udvide dine fitnesshorisonter. Dette modul\u00e6re tilbeh\u00f8r er kompatibelt med de alsidige Evolve-rigge og \u00e5bner op for nye dimensioner inden for funktionel tr\u00e6ning, CrossFit, gruppetr\u00e6ning eller individuelle sessioner. Med det brugervenlige design kan du nemt skr\u00e6ddersy din rig og montere forskelligt tilbeh\u00f8r, der forbedrer dens funktionalitet. L\u00f8ft din fitnessoplevelse, og sigt h\u00f8jere med dette vigtige v\u00e6rkt\u00f8j. Pris pr. stk.<\/p>\n","protected":false},"featured_media":28539,"template":"","meta":{"_acf_changed":false,"inline_featured_image":false},"product_cat":[585,653,659],"product_tag":[],"class_list":{"0":"post-28521","1":"product","2":"type-product","3":"status-publish","4":"has-post-thumbnail","6":"product_cat-tvaergaende-og-funktionel","7":"product_cat-komponenter-til-riggen","8":"product_cat-tilbehor","10":"first","11":"instock","12":"shipping-taxable","13":"purchasable","14":"product-type-simple"},"acf":[],"_links":{"self":[{"href":"https:\/\/store.evolve-fitness.eu\/da\/wp-json\/wp\/v2\/product\/28521","targetHints":{"allow":["GET"]}}],"collection":[{"href":"https:\/\/store.evolve-fitness.eu\/da\/wp-json\/wp\/v2\/product"}],"about":[{"href":"https:\/\/store.evolve-fitness.eu\/da\/wp-json\/wp\/v2\/types\/product"}],"wp:featuredmedia":[{"embeddable":true,"href":"https:\/\/store.evolve-fitness.eu\/da\/wp-json\/wp\/v2\/media\/28539"}],"wp:attachment":[{"href":"https:\/\/store.evolve-fitness.eu\/da\/wp-json\/wp\/v2\/media?parent=28521"}],"wp:term":[{"taxonomy":"product_cat","embeddable":true,"href":"https:\/\/store.evolve-fitness.eu\/da\/wp-json\/wp\/v2\/product_cat?post=28521"},{"taxonomy":"product_tag","embeddable":true,"href":"https:\/\/store.evolve-fitness.eu\/da\/wp-json\/wp\/v2\/product_tag?post=28521"}],"curies":[{"name":"wp","href":"https:\/\/api.w.org\/{rel}","templated":true}]}}