{"id":28459,"date":"2023-10-04T13:54:10","date_gmt":"2023-10-04T13:54:10","guid":{"rendered":"https:\/\/store.evolve-fitness.eu\/product\/evolve-dip-bar\/"},"modified":"2024-08-06T12:56:12","modified_gmt":"2024-08-06T12:56:12","slug":"evolve-dip-bar","status":"publish","type":"product","link":"https:\/\/store.evolve-fitness.eu\/da\/vare\/evolve-dip-bar\/","title":{"rendered":"Evolve Dip bar"},"content":{"rendered":"","protected":false},"excerpt":{"rendered":"<p>Evolve Dip Bar er et alsidigt fitnessredskab, der er designet til at l\u00f8fte din funktionelle tr\u00e6ning, CrossFit-sessioner, gruppetr\u00e6ning eller individuelle fitnessrutiner. Det modul\u00e6re design giver dig mulighed for at tilpasse riggen til dine specifikke behov og nemt tilf\u00f8je et v\u00e6ld af tilbeh\u00f8r, der forbedrer dens funktionalitet til det maksimale. G\u00f8r dig klar til at udvikle din fitnessrejse med dette enest\u00e5ende stykke udstyr. Pris pr. stk.  <\/p>\n","protected":false},"featured_media":28472,"template":"","meta":{"_acf_changed":false,"inline_featured_image":false},"product_cat":[353,585,653,659],"product_tag":[],"class_list":{"0":"post-28459","1":"product","2":"type-product","3":"status-publish","4":"has-post-thumbnail","6":"product_cat-forside","7":"product_cat-tvaergaende-og-funktionel","8":"product_cat-komponenter-til-riggen","9":"product_cat-tilbehor","11":"first","12":"instock","13":"shipping-taxable","14":"purchasable","15":"product-type-simple"},"acf":[],"_links":{"self":[{"href":"https:\/\/store.evolve-fitness.eu\/da\/wp-json\/wp\/v2\/product\/28459","targetHints":{"allow":["GET"]}}],"collection":[{"href":"https:\/\/store.evolve-fitness.eu\/da\/wp-json\/wp\/v2\/product"}],"about":[{"href":"https:\/\/store.evolve-fitness.eu\/da\/wp-json\/wp\/v2\/types\/product"}],"wp:featuredmedia":[{"embeddable":true,"href":"https:\/\/store.evolve-fitness.eu\/da\/wp-json\/wp\/v2\/media\/28472"}],"wp:attachment":[{"href":"https:\/\/store.evolve-fitness.eu\/da\/wp-json\/wp\/v2\/media?parent=28459"}],"wp:term":[{"taxonomy":"product_cat","embeddable":true,"href":"https:\/\/store.evolve-fitness.eu\/da\/wp-json\/wp\/v2\/product_cat?post=28459"},{"taxonomy":"product_tag","embeddable":true,"href":"https:\/\/store.evolve-fitness.eu\/da\/wp-json\/wp\/v2\/product_tag?post=28459"}],"curies":[{"name":"wp","href":"https:\/\/api.w.org\/{rel}","templated":true}]}}