{"id":28239,"date":"2023-10-05T14:26:57","date_gmt":"2023-10-05T14:26:57","guid":{"rendered":"https:\/\/store.evolve-fitness.eu\/product\/evolve-reb-baelteholder\/"},"modified":"2024-03-13T23:29:53","modified_gmt":"2024-03-13T23:29:53","slug":"evolve-reb-baelteholder","status":"publish","type":"product","link":"https:\/\/store.evolve-fitness.eu\/da\/vare\/evolve-reb-baelteholder\/","title":{"rendered":"Evolve reb\/b\u00e6lteholder"},"content":{"rendered":"","protected":false},"excerpt":{"rendered":"<p>Slip dit tr\u00e6ningspotentiale l\u00f8s med Evolve Rope \/ Belt Holder, en n\u00f8glekomponent i Evolve rig-systemet. Denne modul\u00e6re holder er designet til alsidighed og integreres problemfrit i din funktionelle, CrossFit-, gruppe- eller individuelle tr\u00e6ning. Dens tilpasningsevne giver dig mulighed for at skabe en personlig rig, der forst\u00e6rker dine tr\u00e6ningsmuligheder og funktionalitet. L\u00f8ft din fitnessrejse i dag med dette must-have tilbeh\u00f8r. Pris pr. stk.<\/p>\n","protected":false},"featured_media":28240,"template":"","meta":{"_acf_changed":false,"inline_featured_image":false},"product_cat":[353,585,653,659],"product_tag":[],"class_list":{"0":"post-28239","1":"product","2":"type-product","3":"status-publish","4":"has-post-thumbnail","6":"product_cat-forside","7":"product_cat-tvaergaende-og-funktionel","8":"product_cat-komponenter-til-riggen","9":"product_cat-tilbehor","11":"first","12":"instock","13":"shipping-taxable","14":"purchasable","15":"product-type-simple"},"acf":[],"_links":{"self":[{"href":"https:\/\/store.evolve-fitness.eu\/da\/wp-json\/wp\/v2\/product\/28239","targetHints":{"allow":["GET"]}}],"collection":[{"href":"https:\/\/store.evolve-fitness.eu\/da\/wp-json\/wp\/v2\/product"}],"about":[{"href":"https:\/\/store.evolve-fitness.eu\/da\/wp-json\/wp\/v2\/types\/product"}],"wp:featuredmedia":[{"embeddable":true,"href":"https:\/\/store.evolve-fitness.eu\/da\/wp-json\/wp\/v2\/media\/28240"}],"wp:attachment":[{"href":"https:\/\/store.evolve-fitness.eu\/da\/wp-json\/wp\/v2\/media?parent=28239"}],"wp:term":[{"taxonomy":"product_cat","embeddable":true,"href":"https:\/\/store.evolve-fitness.eu\/da\/wp-json\/wp\/v2\/product_cat?post=28239"},{"taxonomy":"product_tag","embeddable":true,"href":"https:\/\/store.evolve-fitness.eu\/da\/wp-json\/wp\/v2\/product_tag?post=28239"}],"curies":[{"name":"wp","href":"https:\/\/api.w.org\/{rel}","templated":true}]}}