{"id":27982,"date":"2023-10-04T13:45:54","date_gmt":"2023-10-04T13:45:54","guid":{"rendered":"https:\/\/store.evolve-fitness.eu\/product\/udvikle-landmine\/"},"modified":"2024-03-13T23:27:34","modified_gmt":"2024-03-13T23:27:34","slug":"udvikle-landmine","status":"publish","type":"product","link":"https:\/\/store.evolve-fitness.eu\/da\/vare\/udvikle-landmine\/","title":{"rendered":"Udvikle landmine"},"content":{"rendered":"","protected":false},"excerpt":{"rendered":"<p>Udvid dine tr\u00e6ningsmuligheder med Evolve-landmineudstyret. Dette alsidige tilbeh\u00f8r er designet til problemfrit at kunne integreres med Evolve-rigge og forbedrer funktionel fitness, crossfit, gruppetr\u00e6ning eller individuel tr\u00e6ning. Det modul\u00e6re design giver dig mulighed for at tilpasse din rig, s\u00e5 den passer til dine specifikke behov, og nemt montere forskelligt tilbeh\u00f8r. L\u00f8ft din tr\u00e6ningsoplevelse med Evolve Land Mine, der f\u00e5s til en attraktiv pris pr. styk.<\/p>\n","protected":false},"featured_media":27985,"template":"","meta":{"_acf_changed":false,"inline_featured_image":false},"product_cat":[353,585,653,659],"product_tag":[],"class_list":{"0":"post-27982","1":"product","2":"type-product","3":"status-publish","4":"has-post-thumbnail","6":"product_cat-forside","7":"product_cat-tvaergaende-og-funktionel","8":"product_cat-komponenter-til-riggen","9":"product_cat-tilbehor","11":"first","12":"instock","13":"shipping-taxable","14":"purchasable","15":"product-type-simple"},"acf":[],"_links":{"self":[{"href":"https:\/\/store.evolve-fitness.eu\/da\/wp-json\/wp\/v2\/product\/27982","targetHints":{"allow":["GET"]}}],"collection":[{"href":"https:\/\/store.evolve-fitness.eu\/da\/wp-json\/wp\/v2\/product"}],"about":[{"href":"https:\/\/store.evolve-fitness.eu\/da\/wp-json\/wp\/v2\/types\/product"}],"wp:featuredmedia":[{"embeddable":true,"href":"https:\/\/store.evolve-fitness.eu\/da\/wp-json\/wp\/v2\/media\/27985"}],"wp:attachment":[{"href":"https:\/\/store.evolve-fitness.eu\/da\/wp-json\/wp\/v2\/media?parent=27982"}],"wp:term":[{"taxonomy":"product_cat","embeddable":true,"href":"https:\/\/store.evolve-fitness.eu\/da\/wp-json\/wp\/v2\/product_cat?post=27982"},{"taxonomy":"product_tag","embeddable":true,"href":"https:\/\/store.evolve-fitness.eu\/da\/wp-json\/wp\/v2\/product_tag?post=27982"}],"curies":[{"name":"wp","href":"https:\/\/api.w.org\/{rel}","templated":true}]}}