{"id":27801,"date":"2023-10-04T13:39:05","date_gmt":"2023-10-04T13:39:05","guid":{"rendered":"https:\/\/store.evolve-fitness.eu\/product\/evolve-anker-til-reb\/"},"modified":"2024-03-13T23:24:25","modified_gmt":"2024-03-13T23:24:25","slug":"evolve-anker-til-reb","status":"publish","type":"product","link":"https:\/\/store.evolve-fitness.eu\/da\/vare\/evolve-anker-til-reb\/","title":{"rendered":"Evolve-anker til reb"},"content":{"rendered":"","protected":false},"excerpt":{"rendered":"<p>G\u00f8r din tr\u00e6ning mere alsidig med Evolve Rope Anchor. Dette uundv\u00e6rlige tilbeh\u00f8r er designet til problemfri integration med Evolve-rigge og udvider dine muligheder for funktionel fitness, crossfit, gruppesessioner eller individuel tr\u00e6ning. Det modul\u00e6re design giver dig mulighed for at tilpasse din rig, s\u00e5 den passer pr\u00e6cist til dine behov, og du kan nemt montere forskelligt tilbeh\u00f8r. Boost din tr\u00e6ningsoplevelse med dette rebanker, der f\u00e5s til en attraktiv stykpris.<\/p>\n","protected":false},"featured_media":27807,"template":"","meta":{"_acf_changed":false,"inline_featured_image":false},"product_cat":[353,585,653,659],"product_tag":[],"class_list":{"0":"post-27801","1":"product","2":"type-product","3":"status-publish","4":"has-post-thumbnail","6":"product_cat-forside","7":"product_cat-tvaergaende-og-funktionel","8":"product_cat-komponenter-til-riggen","9":"product_cat-tilbehor","11":"first","12":"instock","13":"shipping-taxable","14":"purchasable","15":"product-type-simple"},"acf":[],"_links":{"self":[{"href":"https:\/\/store.evolve-fitness.eu\/da\/wp-json\/wp\/v2\/product\/27801","targetHints":{"allow":["GET"]}}],"collection":[{"href":"https:\/\/store.evolve-fitness.eu\/da\/wp-json\/wp\/v2\/product"}],"about":[{"href":"https:\/\/store.evolve-fitness.eu\/da\/wp-json\/wp\/v2\/types\/product"}],"wp:featuredmedia":[{"embeddable":true,"href":"https:\/\/store.evolve-fitness.eu\/da\/wp-json\/wp\/v2\/media\/27807"}],"wp:attachment":[{"href":"https:\/\/store.evolve-fitness.eu\/da\/wp-json\/wp\/v2\/media?parent=27801"}],"wp:term":[{"taxonomy":"product_cat","embeddable":true,"href":"https:\/\/store.evolve-fitness.eu\/da\/wp-json\/wp\/v2\/product_cat?post=27801"},{"taxonomy":"product_tag","embeddable":true,"href":"https:\/\/store.evolve-fitness.eu\/da\/wp-json\/wp\/v2\/product_tag?post=27801"}],"curies":[{"name":"wp","href":"https:\/\/api.w.org\/{rel}","templated":true}]}}