{"id":27634,"date":"2023-10-04T13:09:56","date_gmt":"2023-10-04T13:09:56","guid":{"rendered":"https:\/\/store.evolve-fitness.eu\/product\/evolve-monolift-redskab\/"},"modified":"2024-03-13T23:24:44","modified_gmt":"2024-03-13T23:24:44","slug":"evolve-monolift-redskab","status":"publish","type":"product","link":"https:\/\/store.evolve-fitness.eu\/da\/vare\/evolve-monolift-redskab\/","title":{"rendered":"Evolve Monolift-redskab"},"content":{"rendered":"","protected":false},"excerpt":{"rendered":"<p>Tag din tr\u00e6ning til det n\u00e6ste niveau med Evolve Monolift Attachment. Dette alsidige tilbeh\u00f8r er designet til at supplere Evolve-rigge og forbedrer funktionel fitness, crossfit, gruppetr\u00e6ning eller individuel tr\u00e6ning. Med et modul\u00e6rt design kan du nemt tilpasse din rig og udvide dens muligheder ved at montere forskelligt tilbeh\u00f8r. L\u00f8ft din tr\u00e6ningsoplevelse med dette par monolift-redskaber, der f\u00e5s til en attraktiv pris.<\/p>\n","protected":false},"featured_media":27636,"template":"","meta":{"_acf_changed":false,"inline_featured_image":false},"product_cat":[353,585,653,659],"product_tag":[],"class_list":{"0":"post-27634","1":"product","2":"type-product","3":"status-publish","4":"has-post-thumbnail","6":"product_cat-forside","7":"product_cat-tvaergaende-og-funktionel","8":"product_cat-komponenter-til-riggen","9":"product_cat-tilbehor","11":"first","12":"instock","13":"shipping-taxable","14":"purchasable","15":"product-type-simple"},"acf":[],"_links":{"self":[{"href":"https:\/\/store.evolve-fitness.eu\/da\/wp-json\/wp\/v2\/product\/27634","targetHints":{"allow":["GET"]}}],"collection":[{"href":"https:\/\/store.evolve-fitness.eu\/da\/wp-json\/wp\/v2\/product"}],"about":[{"href":"https:\/\/store.evolve-fitness.eu\/da\/wp-json\/wp\/v2\/types\/product"}],"wp:featuredmedia":[{"embeddable":true,"href":"https:\/\/store.evolve-fitness.eu\/da\/wp-json\/wp\/v2\/media\/27636"}],"wp:attachment":[{"href":"https:\/\/store.evolve-fitness.eu\/da\/wp-json\/wp\/v2\/media?parent=27634"}],"wp:term":[{"taxonomy":"product_cat","embeddable":true,"href":"https:\/\/store.evolve-fitness.eu\/da\/wp-json\/wp\/v2\/product_cat?post=27634"},{"taxonomy":"product_tag","embeddable":true,"href":"https:\/\/store.evolve-fitness.eu\/da\/wp-json\/wp\/v2\/product_tag?post=27634"}],"curies":[{"name":"wp","href":"https:\/\/api.w.org\/{rel}","templated":true}]}}