{"id":27484,"date":"2023-10-04T11:10:53","date_gmt":"2023-10-04T11:10:53","guid":{"rendered":"https:\/\/store.evolve-fitness.eu\/product\/evolve-spotter-arme\/"},"modified":"2024-03-13T23:22:32","modified_gmt":"2024-03-13T23:22:32","slug":"evolve-spotter-arme","status":"publish","type":"product","link":"https:\/\/store.evolve-fitness.eu\/da\/vare\/evolve-spotter-arme\/","title":{"rendered":"Evolve spotter-arme"},"content":{"rendered":"","protected":false},"excerpt":{"rendered":"<p>\u00d8g din tr\u00e6ningssikkerhed og alsidighed med Evolve Spotter Arms. Dette vigtige tilbeh\u00f8r, der er kompatibelt med Evolve-rigge, er designet til at forbedre din tr\u00e6ning. Du kan nemt tilpasse dit udstyr og prioritere sikkerheden med dette par, alt sammen til en attraktiv pris.<\/p>\n","protected":false},"featured_media":27486,"template":"","meta":{"_acf_changed":false,"inline_featured_image":false},"product_cat":[353,585,653,659],"product_tag":[],"class_list":{"0":"post-27484","1":"product","2":"type-product","3":"status-publish","4":"has-post-thumbnail","6":"product_cat-forside","7":"product_cat-tvaergaende-og-funktionel","8":"product_cat-komponenter-til-riggen","9":"product_cat-tilbehor","11":"first","12":"instock","13":"shipping-taxable","14":"purchasable","15":"product-type-simple"},"acf":[],"_links":{"self":[{"href":"https:\/\/store.evolve-fitness.eu\/da\/wp-json\/wp\/v2\/product\/27484","targetHints":{"allow":["GET"]}}],"collection":[{"href":"https:\/\/store.evolve-fitness.eu\/da\/wp-json\/wp\/v2\/product"}],"about":[{"href":"https:\/\/store.evolve-fitness.eu\/da\/wp-json\/wp\/v2\/types\/product"}],"wp:featuredmedia":[{"embeddable":true,"href":"https:\/\/store.evolve-fitness.eu\/da\/wp-json\/wp\/v2\/media\/27486"}],"wp:attachment":[{"href":"https:\/\/store.evolve-fitness.eu\/da\/wp-json\/wp\/v2\/media?parent=27484"}],"wp:term":[{"taxonomy":"product_cat","embeddable":true,"href":"https:\/\/store.evolve-fitness.eu\/da\/wp-json\/wp\/v2\/product_cat?post=27484"},{"taxonomy":"product_tag","embeddable":true,"href":"https:\/\/store.evolve-fitness.eu\/da\/wp-json\/wp\/v2\/product_tag?post=27484"}],"curies":[{"name":"wp","href":"https:\/\/api.w.org\/{rel}","templated":true}]}}