{"id":27428,"date":"2023-10-04T10:47:22","date_gmt":"2023-10-04T10:47:22","guid":{"rendered":"https:\/\/store.evolve-fitness.eu\/product\/evolve-premium-jay-kop\/"},"modified":"2024-03-13T21:21:49","modified_gmt":"2024-03-13T21:21:49","slug":"evolve-premium-jay-kop","status":"publish","type":"product","link":"https:\/\/store.evolve-fitness.eu\/da\/vare\/evolve-premium-jay-kop\/","title":{"rendered":"Evolve Premium jay-kop"},"content":{"rendered":"\n<section class=\"wp-block-group alignfull black-content has-white-color has-darkgray-background-color has-text-color has-background is-layout-constrained wp-block-group-is-layout-constrained\" style=\"padding-top:var(--wp--preset--spacing--section-bottom);padding-bottom:var(--wp--preset--spacing--section-bottom)\">\n<div class=\"wp-block-columns alignwide mobile-reverse is-layout-flex wp-container-core-columns-is-layout-ca64bf2d wp-block-columns-is-layout-flex\" style=\"margin-bottom:var(--wp--preset--spacing--side-padding)\">\n<div class=\"wp-block-column is-vertically-aligned-center is-layout-flow wp-block-column-is-layout-flow\">\n<h3 class=\"wp-block-heading\" style=\"margin-bottom:var(--wp--preset--spacing--h-3-bottom)\">funktionel tilknytning<\/h3>\n\n\n\n<p><strong><em>Designet til Evolve-rigge<\/em><\/strong><\/p>\n\n\n\n<p style=\"margin-bottom:var(--wp--preset--spacing--tb-section-padding)\">Velegnet til at forbedre \u00f8velser i funktionel fitness, CrossFit og b\u00e5de gruppe- og individuelle tr\u00e6ningssessioner. Dens nemme tilpasningsfunktion g\u00f8r den til en alsidig tilf\u00f8jelse til enhver tr\u00e6ningsrig.<\/p>\n<\/div>\n\n\n\n<div class=\"wp-block-column is-vertically-aligned-center is-layout-flow wp-block-column-is-layout-flow\">\n<figure class=\"wp-block-image size-large\"><img decoding=\"async\" src=\"https:\/\/evolve-fitness.eu\/wp-content\/uploads\/2023\/11\/A7_08277-683x1024.jpg\" alt=\"\" class=\"wp-image-9128\"\/><\/figure>\n<\/div>\n<\/div>\n\n\n\n<div class=\"wp-block-columns alignwide is-layout-flex wp-container-core-columns-is-layout-c45ee707 wp-block-columns-is-layout-flex\" style=\"margin-bottom:var(--wp--preset--spacing--side-padding);padding-top:var(--wp--preset--spacing--side-padding)\">\n<div class=\"wp-block-column is-vertically-aligned-center is-layout-flow wp-block-column-is-layout-flow\">\n<figure class=\"wp-block-image size-large\"><img decoding=\"async\" src=\"https:\/\/evolve-fitness.eu\/wp-content\/uploads\/2023\/11\/A7_08282-1024x683.jpg\" alt=\"\" class=\"wp-image-9130\"\/><\/figure>\n<\/div>\n\n\n\n<div class=\"wp-block-column is-vertically-aligned-center is-layout-flow wp-block-column-is-layout-flow\">\n<h3 class=\"wp-block-heading\" style=\"margin-bottom:var(--wp--preset--spacing--h-3-bottom)\"><strong><strong><strong>Robust design<\/strong><\/strong><\/strong><\/h3>\n\n\n\n<p><strong><em>Sikrer stabilitet og sikkerhed under tunge l\u00f8ft<\/em><\/strong><\/p>\n\n\n\n<p style=\"margin-bottom:var(--wp--preset--spacing--tb-section-padding)\">Et vigtigt redskab til Evolve-rigge, der prim\u00e6rt bruges til styrkel\u00f8ft og olympiske l\u00f8fte\u00f8velser. Dette udstyr er bygget til at holde, og det er fremstillet af materialer af h\u00f8j kvalitet, der kan modst\u00e5 kravene fra intense tr\u00e6ningssessioner.<\/p>\n<\/div>\n<\/div>\n<\/section>\n","protected":false},"excerpt":{"rendered":"<p>L\u00f8ft din tr\u00e6ningsoplevelse med Evolve Premium Jay Cup. Den er designet til Evolve-rigge og forbedrer funktionaliteten til funktionel fitness, crossfit, gruppe- eller individuel tr\u00e6ning. Tilpas nemt dit udstyr, og maksimer alsidigheden med dette par, alt sammen til en attraktiv pris.&#8221;<\/p>\n","protected":false},"featured_media":27437,"template":"","meta":{"_acf_changed":false,"inline_featured_image":false},"product_cat":[353,585,653,659],"product_tag":[],"class_list":{"0":"post-27428","1":"product","2":"type-product","3":"status-publish","4":"has-post-thumbnail","6":"product_cat-forside","7":"product_cat-tvaergaende-og-funktionel","8":"product_cat-komponenter-til-riggen","9":"product_cat-tilbehor","11":"first","12":"instock","13":"shipping-taxable","14":"purchasable","15":"product-type-simple"},"acf":[],"_links":{"self":[{"href":"https:\/\/store.evolve-fitness.eu\/da\/wp-json\/wp\/v2\/product\/27428","targetHints":{"allow":["GET"]}}],"collection":[{"href":"https:\/\/store.evolve-fitness.eu\/da\/wp-json\/wp\/v2\/product"}],"about":[{"href":"https:\/\/store.evolve-fitness.eu\/da\/wp-json\/wp\/v2\/types\/product"}],"wp:featuredmedia":[{"embeddable":true,"href":"https:\/\/store.evolve-fitness.eu\/da\/wp-json\/wp\/v2\/media\/27437"}],"wp:attachment":[{"href":"https:\/\/store.evolve-fitness.eu\/da\/wp-json\/wp\/v2\/media?parent=27428"}],"wp:term":[{"taxonomy":"product_cat","embeddable":true,"href":"https:\/\/store.evolve-fitness.eu\/da\/wp-json\/wp\/v2\/product_cat?post=27428"},{"taxonomy":"product_tag","embeddable":true,"href":"https:\/\/store.evolve-fitness.eu\/da\/wp-json\/wp\/v2\/product_tag?post=27428"}],"curies":[{"name":"wp","href":"https:\/\/api.w.org\/{rel}","templated":true}]}}