{"id":27383,"date":"2023-10-04T10:39:24","date_gmt":"2023-10-04T10:39:24","guid":{"rendered":"https:\/\/store.evolve-fitness.eu\/product\/evolve-jammer-arme\/"},"modified":"2024-03-13T23:20:14","modified_gmt":"2024-03-13T23:20:14","slug":"evolve-jammer-arme","status":"publish","type":"product","link":"https:\/\/store.evolve-fitness.eu\/da\/vare\/evolve-jammer-arme\/","title":{"rendered":"Evolve Jammer-arme"},"content":{"rendered":"","protected":false},"excerpt":{"rendered":"<p>G\u00f8r din tr\u00e6ning mere alsidig med Evolve Jammer Arms. Dette modul\u00e6re tilbeh\u00f8r er designet til brug med Evolve-rigge og \u00e5bner d\u00f8ren til en r\u00e6kke tr\u00e6ningsmuligheder, uanset om du er til funktionel fitness, crossfit, gruppeklasser eller individuel tr\u00e6ning. Tilpas din rig, s\u00e5 den opfylder dine pr\u00e6cise behov, og udvid dens muligheder ved problemfrit at fastg\u00f8re forskelligt tilbeh\u00f8r. Oplev forbedrede tr\u00e6ningsmuligheder og str\u00f8mlinet funktionalitet med dette vigtige udstyr. Pris pr. par.<\/p>\n","protected":false},"featured_media":147990,"template":"","meta":{"_acf_changed":false,"inline_featured_image":false},"product_cat":[353,585,653,659],"product_tag":[],"class_list":{"0":"post-27383","1":"product","2":"type-product","3":"status-publish","4":"has-post-thumbnail","6":"product_cat-forside","7":"product_cat-tvaergaende-og-funktionel","8":"product_cat-komponenter-til-riggen","9":"product_cat-tilbehor","11":"first","12":"outofstock","13":"shipping-taxable","14":"purchasable","15":"product-type-simple"},"acf":[],"_links":{"self":[{"href":"https:\/\/store.evolve-fitness.eu\/da\/wp-json\/wp\/v2\/product\/27383","targetHints":{"allow":["GET"]}}],"collection":[{"href":"https:\/\/store.evolve-fitness.eu\/da\/wp-json\/wp\/v2\/product"}],"about":[{"href":"https:\/\/store.evolve-fitness.eu\/da\/wp-json\/wp\/v2\/types\/product"}],"wp:featuredmedia":[{"embeddable":true,"href":"https:\/\/store.evolve-fitness.eu\/da\/wp-json\/wp\/v2\/media\/147990"}],"wp:attachment":[{"href":"https:\/\/store.evolve-fitness.eu\/da\/wp-json\/wp\/v2\/media?parent=27383"}],"wp:term":[{"taxonomy":"product_cat","embeddable":true,"href":"https:\/\/store.evolve-fitness.eu\/da\/wp-json\/wp\/v2\/product_cat?post=27383"},{"taxonomy":"product_tag","embeddable":true,"href":"https:\/\/store.evolve-fitness.eu\/da\/wp-json\/wp\/v2\/product_tag?post=27383"}],"curies":[{"name":"wp","href":"https:\/\/api.w.org\/{rel}","templated":true}]}}