{"id":27342,"date":"2023-10-04T10:30:58","date_gmt":"2023-10-04T10:30:58","guid":{"rendered":"https:\/\/store.evolve-fitness.eu\/product\/evolve-vaegtskiveholder-2\/"},"modified":"2024-08-06T11:30:57","modified_gmt":"2024-08-06T11:30:57","slug":"evolve-vaegtskiveholder-2","status":"publish","type":"product","link":"https:\/\/store.evolve-fitness.eu\/da\/vare\/evolve-vaegtskiveholder-2\/","title":{"rendered":"Evolve v\u00e6gtskiveholder, 50 mm (2)"},"content":{"rendered":"","protected":false},"excerpt":{"rendered":"<p>Maksimer din tr\u00e6ningsplads med Evolve Weight Plate Holder. Dette modul\u00e6re tilbeh\u00f8r er designet til at supplere Evolve-rigge og giver dig mulighed for at tilpasse dit tr\u00e6ningsmilj\u00f8 til funktionel, crossfit, gruppe- eller individuel tr\u00e6ning. Med det alsidige design kan du skr\u00e6ddersy din rig til netop dine behov og forst\u00e6rke dens funktionalitet ved nemt at tilf\u00f8je forskelligt tilbeh\u00f8r. Oplev det ultimative inden for organisering og effektivitet. Pris pr. stk.  <\/p>\n","protected":false},"featured_media":147412,"template":"","meta":{"_acf_changed":false,"inline_featured_image":false},"product_cat":[353,585,653,702],"product_tag":[],"class_list":{"0":"post-27342","1":"product","2":"type-product","3":"status-publish","4":"has-post-thumbnail","6":"product_cat-forside","7":"product_cat-tvaergaende-og-funktionel","8":"product_cat-komponenter-til-riggen","9":"product_cat-opbevaring","11":"first","12":"instock","13":"shipping-taxable","14":"purchasable","15":"product-type-simple"},"acf":[],"_links":{"self":[{"href":"https:\/\/store.evolve-fitness.eu\/da\/wp-json\/wp\/v2\/product\/27342","targetHints":{"allow":["GET"]}}],"collection":[{"href":"https:\/\/store.evolve-fitness.eu\/da\/wp-json\/wp\/v2\/product"}],"about":[{"href":"https:\/\/store.evolve-fitness.eu\/da\/wp-json\/wp\/v2\/types\/product"}],"wp:featuredmedia":[{"embeddable":true,"href":"https:\/\/store.evolve-fitness.eu\/da\/wp-json\/wp\/v2\/media\/147412"}],"wp:attachment":[{"href":"https:\/\/store.evolve-fitness.eu\/da\/wp-json\/wp\/v2\/media?parent=27342"}],"wp:term":[{"taxonomy":"product_cat","embeddable":true,"href":"https:\/\/store.evolve-fitness.eu\/da\/wp-json\/wp\/v2\/product_cat?post=27342"},{"taxonomy":"product_tag","embeddable":true,"href":"https:\/\/store.evolve-fitness.eu\/da\/wp-json\/wp\/v2\/product_tag?post=27342"}],"curies":[{"name":"wp","href":"https:\/\/api.w.org\/{rel}","templated":true}]}}