{"id":26892,"date":"2023-10-04T06:13:04","date_gmt":"2023-10-04T06:13:04","guid":{"rendered":"https:\/\/store.evolve-fitness.eu\/product\/evolve-wall-opbevaring-af-kugler-og-kofangerplader-1100-1800-mm\/"},"modified":"2026-04-04T12:00:43","modified_gmt":"2026-04-04T12:00:43","slug":"evolve-wall-opbevaring-af-kugler-og-kofangerplader-1100-1800-mm","status":"publish","type":"product","link":"https:\/\/store.evolve-fitness.eu\/da\/vare\/evolve-wall-opbevaring-af-kugler-og-kofangerplader-1100-1800-mm\/","title":{"rendered":"Evolve opbevaring af v\u00e6gkugler og kofangerplader &#8211; 1100 \/ 1800 mm"},"content":{"rendered":"","protected":false},"excerpt":{"rendered":"<p>Forbedr dit fitnessrum med vores alsidige Evolve Wall Ball and Bumper Plate Storage-l\u00f8sning, der f\u00e5s i to praktiske l\u00e6ngder: 1100 mm og 1800 mm. Disse modulopbyggede rigge er designet til funktionel tr\u00e6ning, crossfit, gruppetr\u00e6ning eller individuel tr\u00e6ning og kan tilpasses til dine specifikke behov. Med muligheden for at fastg\u00f8re en bred vifte af tilbeh\u00f8r kan du ubesv\u00e6ret l\u00f8fte din tr\u00e6ningsoplevelse. Invester i et mere organiseret og effektivt tr\u00e6ningsomr\u00e5de med dette uundv\u00e6rlige udstyr, der er designet til at holde din plads fri for rod og din tr\u00e6ning i topform.<\/p>\n","protected":false},"featured_media":26903,"template":"","meta":{"_acf_changed":false,"inline_featured_image":false},"product_cat":[353,585,653,702],"product_tag":[],"class_list":{"0":"post-26892","1":"product","2":"type-product","3":"status-publish","4":"has-post-thumbnail","6":"product_cat-forside","7":"product_cat-tvaergaende-og-funktionel","8":"product_cat-komponenter-til-riggen","9":"product_cat-opbevaring","11":"first","12":"instock","13":"shipping-taxable","14":"purchasable","15":"product-type-variable"},"acf":[],"_links":{"self":[{"href":"https:\/\/store.evolve-fitness.eu\/da\/wp-json\/wp\/v2\/product\/26892","targetHints":{"allow":["GET"]}}],"collection":[{"href":"https:\/\/store.evolve-fitness.eu\/da\/wp-json\/wp\/v2\/product"}],"about":[{"href":"https:\/\/store.evolve-fitness.eu\/da\/wp-json\/wp\/v2\/types\/product"}],"wp:featuredmedia":[{"embeddable":true,"href":"https:\/\/store.evolve-fitness.eu\/da\/wp-json\/wp\/v2\/media\/26903"}],"wp:attachment":[{"href":"https:\/\/store.evolve-fitness.eu\/da\/wp-json\/wp\/v2\/media?parent=26892"}],"wp:term":[{"taxonomy":"product_cat","embeddable":true,"href":"https:\/\/store.evolve-fitness.eu\/da\/wp-json\/wp\/v2\/product_cat?post=26892"},{"taxonomy":"product_tag","embeddable":true,"href":"https:\/\/store.evolve-fitness.eu\/da\/wp-json\/wp\/v2\/product_tag?post=26892"}],"curies":[{"name":"wp","href":"https:\/\/api.w.org\/{rel}","templated":true}]}}