{"id":26736,"date":"2023-10-03T11:38:23","date_gmt":"2023-10-03T11:38:23","guid":{"rendered":"https:\/\/store.evolve-fitness.eu\/product\/evolve-multi-pull-up-bar-1100-mm\/"},"modified":"2024-03-13T23:14:29","modified_gmt":"2024-03-13T23:14:29","slug":"evolve-multi-pull-up-bar-1100-mm","status":"publish","type":"product","link":"https:\/\/store.evolve-fitness.eu\/da\/vare\/evolve-multi-pull-up-bar-1100-mm\/","title":{"rendered":"Evolve Multi pull up bar &#8211; 1100 mm"},"content":{"rendered":"","protected":false},"excerpt":{"rendered":"<p>L\u00f8ft din tr\u00e6ning med Evolve Multi Pull Up Bar, en alsidig 1100 mm tilf\u00f8jelse til din Evolve-rig. Denne multifunktionelle stang er designet til at forbedre funktionel, crossfit, gruppe- eller individuel tr\u00e6ning og er udstyret med et modul\u00e6rt design til tilpassede ops\u00e6tninger og tilbeh\u00f8rskompatibilitet. Pris pr. stk. Forvandl din fitnessrutine med Evolve Multi Pull Up Bar i dag, og \u00e5bn op for en verden af tr\u00e6ningsmuligheder.<\/p>\n","protected":false},"featured_media":26738,"template":"","meta":{"_acf_changed":false,"inline_featured_image":false},"product_cat":[353,585,653,957],"product_tag":[],"class_list":{"0":"post-26736","1":"product","2":"type-product","3":"status-publish","4":"has-post-thumbnail","6":"product_cat-forside","7":"product_cat-tvaergaende-og-funktionel","8":"product_cat-komponenter-til-riggen","9":"product_cat-vigtigste-dele","11":"first","12":"instock","13":"shipping-taxable","14":"purchasable","15":"product-type-simple"},"acf":[],"_links":{"self":[{"href":"https:\/\/store.evolve-fitness.eu\/da\/wp-json\/wp\/v2\/product\/26736","targetHints":{"allow":["GET"]}}],"collection":[{"href":"https:\/\/store.evolve-fitness.eu\/da\/wp-json\/wp\/v2\/product"}],"about":[{"href":"https:\/\/store.evolve-fitness.eu\/da\/wp-json\/wp\/v2\/types\/product"}],"wp:featuredmedia":[{"embeddable":true,"href":"https:\/\/store.evolve-fitness.eu\/da\/wp-json\/wp\/v2\/media\/26738"}],"wp:attachment":[{"href":"https:\/\/store.evolve-fitness.eu\/da\/wp-json\/wp\/v2\/media?parent=26736"}],"wp:term":[{"taxonomy":"product_cat","embeddable":true,"href":"https:\/\/store.evolve-fitness.eu\/da\/wp-json\/wp\/v2\/product_cat?post=26736"},{"taxonomy":"product_tag","embeddable":true,"href":"https:\/\/store.evolve-fitness.eu\/da\/wp-json\/wp\/v2\/product_tag?post=26736"}],"curies":[{"name":"wp","href":"https:\/\/api.w.org\/{rel}","templated":true}]}}