{"id":26602,"date":"2023-10-03T11:32:43","date_gmt":"2023-10-03T11:32:43","guid":{"rendered":"https:\/\/store.evolve-fitness.eu\/product\/evolve-trawler\/"},"modified":"2024-08-06T10:45:35","modified_gmt":"2024-08-06T10:45:35","slug":"evolve-trawler","status":"publish","type":"product","link":"https:\/\/store.evolve-fitness.eu\/da\/vare\/evolve-trawler\/","title":{"rendered":"Evolve trawler"},"content":{"rendered":"","protected":false},"excerpt":{"rendered":"<p>G\u00f8r din tr\u00e6ning mere alsidig med Evolve Trawler, en 750 mm tilf\u00f8jelse til din Evolve-rig. Denne alsidige komponent er designet til at l\u00f8fte funktionel, crossfit, gruppe- eller individuel tr\u00e6ning og har et modul\u00e6rt design til tilpassede ops\u00e6tninger og tilbeh\u00f8rskompatibilitet. Pris pr. stk. Dyk ned i en forbedret fitnessoplevelse med Evolve Trawler i dag!  <\/p>\n","protected":false},"featured_media":26612,"template":"","meta":{"_acf_changed":false,"inline_featured_image":false},"product_cat":[353,585,653,957],"product_tag":[],"class_list":{"0":"post-26602","1":"product","2":"type-product","3":"status-publish","4":"has-post-thumbnail","6":"product_cat-forside","7":"product_cat-tvaergaende-og-funktionel","8":"product_cat-komponenter-til-riggen","9":"product_cat-vigtigste-dele","11":"first","12":"instock","13":"shipping-taxable","14":"purchasable","15":"product-type-simple"},"acf":[],"_links":{"self":[{"href":"https:\/\/store.evolve-fitness.eu\/da\/wp-json\/wp\/v2\/product\/26602","targetHints":{"allow":["GET"]}}],"collection":[{"href":"https:\/\/store.evolve-fitness.eu\/da\/wp-json\/wp\/v2\/product"}],"about":[{"href":"https:\/\/store.evolve-fitness.eu\/da\/wp-json\/wp\/v2\/types\/product"}],"wp:featuredmedia":[{"embeddable":true,"href":"https:\/\/store.evolve-fitness.eu\/da\/wp-json\/wp\/v2\/media\/26612"}],"wp:attachment":[{"href":"https:\/\/store.evolve-fitness.eu\/da\/wp-json\/wp\/v2\/media?parent=26602"}],"wp:term":[{"taxonomy":"product_cat","embeddable":true,"href":"https:\/\/store.evolve-fitness.eu\/da\/wp-json\/wp\/v2\/product_cat?post=26602"},{"taxonomy":"product_tag","embeddable":true,"href":"https:\/\/store.evolve-fitness.eu\/da\/wp-json\/wp\/v2\/product_tag?post=26602"}],"curies":[{"name":"wp","href":"https:\/\/api.w.org\/{rel}","templated":true}]}}