{"id":26524,"date":"2023-10-03T11:25:56","date_gmt":"2023-10-03T11:25:56","guid":{"rendered":"https:\/\/store.evolve-fitness.eu\/product\/evolve-flyvende-stang-1100-1800-mm\/"},"modified":"2026-03-13T12:02:21","modified_gmt":"2026-03-13T12:02:21","slug":"evolve-flyvende-stang-1100-1800-mm","status":"publish","type":"product","link":"https:\/\/store.evolve-fitness.eu\/da\/vare\/evolve-flyvende-stang-1100-1800-mm\/","title":{"rendered":"Evolve Flying Bar 1100 \/ 1800 mm"},"content":{"rendered":"","protected":false},"excerpt":{"rendered":"<p>L\u00f8ft din tr\u00e6ningsoplevelse med Evolve Flying Bar, der f\u00e5s i to l\u00e6ngder: 1100 mm og 1800 mm. Denne alsidige stang er designet til at supplere Evolve-rigge og styrker funktionel tr\u00e6ning, crossfit, gruppetr\u00e6ning eller individuel tr\u00e6ning. Det modul\u00e6re design og tilbeh\u00f8rskompatibiliteten giver fleksibilitet til at skabe en skr\u00e6ddersyet fitnessops\u00e6tning, der passer til dine behov. Pris pr. stk. Sv\u00e6v til nye h\u00f8jder i din fitnessrejse med Evolve Flying Bar i dag!<\/p>\n","protected":false},"featured_media":26533,"template":"","meta":{"_acf_changed":false,"inline_featured_image":false},"product_cat":[353,585,653,957],"product_tag":[],"class_list":{"0":"post-26524","1":"product","2":"type-product","3":"status-publish","4":"has-post-thumbnail","6":"product_cat-forside","7":"product_cat-tvaergaende-og-funktionel","8":"product_cat-komponenter-til-riggen","9":"product_cat-vigtigste-dele","11":"first","12":"instock","13":"shipping-taxable","14":"purchasable","15":"product-type-variable"},"acf":[],"_links":{"self":[{"href":"https:\/\/store.evolve-fitness.eu\/da\/wp-json\/wp\/v2\/product\/26524","targetHints":{"allow":["GET"]}}],"collection":[{"href":"https:\/\/store.evolve-fitness.eu\/da\/wp-json\/wp\/v2\/product"}],"about":[{"href":"https:\/\/store.evolve-fitness.eu\/da\/wp-json\/wp\/v2\/types\/product"}],"wp:featuredmedia":[{"embeddable":true,"href":"https:\/\/store.evolve-fitness.eu\/da\/wp-json\/wp\/v2\/media\/26533"}],"wp:attachment":[{"href":"https:\/\/store.evolve-fitness.eu\/da\/wp-json\/wp\/v2\/media?parent=26524"}],"wp:term":[{"taxonomy":"product_cat","embeddable":true,"href":"https:\/\/store.evolve-fitness.eu\/da\/wp-json\/wp\/v2\/product_cat?post=26524"},{"taxonomy":"product_tag","embeddable":true,"href":"https:\/\/store.evolve-fitness.eu\/da\/wp-json\/wp\/v2\/product_tag?post=26524"}],"curies":[{"name":"wp","href":"https:\/\/api.w.org\/{rel}","templated":true}]}}