{"id":26332,"date":"2023-10-03T10:53:56","date_gmt":"2023-10-03T10:53:56","guid":{"rendered":"https:\/\/store.evolve-fitness.eu\/product\/evolve-kort-forbindelsesramme-380-512-mm\/"},"modified":"2026-04-04T12:00:42","modified_gmt":"2026-04-04T12:00:42","slug":"evolve-kort-forbindelsesramme-380-512-mm","status":"publish","type":"product","link":"https:\/\/store.evolve-fitness.eu\/da\/vare\/evolve-kort-forbindelsesramme-380-512-mm\/","title":{"rendered":"Evolve kort tilslutningsramme &#8211; 380 \/ 512 mm"},"content":{"rendered":"","protected":false},"excerpt":{"rendered":"<p>G\u00f8r din fitness mere alsidig med Evolve Short Connection Frame, der f\u00e5s i to l\u00e6ngder: 380 mm og 512 mm. Denne ramme er designet til brug med Evolve-rigge og forbedrer funktionel, crossfit, gruppe- eller individuel tr\u00e6ning. Det modul\u00e6re design og tilbeh\u00f8rskompatibiliteten giver fleksibilitet til at tilpasse din fitnessops\u00e6tning. Pris pr. stk. Udvikl din tr\u00e6ning med Short Connection Frame i dag!<\/p>\n","protected":false},"featured_media":26340,"template":"","meta":{"_acf_changed":false,"inline_featured_image":false},"product_cat":[353,585,653,957],"product_tag":[],"class_list":{"0":"post-26332","1":"product","2":"type-product","3":"status-publish","4":"has-post-thumbnail","6":"product_cat-forside","7":"product_cat-tvaergaende-og-funktionel","8":"product_cat-komponenter-til-riggen","9":"product_cat-vigtigste-dele","11":"first","12":"instock","13":"shipping-taxable","14":"purchasable","15":"product-type-variable"},"acf":[],"_links":{"self":[{"href":"https:\/\/store.evolve-fitness.eu\/da\/wp-json\/wp\/v2\/product\/26332","targetHints":{"allow":["GET"]}}],"collection":[{"href":"https:\/\/store.evolve-fitness.eu\/da\/wp-json\/wp\/v2\/product"}],"about":[{"href":"https:\/\/store.evolve-fitness.eu\/da\/wp-json\/wp\/v2\/types\/product"}],"wp:featuredmedia":[{"embeddable":true,"href":"https:\/\/store.evolve-fitness.eu\/da\/wp-json\/wp\/v2\/media\/26340"}],"wp:attachment":[{"href":"https:\/\/store.evolve-fitness.eu\/da\/wp-json\/wp\/v2\/media?parent=26332"}],"wp:term":[{"taxonomy":"product_cat","embeddable":true,"href":"https:\/\/store.evolve-fitness.eu\/da\/wp-json\/wp\/v2\/product_cat?post=26332"},{"taxonomy":"product_tag","embeddable":true,"href":"https:\/\/store.evolve-fitness.eu\/da\/wp-json\/wp\/v2\/product_tag?post=26332"}],"curies":[{"name":"wp","href":"https:\/\/api.w.org\/{rel}","templated":true}]}}