{"id":26162,"date":"2023-10-03T11:17:17","date_gmt":"2023-10-03T11:17:17","guid":{"rendered":"https:\/\/store.evolve-fitness.eu\/product\/evolve-face-mount-pull-up-bar-1200-mm\/"},"modified":"2024-03-13T23:11:35","modified_gmt":"2024-03-13T23:11:35","slug":"evolve-face-mount-pull-up-bar-1200-mm","status":"publish","type":"product","link":"https:\/\/store.evolve-fitness.eu\/da\/vare\/evolve-face-mount-pull-up-bar-1200-mm\/","title":{"rendered":"Evolve face mount pull up bar 1200 mm"},"content":{"rendered":"","protected":false},"excerpt":{"rendered":"<p>L\u00f8ft din tr\u00e6ningsrutine med Evolve Face Mount Pull Up Bar, der m\u00e5ler 1200 mm i l\u00e6ngden. Denne pull-up-bar er designet til brug med Evolve-rigge og forbedrer funktionel, crossfit, gruppe- eller individuel tr\u00e6ning. Dens modul\u00e6re design og tilbeh\u00f8rskompatibilitet giver fleksibilitet til at skr\u00e6ddersy din fitnessops\u00e6tning. Pris pr. stk. Opgrader dit fitnessspil med Evolve Face Mount Pull Up Bar i dag!<\/p>\n","protected":false},"featured_media":26186,"template":"","meta":{"_acf_changed":false,"inline_featured_image":false},"product_cat":[353,585,653,957],"product_tag":[],"class_list":{"0":"post-26162","1":"product","2":"type-product","3":"status-publish","4":"has-post-thumbnail","6":"product_cat-forside","7":"product_cat-tvaergaende-og-funktionel","8":"product_cat-komponenter-til-riggen","9":"product_cat-vigtigste-dele","11":"first","12":"instock","13":"shipping-taxable","14":"purchasable","15":"product-type-simple"},"acf":[],"_links":{"self":[{"href":"https:\/\/store.evolve-fitness.eu\/da\/wp-json\/wp\/v2\/product\/26162","targetHints":{"allow":["GET"]}}],"collection":[{"href":"https:\/\/store.evolve-fitness.eu\/da\/wp-json\/wp\/v2\/product"}],"about":[{"href":"https:\/\/store.evolve-fitness.eu\/da\/wp-json\/wp\/v2\/types\/product"}],"wp:featuredmedia":[{"embeddable":true,"href":"https:\/\/store.evolve-fitness.eu\/da\/wp-json\/wp\/v2\/media\/26186"}],"wp:attachment":[{"href":"https:\/\/store.evolve-fitness.eu\/da\/wp-json\/wp\/v2\/media?parent=26162"}],"wp:term":[{"taxonomy":"product_cat","embeddable":true,"href":"https:\/\/store.evolve-fitness.eu\/da\/wp-json\/wp\/v2\/product_cat?post=26162"},{"taxonomy":"product_tag","embeddable":true,"href":"https:\/\/store.evolve-fitness.eu\/da\/wp-json\/wp\/v2\/product_tag?post=26162"}],"curies":[{"name":"wp","href":"https:\/\/api.w.org\/{rel}","templated":true}]}}