{"id":26131,"date":"2023-10-03T10:27:52","date_gmt":"2023-10-03T10:27:52","guid":{"rendered":"https:\/\/store.evolve-fitness.eu\/product\/evolve-tvaerstang-1100-1800-mm\/"},"modified":"2026-03-24T11:59:16","modified_gmt":"2026-03-24T11:59:16","slug":"evolve-tvaerstang-1100-1800-mm","status":"publish","type":"product","link":"https:\/\/store.evolve-fitness.eu\/da\/vare\/evolve-tvaerstang-1100-1800-mm\/","title":{"rendered":"Evolve tv\u00e6rstang &#8211; 1100 \/ 1800 mm"},"content":{"rendered":"","protected":false},"excerpt":{"rendered":"<p>G\u00f8r din tr\u00e6ning mere alsidig med Evolve Cross Bar, der f\u00e5s i l\u00e6ngderne 1100 mm og 1800 mm. Denne stang er designet til at supplere Evolve-rigge og muligg\u00f8r forskellige funktionelle, crossfit-, gruppe- eller individuelle tr\u00e6ninger. Med sit modul\u00e6re design og kompatibilitet med tilbeh\u00f8r giver Evolve Cross Bar fleksibilitet til at optimere din tr\u00e6ningsrutine. Pris pr. stk. L\u00f8ft dit fitnessspil i dag!<\/p>\n","protected":false},"featured_media":149241,"template":"","meta":{"_acf_changed":false,"inline_featured_image":false},"product_cat":[353,585,653,957],"product_tag":[],"class_list":{"0":"post-26131","1":"product","2":"type-product","3":"status-publish","4":"has-post-thumbnail","6":"product_cat-forside","7":"product_cat-tvaergaende-og-funktionel","8":"product_cat-komponenter-til-riggen","9":"product_cat-vigtigste-dele","11":"first","12":"instock","13":"shipping-taxable","14":"product-type-simple"},"acf":[],"_links":{"self":[{"href":"https:\/\/store.evolve-fitness.eu\/da\/wp-json\/wp\/v2\/product\/26131","targetHints":{"allow":["GET"]}}],"collection":[{"href":"https:\/\/store.evolve-fitness.eu\/da\/wp-json\/wp\/v2\/product"}],"about":[{"href":"https:\/\/store.evolve-fitness.eu\/da\/wp-json\/wp\/v2\/types\/product"}],"wp:featuredmedia":[{"embeddable":true,"href":"https:\/\/store.evolve-fitness.eu\/da\/wp-json\/wp\/v2\/media\/149241"}],"wp:attachment":[{"href":"https:\/\/store.evolve-fitness.eu\/da\/wp-json\/wp\/v2\/media?parent=26131"}],"wp:term":[{"taxonomy":"product_cat","embeddable":true,"href":"https:\/\/store.evolve-fitness.eu\/da\/wp-json\/wp\/v2\/product_cat?post=26131"},{"taxonomy":"product_tag","embeddable":true,"href":"https:\/\/store.evolve-fitness.eu\/da\/wp-json\/wp\/v2\/product_tag?post=26131"}],"curies":[{"name":"wp","href":"https:\/\/api.w.org\/{rel}","templated":true}]}}