{"id":26014,"date":"2023-10-03T10:08:00","date_gmt":"2023-10-03T10:08:00","guid":{"rendered":"https:\/\/store.evolve-fitness.eu\/product\/evolve-trekantsstang-1100-1800-mm\/"},"modified":"2025-11-07T11:24:06","modified_gmt":"2025-11-07T11:24:06","slug":"evolve-trekantsstang-1100-1800-mm","status":"publish","type":"product","link":"https:\/\/store.evolve-fitness.eu\/da\/vare\/evolve-trekantsstang-1100-1800-mm\/","title":{"rendered":"Evolve trekantsstang &#8211; 1100 \/ 1800 mm"},"content":{"rendered":"","protected":false},"excerpt":{"rendered":"<p>Opgrader din fitnessrutine med Evolve Triangle Bar, der f\u00e5s i l\u00e6ngderne 1100 mm og 1800 mm. Denne alsidige bar er designet til at forbedre funktionel, crossfit, gruppe- eller individuel tr\u00e6ning sammen med Evolve-rigge, og dens modul\u00e6re design og tilbeh\u00f8rskompatibilitet giver fleksibilitet til din tr\u00e6ning. Pris pr. stk. L\u00f8ft din fitnessrejse nu!<\/p>\n","protected":false},"featured_media":26020,"template":"","meta":{"_acf_changed":false,"inline_featured_image":false},"product_cat":[353,585,653,957],"product_tag":[],"class_list":{"0":"post-26014","1":"product","2":"type-product","3":"status-publish","4":"has-post-thumbnail","6":"product_cat-forside","7":"product_cat-tvaergaende-og-funktionel","8":"product_cat-komponenter-til-riggen","9":"product_cat-vigtigste-dele","11":"first","12":"outofstock","13":"shipping-taxable","14":"purchasable","15":"product-type-variable"},"acf":[],"_links":{"self":[{"href":"https:\/\/store.evolve-fitness.eu\/da\/wp-json\/wp\/v2\/product\/26014","targetHints":{"allow":["GET"]}}],"collection":[{"href":"https:\/\/store.evolve-fitness.eu\/da\/wp-json\/wp\/v2\/product"}],"about":[{"href":"https:\/\/store.evolve-fitness.eu\/da\/wp-json\/wp\/v2\/types\/product"}],"wp:featuredmedia":[{"embeddable":true,"href":"https:\/\/store.evolve-fitness.eu\/da\/wp-json\/wp\/v2\/media\/26020"}],"wp:attachment":[{"href":"https:\/\/store.evolve-fitness.eu\/da\/wp-json\/wp\/v2\/media?parent=26014"}],"wp:term":[{"taxonomy":"product_cat","embeddable":true,"href":"https:\/\/store.evolve-fitness.eu\/da\/wp-json\/wp\/v2\/product_cat?post=26014"},{"taxonomy":"product_tag","embeddable":true,"href":"https:\/\/store.evolve-fitness.eu\/da\/wp-json\/wp\/v2\/product_tag?post=26014"}],"curies":[{"name":"wp","href":"https:\/\/api.w.org\/{rel}","templated":true}]}}