{"id":25790,"date":"2023-10-03T08:51:01","date_gmt":"2023-10-03T08:51:01","guid":{"rendered":"https:\/\/store.evolve-fitness.eu\/product\/evolve-multifunktionel-bjaelke-1100-1800-mm\/"},"modified":"2026-04-04T12:00:42","modified_gmt":"2026-04-04T12:00:42","slug":"evolve-multifunktionel-bjaelke-1100-1800-mm","status":"publish","type":"product","link":"https:\/\/store.evolve-fitness.eu\/da\/vare\/evolve-multifunktionel-bjaelke-1100-1800-mm\/","title":{"rendered":"Evolve multifunktionel bj\u00e6lke &#8211; 1100 \/ 1800 mm"},"content":{"rendered":"","protected":false},"excerpt":{"rendered":"<p>Forbedr din tr\u00e6ning med Evolve Multifunctional Beam, der f\u00e5s i l\u00e6ngderne 1100 mm og 1800 mm. Denne alsidige bj\u00e6lke er designet til brug med Evolve-rigge og muligg\u00f8r forskellig funktionel, crossfit-, gruppe- eller individuel tr\u00e6ning. Med sit modul\u00e6re design og kompatibilitet med tilbeh\u00f8r giver Evolve Multifunctional Beam fleksibilitet til at l\u00f8fte din fitnessrutine. Pris pr. stk. L\u00f8ft din kondition i dag!<\/p>\n","protected":false},"featured_media":25798,"template":"","meta":{"_acf_changed":false,"inline_featured_image":false},"product_cat":[353,585,653,957],"product_tag":[],"class_list":{"0":"post-25790","1":"product","2":"type-product","3":"status-publish","4":"has-post-thumbnail","6":"product_cat-forside","7":"product_cat-tvaergaende-og-funktionel","8":"product_cat-komponenter-til-riggen","9":"product_cat-vigtigste-dele","11":"first","12":"instock","13":"shipping-taxable","14":"purchasable","15":"product-type-variable"},"acf":[],"_links":{"self":[{"href":"https:\/\/store.evolve-fitness.eu\/da\/wp-json\/wp\/v2\/product\/25790","targetHints":{"allow":["GET"]}}],"collection":[{"href":"https:\/\/store.evolve-fitness.eu\/da\/wp-json\/wp\/v2\/product"}],"about":[{"href":"https:\/\/store.evolve-fitness.eu\/da\/wp-json\/wp\/v2\/types\/product"}],"wp:featuredmedia":[{"embeddable":true,"href":"https:\/\/store.evolve-fitness.eu\/da\/wp-json\/wp\/v2\/media\/25798"}],"wp:attachment":[{"href":"https:\/\/store.evolve-fitness.eu\/da\/wp-json\/wp\/v2\/media?parent=25790"}],"wp:term":[{"taxonomy":"product_cat","embeddable":true,"href":"https:\/\/store.evolve-fitness.eu\/da\/wp-json\/wp\/v2\/product_cat?post=25790"},{"taxonomy":"product_tag","embeddable":true,"href":"https:\/\/store.evolve-fitness.eu\/da\/wp-json\/wp\/v2\/product_tag?post=25790"}],"curies":[{"name":"wp","href":"https:\/\/api.w.org\/{rel}","templated":true}]}}