{"id":25466,"date":"2023-10-03T08:37:30","date_gmt":"2023-10-03T08:37:30","guid":{"rendered":"https:\/\/store.evolve-fitness.eu\/product\/evolve-dobbelt-monkey-bar-1100-mm-1800-mm\/"},"modified":"2026-04-02T12:00:50","modified_gmt":"2026-04-02T12:00:50","slug":"evolve-dobbelt-monkey-bar-1100-mm-1800-mm","status":"publish","type":"product","link":"https:\/\/store.evolve-fitness.eu\/da\/vare\/evolve-dobbelt-monkey-bar-1100-mm-1800-mm\/","title":{"rendered":"Evolve Double Monkey Bar &#8211; 1100 mm \/ 1800 mm"},"content":{"rendered":"","protected":false},"excerpt":{"rendered":"<p>Opgrader din tr\u00e6ning med Evolve Double Monkey Bar, der f\u00e5s i l\u00e6ngderne 1100 mm eller 1800 mm. Disse st\u00e6nger er designet til Evolve-rigge og l\u00f8fter din funktionelle tr\u00e6ning, crossfit, gruppe- eller solotr\u00e6ning. Med en robust diameter p\u00e5 32 mm og kompatibilitet med tilbeh\u00f8r forbedrer Evolve Double Monkey Bar din fitnessrutine. Pris pr. stk. L\u00f8ft dit fitnessspil i dag.<\/p>\n","protected":false},"featured_media":25479,"template":"","meta":{"_acf_changed":false,"inline_featured_image":false},"product_cat":[353,585,653,957],"product_tag":[],"class_list":{"0":"post-25466","1":"product","2":"type-product","3":"status-publish","4":"has-post-thumbnail","6":"product_cat-forside","7":"product_cat-tvaergaende-og-funktionel","8":"product_cat-komponenter-til-riggen","9":"product_cat-vigtigste-dele","11":"first","12":"instock","13":"shipping-taxable","14":"purchasable","15":"product-type-variable"},"acf":[],"_links":{"self":[{"href":"https:\/\/store.evolve-fitness.eu\/da\/wp-json\/wp\/v2\/product\/25466","targetHints":{"allow":["GET"]}}],"collection":[{"href":"https:\/\/store.evolve-fitness.eu\/da\/wp-json\/wp\/v2\/product"}],"about":[{"href":"https:\/\/store.evolve-fitness.eu\/da\/wp-json\/wp\/v2\/types\/product"}],"wp:featuredmedia":[{"embeddable":true,"href":"https:\/\/store.evolve-fitness.eu\/da\/wp-json\/wp\/v2\/media\/25479"}],"wp:attachment":[{"href":"https:\/\/store.evolve-fitness.eu\/da\/wp-json\/wp\/v2\/media?parent=25466"}],"wp:term":[{"taxonomy":"product_cat","embeddable":true,"href":"https:\/\/store.evolve-fitness.eu\/da\/wp-json\/wp\/v2\/product_cat?post=25466"},{"taxonomy":"product_tag","embeddable":true,"href":"https:\/\/store.evolve-fitness.eu\/da\/wp-json\/wp\/v2\/product_tag?post=25466"}],"curies":[{"name":"wp","href":"https:\/\/api.w.org\/{rel}","templated":true}]}}