{"id":24872,"date":"2023-10-02T14:44:57","date_gmt":"2023-10-02T14:44:57","guid":{"rendered":"https:\/\/store.evolve-fitness.eu\/product\/evolve-vaegmonteret-stativ\/"},"modified":"2024-08-01T10:06:24","modified_gmt":"2024-08-01T10:06:24","slug":"evolve-vaegmonteret-stativ","status":"publish","type":"product","link":"https:\/\/store.evolve-fitness.eu\/da\/vare\/evolve-vaegmonteret-stativ\/","title":{"rendered":"Evolve v\u00e6gmonteret stativ"},"content":{"rendered":"","protected":false},"excerpt":{"rendered":"<p>L\u00f8ft din styrketr\u00e6ningsrutine med Evolve v\u00e6gmonteret multifunktionelt stangstativ. Dette pladsbesparende stativ er designet til alsidige v\u00e6gtstangs\u00f8velser og har dedikerede punkter til opbevaring og fastg\u00f8relse af modstandsb\u00e5nd og tr\u00e6ningstilbeh\u00f8r. Dette v\u00e6gmonterede stativ er ideelt til kompakte rum og sikrer bekvemmelighed og tilg\u00e6ngelighed til en r\u00e6kke forskellige v\u00e6gtstangstr\u00e6ninger. Forbedr dit fitnessprogram ved at maksimere funktionalitet og organisering med Evolve v\u00e6gmonteret multifunktionelt stangstativ, der tilbyder en problemfri l\u00f8sning til v\u00e6gtstangsentusiaster, der s\u00f8ger en kompakt og effektiv tr\u00e6ningsops\u00e6tning.<\/p>\n","protected":false},"featured_media":24914,"template":"","meta":{"_acf_changed":false,"inline_featured_image":false},"product_cat":[353,585,933],"product_tag":[],"class_list":{"0":"post-24872","1":"product","2":"type-product","3":"status-publish","4":"has-post-thumbnail","6":"product_cat-forside","7":"product_cat-tvaergaende-og-funktionel","8":"product_cat-vaegbeslag","10":"first","11":"instock","12":"shipping-taxable","13":"purchasable","14":"product-type-simple"},"acf":[],"_links":{"self":[{"href":"https:\/\/store.evolve-fitness.eu\/da\/wp-json\/wp\/v2\/product\/24872","targetHints":{"allow":["GET"]}}],"collection":[{"href":"https:\/\/store.evolve-fitness.eu\/da\/wp-json\/wp\/v2\/product"}],"about":[{"href":"https:\/\/store.evolve-fitness.eu\/da\/wp-json\/wp\/v2\/types\/product"}],"wp:featuredmedia":[{"embeddable":true,"href":"https:\/\/store.evolve-fitness.eu\/da\/wp-json\/wp\/v2\/media\/24914"}],"wp:attachment":[{"href":"https:\/\/store.evolve-fitness.eu\/da\/wp-json\/wp\/v2\/media?parent=24872"}],"wp:term":[{"taxonomy":"product_cat","embeddable":true,"href":"https:\/\/store.evolve-fitness.eu\/da\/wp-json\/wp\/v2\/product_cat?post=24872"},{"taxonomy":"product_tag","embeddable":true,"href":"https:\/\/store.evolve-fitness.eu\/da\/wp-json\/wp\/v2\/product_tag?post=24872"}],"curies":[{"name":"wp","href":"https:\/\/api.w.org\/{rel}","templated":true}]}}