{"id":23011,"date":"2023-09-27T12:19:50","date_gmt":"2023-09-27T12:19:50","guid":{"rendered":"https:\/\/store.evolve-fitness.eu\/product\/evolve-loebebaand-med-lcd-konsol\/"},"modified":"2025-03-06T13:51:58","modified_gmt":"2025-03-06T13:51:58","slug":"evolve-loebebaand-med-lcd-konsol","status":"publish","type":"product","link":"https:\/\/store.evolve-fitness.eu\/da\/vare\/evolve-loebebaand-med-lcd-konsol\/","title":{"rendered":"Evolve l\u00f8beb\u00e5nd med LCD-konsol"},"content":{"rendered":"\n<section class=\"wp-block-group alignfull black-content has-white-color has-darkgray-background-color has-text-color has-background is-layout-constrained wp-block-group-is-layout-constrained\" style=\"padding-top:var(--wp--preset--spacing--section-bottom);padding-bottom:var(--wp--preset--spacing--section-bottom)\">\n<div class=\"wp-block-columns alignwide mobile-reverse is-layout-flex wp-container-core-columns-is-layout-ca64bf2d wp-block-columns-is-layout-flex\" style=\"margin-bottom:var(--wp--preset--spacing--side-padding)\">\n<div class=\"wp-block-column is-vertically-aligned-center is-layout-flow wp-block-column-is-layout-flow\">\n<h3 class=\"wp-block-heading\" style=\"margin-bottom:var(--wp--preset--spacing--h-3-bottom)\"><strong>Avanceret st\u00f8dd\u00e6mpning<\/strong><\/h3>\n\n\n\n<p><strong><em><strong>Beskyt dine led<\/strong><\/em><\/strong><\/p>\n\n\n\n<p style=\"margin-bottom:var(--wp--preset--spacing--tb-section-padding)\">Vores l\u00f8beb\u00e5nds l\u00f8beflade er udstyret med et avanceret d\u00e6mpningssystem, der giver overlegen st\u00f8dabsorbering og sikrer, at dine kn\u00e6 og led er godt beskyttede. Denne teknologi giver dine skridt et ekstra l\u00f8ft og giver ikke kun sikkerhed, men ogs\u00e5 komfort under din tr\u00e6ning.<\/p>\n\n\n\n<h3 class=\"wp-block-heading\" style=\"margin-bottom:var(--wp--preset--spacing--h-3-bottom)\"><strong>Sikkerhed f\u00f8rst<\/strong><\/h3>\n\n\n\n<p><strong><em>Bliv i zonen<\/em><\/strong><\/p>\n\n\n\n<p>L\u00f8beb\u00e5ndets d\u00e6k er udstyret med gel\u00e6ndere p\u00e5 begge sider af hensyn til din sikkerhed. Disse skinner er d\u00e6kket af et skridsikkert m\u00f8nster og fungerer som en sikker zone, hvor du kan genvinde fodf\u00e6stet i tilf\u00e6lde af en n\u00f8dsituation og forhindre potentielle ulykker.<\/p>\n<\/div>\n\n\n\n<div class=\"wp-block-column is-vertically-aligned-center is-layout-flow wp-block-column-is-layout-flow\">\n<figure class=\"wp-block-video\"><video height=\"2560\" style=\"aspect-ratio: 2560 \/ 2560;\" width=\"2560\" autoplay=\"\" controls=\"\" loop=\"\" muted=\"\" src=\"https:\/\/evolve-fitness.eu\/wp-content\/uploads\/2024\/07\/2-2.mp4\"><\/video><\/figure>\n<\/div>\n<\/div>\n\n\n\n<div class=\"wp-block-columns alignwide is-layout-flex wp-container-core-columns-is-layout-c45ee707 wp-block-columns-is-layout-flex\" style=\"margin-bottom:var(--wp--preset--spacing--side-padding);padding-top:var(--wp--preset--spacing--side-padding)\">\n<div class=\"wp-block-column is-vertically-aligned-center is-layout-flow wp-block-column-is-layout-flow\">\n<figure class=\"wp-block-image size-full is-style-default\"><img loading=\"lazy\" decoding=\"async\" width=\"1080\" height=\"1080\" src=\"https:\/\/store.evolve-fitness.eu\/wp-content\/uploads\/2024\/06\/Dizainas-be-pavadinimo-2-6.png\" alt=\"\" class=\"wp-image-81542\" srcset=\"https:\/\/store.evolve-fitness.eu\/wp-content\/uploads\/2024\/06\/Dizainas-be-pavadinimo-2-6.png 1080w, https:\/\/store.evolve-fitness.eu\/wp-content\/uploads\/2024\/06\/Dizainas-be-pavadinimo-2-6-300x300.png 300w, https:\/\/store.evolve-fitness.eu\/wp-content\/uploads\/2024\/06\/Dizainas-be-pavadinimo-2-6-1024x1024.png 1024w, https:\/\/store.evolve-fitness.eu\/wp-content\/uploads\/2024\/06\/Dizainas-be-pavadinimo-2-6-150x150.png 150w, https:\/\/store.evolve-fitness.eu\/wp-content\/uploads\/2024\/06\/Dizainas-be-pavadinimo-2-6-768x768.png 768w, https:\/\/store.evolve-fitness.eu\/wp-content\/uploads\/2024\/06\/Dizainas-be-pavadinimo-2-6-600x600.png 600w, https:\/\/store.evolve-fitness.eu\/wp-content\/uploads\/2024\/06\/Dizainas-be-pavadinimo-2-6-100x100.png 100w\" sizes=\"auto, (max-width: 1080px) 100vw, 1080px\" \/><\/figure>\n<\/div>\n\n\n\n<div class=\"wp-block-column is-vertically-aligned-center is-layout-flow wp-block-column-is-layout-flow\">\n<h3 class=\"wp-block-heading\" style=\"margin-bottom:var(--wp--preset--spacing--h-3-bottom)\"><strong>Bygget til stabilitet<\/strong><\/h3>\n\n\n\n<p><strong><em>Maks. brugerv\u00e6gt p\u00e5 150 kg<\/em><\/strong><\/p>\n\n\n\n<p style=\"margin-bottom:var(--wp--preset--spacing--tb-section-padding)\">Vores holdbare og sikre ramme overg\u00e5r hjemmebrugernes forventninger. Den vejer 89 kg og kan holde til brugerv\u00e6gte p\u00e5 op til 150 kg. Det avancerede, stilfulde design giver bem\u00e6rkelsesv\u00e6rdig stabilitet selv under de mest intense tr\u00e6ningssessioner.<\/p>\n<\/div>\n<\/div>\n\n\n\n<div class=\"wp-block-columns alignwide are-vertically-aligned-center mobile-reverse is-layout-flex wp-container-core-columns-is-layout-e8158c2f wp-block-columns-is-layout-flex\" style=\"padding-top:var(--wp--preset--spacing--side-padding)\">\n<div class=\"wp-block-column is-vertically-aligned-center is-layout-flow wp-block-column-is-layout-flow\">\n<h3 class=\"wp-block-heading\" style=\"margin-bottom:var(--wp--preset--spacing--h-3-bottom)\"><strong><strong>H\u00e6ldning for intensitet<\/strong><\/strong><\/h3>\n\n\n\n<p><strong><em><strong>Elektronisk 0-15% h\u00e6ldning<\/strong><\/em><\/strong><\/p>\n\n\n\n<p style=\"margin-bottom:var(--wp--preset--spacing--tb-section-padding)\">Oplev alsidig tr\u00e6ning med vores elektroniske h\u00e6ldningsjustering. En motor l\u00f8fter ubesv\u00e6ret platformen til det \u00f8nskede niveau og tilbyder stigninger p\u00e5 op til 15%. Med denne funktion kan du skr\u00e6ddersy dine tr\u00e6ningspas til forskellige intensitetsniveauer, fra rask gang til hjertebankende l\u00f8beture.<\/p>\n<\/div>\n\n\n\n<div class=\"wp-block-column is-vertically-aligned-center is-layout-flow wp-block-column-is-layout-flow\">\n<figure class=\"wp-block-image size-full is-style-default\"><img loading=\"lazy\" decoding=\"async\" width=\"2060\" height=\"1373\" src=\"https:\/\/store.evolve-fitness.eu\/wp-content\/uploads\/2024\/06\/1360-x-520-mm-3.png\" alt=\"\" class=\"wp-image-81366\" srcset=\"https:\/\/store.evolve-fitness.eu\/wp-content\/uploads\/2024\/06\/1360-x-520-mm-3.png 2060w, https:\/\/store.evolve-fitness.eu\/wp-content\/uploads\/2024\/06\/1360-x-520-mm-3-300x200.png 300w, https:\/\/store.evolve-fitness.eu\/wp-content\/uploads\/2024\/06\/1360-x-520-mm-3-1024x683.png 1024w, https:\/\/store.evolve-fitness.eu\/wp-content\/uploads\/2024\/06\/1360-x-520-mm-3-768x512.png 768w, https:\/\/store.evolve-fitness.eu\/wp-content\/uploads\/2024\/06\/1360-x-520-mm-3-1536x1024.png 1536w, https:\/\/store.evolve-fitness.eu\/wp-content\/uploads\/2024\/06\/1360-x-520-mm-3-2048x1365.png 2048w, https:\/\/store.evolve-fitness.eu\/wp-content\/uploads\/2024\/06\/1360-x-520-mm-3-600x400.png 600w\" sizes=\"auto, (max-width: 2060px) 100vw, 2060px\" \/><\/figure>\n<\/div>\n<\/div>\n\n\n\n<section class=\"wp-block-group alignfull black-content has-white-color has-darkgray-background-color has-text-color has-background is-layout-constrained wp-block-group-is-layout-constrained\" style=\"padding-top:var(--wp--preset--spacing--section-bottom);padding-bottom:var(--wp--preset--spacing--section-bottom)\">\n<div class=\"wp-block-columns alignwide is-layout-flex wp-container-core-columns-is-layout-ca64bf2d wp-block-columns-is-layout-flex\" style=\"margin-bottom:var(--wp--preset--spacing--side-padding)\">\n<div class=\"wp-block-column is-vertically-aligned-center is-layout-flow wp-block-column-is-layout-flow\">\n<figure class=\"wp-block-image size-full is-resized is-style-default\"><img decoding=\"async\" src=\"https:\/\/evolve.adoras.lt\/wp-content\/uploads\/2023\/08\/222.jpg\" alt=\"\" class=\"wp-image-2552\" style=\"width:861px;height:auto\"\/><\/figure>\n<\/div>\n\n\n\n<div class=\"wp-block-column is-vertically-aligned-center is-layout-flow wp-block-column-is-layout-flow\">\n<h3 class=\"wp-block-heading\" style=\"margin-bottom:var(--wp--preset--spacing--h-3-bottom)\"><strong><strong>Kraftfuld og st\u00f8jsvag<\/strong><\/strong><\/h3>\n\n\n\n<p><strong><em><strong>4 HK Maks. effekt<\/strong><\/em><\/strong><\/p>\n\n\n\n<p style=\"margin-bottom:var(--wp--preset--spacing--tb-section-padding)\">L\u00f8beb\u00e5ndet har en 2,5 HK motor med kontinuerlig drift, der genererer imponerende 4 HK ved maksimal effekt. Den robuste motor sikrer en j\u00e6vn og vedvarende ydelse, selv under intens tr\u00e6ning. Is\u00e6r er den st\u00f8jsvag med kun 60 dB, hvilket g\u00f8r den perfekt til hjemmebrugere, der nyder musik eller tv under tr\u00e6ningen.<\/p>\n<\/div>\n<\/div>\n\n\n\n<div class=\"wp-block-columns alignwide mobile-reverse is-layout-flex wp-container-core-columns-is-layout-c45ee707 wp-block-columns-is-layout-flex\" style=\"margin-bottom:var(--wp--preset--spacing--side-padding);padding-top:var(--wp--preset--spacing--side-padding)\">\n<div class=\"wp-block-column is-vertically-aligned-center is-layout-flow wp-block-column-is-layout-flow\">\n<h3 class=\"wp-block-heading\" style=\"margin-bottom:var(--wp--preset--spacing--h-3-bottom)\"><strong><strong><strong>Skub dine gr\u00e6nser<\/strong><\/strong><\/strong><\/h3>\n\n\n\n<p><strong><em><strong>Maks. hastighed &#8211; 18 KM\/H<\/strong><\/em><\/strong><\/p>\n\n\n\n<p>Maksimer din hastighed og udholdenhed med en tophastighed p\u00e5 18 km\/t. Det brede hastighedsomr\u00e5de passer til alt fra afslappede g\u00e5ture til h\u00f8jintensiv intervaltr\u00e6ning, s\u00e5 du kan overg\u00e5 dine fitnessm\u00e5l.<\/p>\n\n\n\n<h3 class=\"wp-block-heading\" style=\"margin-bottom:var(--wp--preset--spacing--h-3-bottom)\"><strong><strong><strong><strong>Nem justering<\/strong><\/strong><\/strong><\/strong><\/h3>\n\n\n\n<p><strong><em><strong><strong>Brugervenlig gr\u00e6nseflade<\/strong><\/strong><\/em><\/strong><\/p>\n\n\n\n<p>Vores brugervenlige design placerer hastigheds-, h\u00e6ldnings- og indstillingskontrol bekvemt inden for r\u00e6kkevidde. Du kan nemt \u00e6ndre dine tr\u00e6ningsparametre ved hj\u00e6lp af de intuitive touch-knapper p\u00e5 forsiden.<\/p>\n<\/div>\n\n\n\n<div class=\"wp-block-column is-vertically-aligned-center is-layout-flow wp-block-column-is-layout-flow\">\n<figure class=\"wp-block-image size-full is-style-default\"><img decoding=\"async\" src=\"https:\/\/evolve.adoras.lt\/wp-content\/uploads\/2023\/08\/EV-HT-250-7.jpg\" alt=\"\" class=\"wp-image-2516\"\/><\/figure>\n<\/div>\n<\/div>\n\n\n\n<div class=\"wp-block-columns alignwide are-vertically-aligned-center is-layout-flex wp-container-core-columns-is-layout-e8158c2f wp-block-columns-is-layout-flex\" style=\"padding-top:var(--wp--preset--spacing--side-padding)\">\n<div class=\"wp-block-column is-vertically-aligned-center is-layout-flow wp-block-column-is-layout-flow\">\n<figure class=\"wp-block-video\"><video height=\"2160\" style=\"aspect-ratio: 3840 \/ 2160;\" width=\"3840\" controls=\"\" src=\"https:\/\/store.evolve-fitness.eu\/wp-content\/uploads\/2024\/06\/hart.mp4\"><\/video><\/figure>\n<\/div>\n\n\n\n<div class=\"wp-block-column is-vertically-aligned-center is-layout-flow wp-block-column-is-layout-flow\">\n<h3 class=\"wp-block-heading\" style=\"margin-bottom:var(--wp--preset--spacing--h-3-bottom)\"><strong><strong>Pulsm\u00e5ling<\/strong><\/strong><\/h3>\n\n\n\n<p><strong><em><strong>Smart Fitness<\/strong><\/em><\/strong><\/p>\n\n\n\n<p style=\"margin-bottom:var(--wp--preset--spacing--tb-section-padding)\">Overv\u00e5g din puls for at optimere din tr\u00e6ningsoplevelse. At m\u00e5le din puls hj\u00e6lper dig ikke kun med at undg\u00e5 overanstrengelse, men giver dig ogs\u00e5 mulighed for at n\u00e5 specifikke fitnesszoner, hvilket \u00f8ger effektiviteten af din kardiovaskul\u00e6re tr\u00e6ning og dine kalorieforbr\u00e6ndingssessioner.<\/p>\n<\/div>\n<\/div>\n\n\n\n<div class=\"wp-block-columns alignwide are-vertically-aligned-center is-layout-flex wp-container-core-columns-is-layout-e8158c2f wp-block-columns-is-layout-flex\" style=\"padding-top:var(--wp--preset--spacing--side-padding)\">\n<div class=\"wp-block-column is-vertically-aligned-center is-layout-flow wp-block-column-is-layout-flow\">\n<h3 class=\"wp-block-heading\" style=\"margin-bottom:var(--wp--preset--spacing--h-3-bottom)\"><strong><strong><strong>Hold dig hydreret<\/strong><\/strong><\/strong><\/h3>\n\n\n\n<p><strong><em><strong>Holder til vandflaske og tilbeh\u00f8r<\/strong><\/em><\/strong><\/p>\n\n\n\n<p style=\"margin-bottom:var(--wp--preset--spacing--tb-section-padding)\">Hold dig forfrisket under hele tr\u00e6ningen med vores integrerede holdere. Specialdesignede rum med skridsikre m\u00f8nstre sikrer, at din yndlingsdrik og dit tr\u00e6ningstilbeh\u00f8r er inden for r\u00e6kkevidde.<\/p>\n<\/div>\n\n\n\n<div class=\"wp-block-column is-vertically-aligned-center is-layout-flow wp-block-column-is-layout-flow\">\n<figure class=\"wp-block-image size-large\"><img loading=\"lazy\" decoding=\"async\" width=\"683\" height=\"1024\" src=\"https:\/\/store.evolve-fitness.eu\/wp-content\/uploads\/2024\/06\/EV-HT-250-Evolve-Treadmill-with-LCD-Console-13-683x1024.jpg\" alt=\"\" class=\"wp-image-76308\" srcset=\"https:\/\/store.evolve-fitness.eu\/wp-content\/uploads\/2024\/06\/EV-HT-250-Evolve-Treadmill-with-LCD-Console-13-683x1024.jpg 683w, https:\/\/store.evolve-fitness.eu\/wp-content\/uploads\/2024\/06\/EV-HT-250-Evolve-Treadmill-with-LCD-Console-13-200x300.jpg 200w, https:\/\/store.evolve-fitness.eu\/wp-content\/uploads\/2024\/06\/EV-HT-250-Evolve-Treadmill-with-LCD-Console-13-768x1152.jpg 768w, https:\/\/store.evolve-fitness.eu\/wp-content\/uploads\/2024\/06\/EV-HT-250-Evolve-Treadmill-with-LCD-Console-13-1024x1536.jpg 1024w, https:\/\/store.evolve-fitness.eu\/wp-content\/uploads\/2024\/06\/EV-HT-250-Evolve-Treadmill-with-LCD-Console-13-1365x2048.jpg 1365w, https:\/\/store.evolve-fitness.eu\/wp-content\/uploads\/2024\/06\/EV-HT-250-Evolve-Treadmill-with-LCD-Console-13-600x900.jpg 600w, https:\/\/store.evolve-fitness.eu\/wp-content\/uploads\/2024\/06\/EV-HT-250-Evolve-Treadmill-with-LCD-Console-13.jpg 1373w\" sizes=\"auto, (max-width: 683px) 100vw, 683px\" \/><\/figure>\n<\/div>\n<\/div>\n\n\n\n<div class=\"wp-block-columns alignwide are-vertically-aligned-center is-layout-flex wp-container-core-columns-is-layout-e8158c2f wp-block-columns-is-layout-flex\" style=\"padding-top:var(--wp--preset--spacing--side-padding)\">\n<div class=\"wp-block-column is-vertically-aligned-center is-layout-flow wp-block-column-is-layout-flow\">\n<figure class=\"wp-block-video\"><video height=\"2160\" style=\"aspect-ratio: 3840 \/ 2160;\" width=\"3840\" controls=\"\" src=\"https:\/\/store.evolve-fitness.eu\/wp-content\/uploads\/2024\/06\/safety-key.mp4\"><\/video><\/figure>\n<\/div>\n\n\n\n<div class=\"wp-block-column is-vertically-aligned-center is-layout-flow wp-block-column-is-layout-flow\">\n<h3 class=\"wp-block-heading\" style=\"margin-bottom:var(--wp--preset--spacing--h-3-bottom)\"><strong><strong><strong>Sikkerhedsn\u00f8gle<\/strong><\/strong><\/strong><\/h3>\n\n\n\n<p><strong><em><strong><strong>Sikkerhed i hvert skridt<\/strong><\/strong><\/em><\/strong><\/p>\n\n\n\n<p style=\"margin-bottom:var(--wp--preset--spacing--tb-section-padding)\">Priorit\u00e9r sikkerheden ved at fastg\u00f8re den r\u00f8de n\u00f8gle til dit t\u00f8j f\u00f8r hver tr\u00e6ning. I n\u00f8dstilf\u00e6lde kobles sikkerhedsn\u00f8glen fra, og l\u00f8beb\u00e5ndet standser \u00f8jeblikkeligt. Din sikkerhed er vores st\u00f8rste bekymring.<\/p>\n<\/div>\n<\/div>\n\n\n\n<div class=\"wp-block-columns alignwide are-vertically-aligned-center is-layout-flex wp-container-core-columns-is-layout-e8158c2f wp-block-columns-is-layout-flex\" style=\"padding-top:var(--wp--preset--spacing--side-padding)\">\n<div class=\"wp-block-column is-vertically-aligned-center is-layout-flow wp-block-column-is-layout-flow\">\n<h3 class=\"wp-block-heading\" style=\"margin-bottom:var(--wp--preset--spacing--h-3-bottom)\"><strong><strong><strong><strong>Holdbart b\u00e6lte<\/strong><\/strong><\/strong><\/strong><\/h3>\n\n\n\n<p><strong><em><strong><strong>Beskyt dine led<\/strong><\/strong><\/em><\/strong><\/p>\n\n\n\n<p style=\"margin-bottom:var(--wp--preset--spacing--tb-section-padding)\">L\u00f8beb\u00e6ltet best\u00e5r af syv lag, hvor det \u00f8verste lag har et diamantformet m\u00f8nster. Disse funktioner giver overlegen ledbeskyttelse, \u00f8ger holdbarheden og sikrer lang levetid.<\/p>\n<\/div>\n\n\n\n<div class=\"wp-block-column is-vertically-aligned-center is-layout-flow wp-block-column-is-layout-flow\">\n<figure class=\"wp-block-image size-full is-resized is-style-default\"><img loading=\"lazy\" decoding=\"async\" width=\"2060\" height=\"1373\" src=\"https:\/\/store.evolve-fitness.eu\/wp-content\/uploads\/2024\/06\/1360-x-520-mm-5.png\" alt=\"\" class=\"wp-image-81517\" style=\"width:849px;height:auto\" srcset=\"https:\/\/store.evolve-fitness.eu\/wp-content\/uploads\/2024\/06\/1360-x-520-mm-5.png 2060w, https:\/\/store.evolve-fitness.eu\/wp-content\/uploads\/2024\/06\/1360-x-520-mm-5-300x200.png 300w, https:\/\/store.evolve-fitness.eu\/wp-content\/uploads\/2024\/06\/1360-x-520-mm-5-1024x683.png 1024w, https:\/\/store.evolve-fitness.eu\/wp-content\/uploads\/2024\/06\/1360-x-520-mm-5-768x512.png 768w, https:\/\/store.evolve-fitness.eu\/wp-content\/uploads\/2024\/06\/1360-x-520-mm-5-1536x1024.png 1536w, https:\/\/store.evolve-fitness.eu\/wp-content\/uploads\/2024\/06\/1360-x-520-mm-5-2048x1365.png 2048w, https:\/\/store.evolve-fitness.eu\/wp-content\/uploads\/2024\/06\/1360-x-520-mm-5-600x400.png 600w\" sizes=\"auto, (max-width: 2060px) 100vw, 2060px\" \/><\/figure>\n<\/div>\n<\/div>\n\n\n\n<div class=\"wp-block-columns alignwide are-vertically-aligned-center is-layout-flex wp-container-core-columns-is-layout-e8158c2f wp-block-columns-is-layout-flex\" style=\"padding-top:var(--wp--preset--spacing--side-padding)\">\n<div class=\"wp-block-column is-vertically-aligned-center is-layout-flow wp-block-column-is-layout-flow\">\n<figure class=\"wp-block-image size-full is-style-default\"><img loading=\"lazy\" decoding=\"async\" width=\"790\" height=\"888\" src=\"https:\/\/store.evolve-fitness.eu\/wp-content\/uploads\/2024\/06\/EV-HT-250-Evolve-Treadmill-With-LCD-Console-1-2.png\" alt=\"\" class=\"wp-image-81492\" srcset=\"https:\/\/store.evolve-fitness.eu\/wp-content\/uploads\/2024\/06\/EV-HT-250-Evolve-Treadmill-With-LCD-Console-1-2.png 790w, https:\/\/store.evolve-fitness.eu\/wp-content\/uploads\/2024\/06\/EV-HT-250-Evolve-Treadmill-With-LCD-Console-1-2-267x300.png 267w, https:\/\/store.evolve-fitness.eu\/wp-content\/uploads\/2024\/06\/EV-HT-250-Evolve-Treadmill-With-LCD-Console-1-2-768x863.png 768w, https:\/\/store.evolve-fitness.eu\/wp-content\/uploads\/2024\/06\/EV-HT-250-Evolve-Treadmill-With-LCD-Console-1-2-600x674.png 600w\" sizes=\"auto, (max-width: 790px) 100vw, 790px\" \/><\/figure>\n<\/div>\n\n\n\n<div class=\"wp-block-column is-vertically-aligned-center is-layout-flow wp-block-column-is-layout-flow\">\n<h3 class=\"wp-block-heading\" style=\"margin-bottom:var(--wp--preset--spacing--h-3-bottom)\"><strong><strong><strong><strong><strong>Informativ konsol<\/strong><\/strong><\/strong><\/strong><\/strong><\/h3>\n\n\n\n<p><strong><em><strong><strong>F\u00f8lg dine fremskridt<\/strong><\/strong><\/em><\/strong><\/p>\n\n\n\n<p style=\"margin-bottom:var(--wp--preset--spacing--tb-section-padding)\">Vores LCD-konsol giver data i realtid om hastighed, distance, tid, kalorieforbr\u00e6nding og puls, s\u00e5 du kan holde dig informeret og motiveret under hele tr\u00e6ningen.<\/p>\n\n\n\n<h3 class=\"wp-block-heading\" style=\"margin-bottom:var(--wp--preset--spacing--h-3-bottom)\"><strong><strong><strong><strong><strong><strong>Alsidige programmer<\/strong><\/strong><\/strong><\/strong><\/strong><\/strong><\/h3>\n\n\n\n<p><strong><em><strong><strong>Skr\u00e6ddersyet tr\u00e6ning<\/strong><\/strong><\/em><\/strong><\/p>\n\n\n\n<p style=\"margin-bottom:var(--wp--preset--spacing--tb-section-padding)\">Opn\u00e5 dine fitnessm\u00e5l med lethed ved hj\u00e6lp af l\u00f8beb\u00e5ndets 12 integrerede tr\u00e6ningsprogrammer. Disse programmer tilf\u00f8jer et motiverende boost og variation til din tr\u00e6ning. Desuden giver brugerprogramindstillingen dig mulighed for at skabe din egen tr\u00e6ningsrutine.<\/p>\n\n\n\n<h3 class=\"wp-block-heading\" style=\"margin-bottom:var(--wp--preset--spacing--h-3-bottom)\"><strong><strong><strong><strong><strong><strong>Musikalsk motivation<\/strong><\/strong><\/strong><\/strong><\/strong><\/strong><\/h3>\n\n\n\n<p><strong><em><strong><strong>MP3-indgang med h\u00f8jttalere<\/strong><\/strong><\/em><\/strong><\/p>\n\n\n\n<p style=\"margin-bottom:var(--wp--preset--spacing--tb-section-padding)\">G\u00f8r din tr\u00e6ning endnu bedre ved at lytte til din yndlingsmusik via vores MP3-indgang og integrerede h\u00f8jttalere. Groov til dine melodier, og hold det perfekte tempo under dine tr\u00e6ningspas.<\/p>\n<\/div>\n<\/div>\n\n\n\n<div class=\"wp-block-columns alignwide are-vertically-aligned-center is-layout-flex wp-container-core-columns-is-layout-e8158c2f wp-block-columns-is-layout-flex\" style=\"padding-top:var(--wp--preset--spacing--side-padding)\">\n<div class=\"wp-block-column is-vertically-aligned-center is-layout-flow wp-block-column-is-layout-flow\">\n<h3 class=\"wp-block-heading\" style=\"margin-bottom:var(--wp--preset--spacing--h-3-bottom)\"><strong><strong><strong><strong><strong><strong>Plads til at strejfe omkring<\/strong><\/strong><\/strong><\/strong><\/strong><\/strong><\/h3>\n\n\n\n<p><strong><em><strong><strong>Rummelig l\u00f8beplatform<\/strong><\/strong><\/em><\/strong><\/p>\n\n\n\n<p style=\"margin-bottom:var(--wp--preset--spacing--tb-section-padding)\">Nyd en behagelig tr\u00e6ningsoplevelse i vores brede l\u00f8beomr\u00e5de, der m\u00e5ler 1360 x 520 mm. Den giver rigelig plads, selv til h\u00f8je brugere, og sikrer, at din tr\u00e6ning er behagelig og behagelig.<\/p>\n<\/div>\n\n\n\n<div class=\"wp-block-column is-vertically-aligned-center is-layout-flow wp-block-column-is-layout-flow\">\n<figure class=\"wp-block-image size-full is-style-default\"><img decoding=\"async\" src=\"https:\/\/evolve-fitness.eu\/wp-content\/uploads\/2023\/08\/EN-RUNNING-AREA.png\" alt=\"\" class=\"wp-image-150511\"\/><\/figure>\n<\/div>\n<\/div>\n\n\n\n<div class=\"wp-block-columns alignwide are-vertically-aligned-center is-layout-flex wp-container-core-columns-is-layout-e8158c2f wp-block-columns-is-layout-flex\" style=\"padding-top:var(--wp--preset--spacing--side-padding)\">\n<div class=\"wp-block-column is-vertically-aligned-center is-layout-flow wp-block-column-is-layout-flow\">\n<figure class=\"wp-block-image size-large\"><img loading=\"lazy\" decoding=\"async\" width=\"1024\" height=\"683\" src=\"https:\/\/store.evolve-fitness.eu\/wp-content\/uploads\/2024\/06\/1360-x-520-mm-1-1024x683.png\" alt=\"\" class=\"wp-image-81391\" srcset=\"https:\/\/store.evolve-fitness.eu\/wp-content\/uploads\/2024\/06\/1360-x-520-mm-1-1024x683.png 1024w, https:\/\/store.evolve-fitness.eu\/wp-content\/uploads\/2024\/06\/1360-x-520-mm-1-300x200.png 300w, https:\/\/store.evolve-fitness.eu\/wp-content\/uploads\/2024\/06\/1360-x-520-mm-1-768x512.png 768w, https:\/\/store.evolve-fitness.eu\/wp-content\/uploads\/2024\/06\/1360-x-520-mm-1-1536x1024.png 1536w, https:\/\/store.evolve-fitness.eu\/wp-content\/uploads\/2024\/06\/1360-x-520-mm-1-2048x1365.png 2048w, https:\/\/store.evolve-fitness.eu\/wp-content\/uploads\/2024\/06\/1360-x-520-mm-1-600x400.png 600w\" sizes=\"auto, (max-width: 1024px) 100vw, 1024px\" \/><\/figure>\n<\/div>\n\n\n\n<div class=\"wp-block-column is-vertically-aligned-center is-layout-flow wp-block-column-is-layout-flow\">\n<h3 class=\"wp-block-heading\" style=\"margin-bottom:var(--wp--preset--spacing--h-3-bottom)\"><strong><strong><strong><strong><strong><strong><strong>Pladsbesparende design<\/strong><\/strong><\/strong><\/strong><\/strong><\/strong><\/strong><\/h3>\n\n\n\n<p><strong><em><strong><strong>Sammenklappelig ramme<\/strong><\/strong><\/em><\/strong><\/p>\n\n\n\n<p style=\"margin-bottom:var(--wp--preset--spacing--tb-section-padding)\">Efter hver tr\u00e6ning kan du nemt folde l\u00f8beb\u00e5ndet sammen og flytte det til et andet sted med de indbyggede transporthjul. Det er en praktisk og pladsbesparende l\u00f8sning, der passer ind i ethvert tr\u00e6ningscenter i hjemmet.<\/p>\n\n\n\n<h3 class=\"wp-block-heading\" style=\"margin-bottom:var(--wp--preset--spacing--h-3-bottom)\"><strong><strong><strong><strong><strong><strong><strong><strong>Ubesv\u00e6ret udfoldelse<\/strong><\/strong><\/strong><\/strong><\/strong><\/strong><\/strong><\/strong><\/h3>\n\n\n\n<p><strong><em><strong><strong>Soft Drop-system<\/strong><\/strong><\/em><\/strong><\/p>\n\n\n\n<p style=\"margin-bottom:var(--wp--preset--spacing--tb-section-padding)\">Det er nu en leg at folde l\u00f8beb\u00e5ndet ud takket v\u00e6re vores soft drop-system. Det er slut med at b\u00f8je sig ned eller belaste ryggen; tryk blot p\u00e5 et h\u00e5ndtag med foden, slip, og lad det bl\u00f8de drop-system klare resten.<\/p>\n<\/div>\n<\/div>\n<\/section>\n<\/section>\n","protected":false},"excerpt":{"rendered":"<p>Evolve HT 250 l\u00f8beb\u00e5ndet er indbegrebet af overlegen kvalitet og stil, og det har en kraftfuld, men lydsvag motor p\u00e5 maks. 4 HK i sit slanke design. Med det sammenklappelige stel og de praktiske transporthjul er opbevaring en leg. Underholdning og ydeevne forenes med funktioner som MP3-indgang og integrerede h\u00f8jttalere. Dette l\u00f8beb\u00e5nd har en maksimal brugerv\u00e6gt p\u00e5 150 kg, 12 integrerede programmer og en brugervenlig gr\u00e6nseflade, der underst\u00f8tter hastigheder p\u00e5 op til 18 km\/t. Evolve HT 250 er din billige billet til at forblive motiveret og udfordret p\u00e5 din fitnessrejse.<\/p>\n","protected":false},"featured_media":23039,"template":"","meta":{"_acf_changed":false,"inline_featured_image":false},"product_cat":[353,351,895],"product_tag":[],"class_list":{"0":"post-23011","1":"product","2":"type-product","3":"status-publish","4":"has-post-thumbnail","6":"product_cat-forside","7":"product_cat-cardio-udstyr","8":"product_cat-cardio-udstyr-til-hjemmet","10":"first","11":"instock","12":"shipping-taxable","13":"purchasable","14":"product-type-simple"},"acf":[],"_links":{"self":[{"href":"https:\/\/store.evolve-fitness.eu\/da\/wp-json\/wp\/v2\/product\/23011","targetHints":{"allow":["GET"]}}],"collection":[{"href":"https:\/\/store.evolve-fitness.eu\/da\/wp-json\/wp\/v2\/product"}],"about":[{"href":"https:\/\/store.evolve-fitness.eu\/da\/wp-json\/wp\/v2\/types\/product"}],"wp:featuredmedia":[{"embeddable":true,"href":"https:\/\/store.evolve-fitness.eu\/da\/wp-json\/wp\/v2\/media\/23039"}],"wp:attachment":[{"href":"https:\/\/store.evolve-fitness.eu\/da\/wp-json\/wp\/v2\/media?parent=23011"}],"wp:term":[{"taxonomy":"product_cat","embeddable":true,"href":"https:\/\/store.evolve-fitness.eu\/da\/wp-json\/wp\/v2\/product_cat?post=23011"},{"taxonomy":"product_tag","embeddable":true,"href":"https:\/\/store.evolve-fitness.eu\/da\/wp-json\/wp\/v2\/product_tag?post=23011"}],"curies":[{"name":"wp","href":"https:\/\/api.w.org\/{rel}","templated":true}]}}