{"id":22005,"date":"2023-09-26T13:15:06","date_gmt":"2023-09-26T13:15:06","guid":{"rendered":"https:\/\/store.evolve-fitness.eu\/product\/evolve-prime-series-loebebaand-med-215%e2%80%b2-full-hd-konsol\/"},"modified":"2026-02-10T12:01:16","modified_gmt":"2026-02-10T12:01:16","slug":"evolve-prime-series-loebebaand-med-215%e2%80%b2-full-hd-konsol","status":"publish","type":"product","link":"https:\/\/store.evolve-fitness.eu\/da\/vare\/evolve-prime-series-loebebaand-med-215%e2%80%b2-full-hd-konsol\/","title":{"rendered":"Evolve Prime Series l\u00f8beb\u00e5nd med 21,5\u2032 full HD-konsol"},"content":{"rendered":"\n<section class=\"wp-block-group alignfull black-content has-white-color has-darkgray-background-color has-text-color has-background is-layout-constrained wp-block-group-is-layout-constrained\" style=\"padding-top:var(--wp--preset--spacing--section-bottom);padding-bottom:var(--wp--preset--spacing--section-bottom)\">\n<div class=\"wp-block-columns alignwide mobile-reverse is-layout-flex wp-container-core-columns-is-layout-ca64bf2d wp-block-columns-is-layout-flex\" style=\"margin-bottom:var(--wp--preset--spacing--side-padding)\">\n<div class=\"wp-block-column is-vertically-aligned-center is-layout-flow wp-block-column-is-layout-flow\">\n<h3 class=\"wp-block-heading\" style=\"margin-bottom:var(--wp--preset--spacing--h-3-bottom)\"><strong><strong>Forny din cardio-oplevelse<\/strong><\/strong><\/h3>\n\n\n\n<p><strong><em><strong>L\u00f8ft dit tr\u00e6ningscenter med det kommercielle l\u00f8beb\u00e5nd Evolve CT 215 F<\/strong><\/em><\/strong><\/p>\n\n\n\n<p style=\"margin-bottom:var(--wp--preset--spacing--tb-section-padding)\">Oplev evolutionen inden for fitness med Evolve CT 215 F Commercial l\u00f8beb\u00e5nd. Dette kraftv\u00e6rk tilbyder en fordybende cardio-oplevelse, der omdefinerer tr\u00e6ningen for b\u00e5de ejere af fitnesscentre og fitnessentusiaster. Udforsk dens enest\u00e5ende funktioner og fordele, der er designet til at maksimere ydeevne og engagement.<br\/><\/p>\n<\/div>\n\n\n\n<div class=\"wp-block-column is-vertically-aligned-center is-layout-flow wp-block-column-is-layout-flow\">\n<figure class=\"wp-block-image size-large is-style-default\"><img loading=\"lazy\" decoding=\"async\" width=\"1024\" height=\"682\" src=\"https:\/\/store.evolve-fitness.eu\/wp-content\/uploads\/2024\/06\/EV-CT-215X-26-1024x682.jpg\" alt=\"\" class=\"wp-image-77858\" srcset=\"https:\/\/store.evolve-fitness.eu\/wp-content\/uploads\/2024\/06\/EV-CT-215X-26-1024x682.jpg 1024w, https:\/\/store.evolve-fitness.eu\/wp-content\/uploads\/2024\/06\/EV-CT-215X-26-300x200.jpg 300w, https:\/\/store.evolve-fitness.eu\/wp-content\/uploads\/2024\/06\/EV-CT-215X-26-768x512.jpg 768w, https:\/\/store.evolve-fitness.eu\/wp-content\/uploads\/2024\/06\/EV-CT-215X-26-600x400.jpg 600w, https:\/\/store.evolve-fitness.eu\/wp-content\/uploads\/2024\/06\/EV-CT-215X-26.jpg 1280w\" sizes=\"auto, (max-width: 1024px) 100vw, 1024px\" \/><\/figure>\n<\/div>\n<\/div>\n\n\n\n<div class=\"wp-block-columns alignwide mobile-reverse is-layout-flex wp-container-core-columns-is-layout-ca64bf2d wp-block-columns-is-layout-flex\" style=\"margin-bottom:var(--wp--preset--spacing--side-padding)\">\n<div class=\"wp-block-column is-vertically-aligned-center is-layout-flow wp-block-column-is-layout-flow\">\n<figure class=\"wp-block-image size-full\"><img decoding=\"async\" src=\"https:\/\/evolve.adoras.lt\/wp-content\/uploads\/2023\/08\/EV-CT-215X-1.png\" alt=\"\" class=\"wp-image-1139\"\/><\/figure>\n<\/div>\n\n\n\n<div class=\"wp-block-column is-vertically-aligned-center is-layout-flow wp-block-column-is-layout-flow\">\n<h3 class=\"wp-block-heading\" style=\"margin-bottom:var(--wp--preset--spacing--h-3-bottom)\"><strong>J\u00e6vn kraft og solid st\u00f8tte<\/strong><\/h3>\n\n\n\n<p><strong><em><strong><strong>Innovativ ramme i X-stil og aluminiumsskinner<\/strong><\/strong><\/em><\/strong><\/p>\n\n\n\n<p>Oplev optimal ydeevne med l\u00f8beb\u00e5ndets kraftige vekselstr\u00f8msmotor, der har en spidseffekt p\u00e5 7 hk og en kontinuerlig effekt p\u00e5 3 hk. L\u00f8beb\u00e5ndets unikke X-style ramme, der er skabt med innovation for \u00f8je, giver b\u00e5de strukturel stabilitet og \u00e6stetisk appel til dit fitnesscenter. Aluminiumsskinnerne supplerer dette design og tilf\u00f8jer et strejf af modernitet, samtidig med at de sikrer varig p\u00e5lidelighed. Denne ramme- og skinnekombination, der prioriterer b\u00e5de form og funktion, giver en overlegen tr\u00e6ningsoplevelse, der afspejler innovation og ekspertise.<\/p>\n<\/div>\n<\/div>\n\n\n\n<div class=\"wp-block-columns alignwide is-layout-flex wp-container-core-columns-is-layout-c45ee707 wp-block-columns-is-layout-flex\" style=\"margin-bottom:var(--wp--preset--spacing--side-padding);padding-top:var(--wp--preset--spacing--side-padding)\">\n<div class=\"wp-block-column is-vertically-aligned-center is-layout-flow wp-block-column-is-layout-flow\">\n<h3 class=\"wp-block-heading\" style=\"margin-bottom:var(--wp--preset--spacing--h-3-bottom)\"><strong>21,5&#8243; Full HD-ber\u00f8ringssk\u00e6rm<\/strong><\/h3>\n\n\n\n<p><strong><em><strong>Endel\u00f8s underholdning, indsigtsfulde m\u00e5linger<\/strong><\/em><\/strong><\/p>\n\n\n\n<p style=\"margin-bottom:var(--wp--preset--spacing--tb-section-padding)\">Engager brugerne med den fantastiske 21,5&#8243; FULL HD-konsol, et knudepunkt for underholdning og indsigt. F\u00e5 adgang til underholdningsmuligheder via WiFi, Bluetooth og videoer i Full HD 2K-opl\u00f8sning. Overv\u00e5g kritiske m\u00e5linger som tid, distance, kalorier, hastighed, puls og h\u00e6ldning, og giv brugerne motivation og viden.<\/p>\n<\/div>\n\n\n\n<div class=\"wp-block-column is-vertically-aligned-center is-layout-flow wp-block-column-is-layout-flow\">\n<figure class=\"wp-block-video\"><video autoplay=\"\" controls=\"\" loop=\"\" muted=\"\" src=\"https:\/\/evolve.adoras.lt\/wp-content\/uploads\/2023\/08\/EV-CT-215F-11.mp4\"><\/video><\/figure>\n<\/div>\n<\/div>\n\n\n\n<div class=\"wp-block-columns alignwide is-layout-flex wp-container-core-columns-is-layout-c45ee707 wp-block-columns-is-layout-flex\" style=\"margin-bottom:var(--wp--preset--spacing--side-padding);padding-top:var(--wp--preset--spacing--side-padding)\">\n<div class=\"wp-block-column is-vertically-aligned-center is-layout-flow wp-block-column-is-layout-flow\">\n<figure class=\"wp-block-image alignright size-full is-resized is-style-rounded\"><img decoding=\"async\" src=\"https:\/\/evolve.adoras.lt\/wp-content\/uploads\/2023\/08\/5576a1_adc0ea7c3a404329b0c0a8527ed81f49mv2.jpg\" alt=\"\" class=\"wp-image-1115\" style=\"width:740px;height:494px\"\/><\/figure>\n<\/div>\n\n\n\n<div class=\"wp-block-column is-vertically-aligned-center is-layout-flow wp-block-column-is-layout-flow\">\n<h3 class=\"wp-block-heading\" style=\"margin-bottom:var(--wp--preset--spacing--h-3-bottom)\"><strong><strong>Forenklet administration af annoncer<\/strong><\/strong><\/h3>\n\n\n\n<p><strong><em><strong><strong>Optimer engagementet gennem sk\u00e6rmreklamer<\/strong><\/strong><\/em><\/strong><\/p>\n\n\n\n<p>Udnyt kraften i sk\u00e6rmannoncer til at maksimere effekten af dit fitnesscenters tilbud og kampagner. S\u00e6t fokus p\u00e5 dine tjenester og eksklusive tilbud direkte til brugerne, hvilket \u00f8ger engagementet og styrker brandgenkendelsen.<\/p>\n<\/div>\n<\/div>\n\n\n\n<div class=\"wp-block-columns alignwide are-vertically-aligned-center mobile-reverse is-layout-flex wp-container-core-columns-is-layout-e8158c2f wp-block-columns-is-layout-flex\" style=\"padding-top:var(--wp--preset--spacing--side-padding)\">\n<div class=\"wp-block-column is-vertically-aligned-center is-layout-flow wp-block-column-is-layout-flow\">\n<h3 class=\"wp-block-heading\" style=\"margin-bottom:var(--wp--preset--spacing--h-3-bottom)\"><strong>Sikkerhed og komfort i hvert skridt<\/strong><\/h3>\n\n\n\n<p><strong><em><strong>L\u00f8bed\u00e6k, b\u00e6lte og humaniseret design<\/strong><\/em><\/strong><\/p>\n\n\n\n<p style=\"margin-bottom:var(--wp--preset--spacing--tb-section-padding)\">Prioriterer brugerens sikkerhed og komfort med avancerede funktioner. L\u00f8beb\u00e5ndets skridsikre m\u00f8nster og ergonomiske design fremmer en korrekt kropsholdning og reducerer belastningen. Drag fordel af et specialiseret l\u00f8beb\u00e5nd, der forhindrer deformation og lavt energiforbrug, hvilket forbedrer b\u00e5de levetid og ydeevne.<\/p>\n<\/div>\n\n\n\n<div class=\"wp-block-column is-vertically-aligned-center is-layout-flow wp-block-column-is-layout-flow\">\n<figure class=\"wp-block-image size-large\"><img decoding=\"async\" src=\"https:\/\/evolve.adoras.lt\/wp-content\/uploads\/2023\/08\/Ploteriuojami-tekstai-1024x902.png\" alt=\"\" class=\"wp-image-1142\"\/><\/figure>\n<\/div>\n<\/div>\n\n\n\n<div class=\"wp-block-columns alignwide are-vertically-aligned-center mobile-reverse is-layout-flex wp-container-core-columns-is-layout-e8158c2f wp-block-columns-is-layout-flex\" style=\"padding-top:var(--wp--preset--spacing--side-padding)\">\n<div class=\"wp-block-column is-vertically-aligned-center is-layout-flow wp-block-column-is-layout-flow\">\n<figure class=\"wp-block-video\"><video autoplay=\"\" controls=\"\" loop=\"\" muted=\"\" src=\"https:\/\/evolve.adoras.lt\/wp-content\/uploads\/2023\/08\/Pink-Aesthetic-Whitening-Serum-Benefits-Instagram-Post.mp4\"><\/video><\/figure>\n<\/div>\n\n\n\n<div class=\"wp-block-column is-vertically-aligned-center is-layout-flow wp-block-column-is-layout-flow\">\n<h3 class=\"wp-block-heading\" style=\"margin-bottom:var(--wp--preset--spacing--h-3-bottom)\"><strong>H\u00e6ldning, hastighed og <strong>brugerfokuseret design<\/strong><\/strong><\/h3>\n\n\n\n<p><strong><em><strong><strong>Tilpasningsevne og ydeevne<\/strong><\/strong><\/em><\/strong><\/p>\n\n\n\n<p>Finjuster tr\u00e6ningen til individuelle fitnessambitioner med justerbare h\u00e6ldningsniveauer, der n\u00e5r op til 15%. Den passer til forskellige tr\u00e6ningsrutiner med en tophastighed p\u00e5 20 km\/t. Den elastiske ramme kan klare en brugerv\u00e6gt p\u00e5 op til 180 kg, hvilket g\u00f8r l\u00f8beb\u00e5ndet til et alsidigt valg for mange forskellige fitnessgrupper.<\/p>\n<\/div>\n<\/div>\n\n\n\n<figure class=\"wp-block-video\"><video height=\"1000\" style=\"aspect-ratio: 1000 \/ 1000;\" width=\"1000\" autoplay=\"\" controls=\"\" loop=\"\" muted=\"\" src=\"https:\/\/evolve-fitness.eu\/wp-content\/uploads\/2023\/11\/Ultra-site-apps.mp4\"><\/video><\/figure>\n<\/section>\n\n<section class=\"wp-block-group alignfull black-content has-white-color has-darkgray-background-color has-text-color has-background is-layout-constrained wp-block-group-is-layout-constrained\" style=\"padding-top:var(--wp--preset--spacing--section-bottom);padding-bottom:var(--wp--preset--spacing--section-bottom)\">\n<div class=\"wp-block-columns alignwide mobile-reverse is-layout-flex wp-container-core-columns-is-layout-ca64bf2d wp-block-columns-is-layout-flex\" style=\"margin-bottom:var(--wp--preset--spacing--side-padding)\">\n<div class=\"wp-block-column is-vertically-aligned-center is-layout-flow wp-block-column-is-layout-flow\">\n<h3 class=\"wp-block-heading\" style=\"margin-bottom:var(--wp--preset--spacing--h-3-bottom)\"><strong><strong>Engager, styrk og g\u00f8r fremskridt<\/strong><\/strong><\/h3>\n\n\n\n<p><strong><em><strong><strong>Multi-feedback touch-knap og forbedret sikkerhed<\/strong><\/strong><\/em><\/strong><\/p>\n\n\n\n<p style=\"margin-bottom:var(--wp--preset--spacing--tb-section-padding)\">For\u00f8g brugerinteraktionen med touch-knappen med multi-feedback, der giver pr\u00e6cist engagement gennem vibrationer og lydfeedback. Tilskynd til sikker tr\u00e6ning med auto-stop-funktionen, der sikrer, at l\u00f8beb\u00e5ndet stopper, n\u00e5r der ikke er nogen trin, hvilket \u00f8ger brugerens sikkerhed.<\/p>\n<\/div>\n\n\n\n<div class=\"wp-block-column is-vertically-aligned-center is-layout-flow wp-block-column-is-layout-flow\">\n<figure class=\"wp-block-image size-large is-style-default\"><img loading=\"lazy\" decoding=\"async\" width=\"1024\" height=\"683\" src=\"https:\/\/store.evolve-fitness.eu\/wp-content\/uploads\/2024\/06\/EV-CT-215X-Evolve-Prime-Series-Treadmill-with-full-HD-Console-2-1024x683.jpg\" alt=\"\" class=\"wp-image-77883\" srcset=\"https:\/\/store.evolve-fitness.eu\/wp-content\/uploads\/2024\/06\/EV-CT-215X-Evolve-Prime-Series-Treadmill-with-full-HD-Console-2-1024x683.jpg 1024w, https:\/\/store.evolve-fitness.eu\/wp-content\/uploads\/2024\/06\/EV-CT-215X-Evolve-Prime-Series-Treadmill-with-full-HD-Console-2-300x200.jpg 300w, https:\/\/store.evolve-fitness.eu\/wp-content\/uploads\/2024\/06\/EV-CT-215X-Evolve-Prime-Series-Treadmill-with-full-HD-Console-2-768x512.jpg 768w, https:\/\/store.evolve-fitness.eu\/wp-content\/uploads\/2024\/06\/EV-CT-215X-Evolve-Prime-Series-Treadmill-with-full-HD-Console-2-1536x1024.jpg 1536w, https:\/\/store.evolve-fitness.eu\/wp-content\/uploads\/2024\/06\/EV-CT-215X-Evolve-Prime-Series-Treadmill-with-full-HD-Console-2-600x400.jpg 600w, https:\/\/store.evolve-fitness.eu\/wp-content\/uploads\/2024\/06\/EV-CT-215X-Evolve-Prime-Series-Treadmill-with-full-HD-Console-2.jpg 1980w\" sizes=\"auto, (max-width: 1024px) 100vw, 1024px\" \/><\/figure>\n<\/div>\n<\/div>\n\n\n\n<div class=\"wp-block-columns alignwide mobile-reverse is-layout-flex wp-container-core-columns-is-layout-ca64bf2d wp-block-columns-is-layout-flex\" style=\"margin-bottom:var(--wp--preset--spacing--side-padding)\">\n<div class=\"wp-block-column is-vertically-aligned-center is-layout-flow wp-block-column-is-layout-flow\">\n<figure class=\"wp-block-image alignright size-large is-resized is-style-default\"><img loading=\"lazy\" decoding=\"async\" width=\"683\" height=\"1024\" src=\"https:\/\/store.evolve-fitness.eu\/wp-content\/uploads\/2024\/06\/EV-CT-215X-Evolve-Prime-Series-Treadmill-with-full-HD-Console-3-1-683x1024.jpg\" alt=\"\" class=\"wp-image-77933\" style=\"width:907px;height:auto\" srcset=\"https:\/\/store.evolve-fitness.eu\/wp-content\/uploads\/2024\/06\/EV-CT-215X-Evolve-Prime-Series-Treadmill-with-full-HD-Console-3-1-683x1024.jpg 683w, https:\/\/store.evolve-fitness.eu\/wp-content\/uploads\/2024\/06\/EV-CT-215X-Evolve-Prime-Series-Treadmill-with-full-HD-Console-3-1-200x300.jpg 200w, https:\/\/store.evolve-fitness.eu\/wp-content\/uploads\/2024\/06\/EV-CT-215X-Evolve-Prime-Series-Treadmill-with-full-HD-Console-3-1-768x1152.jpg 768w, https:\/\/store.evolve-fitness.eu\/wp-content\/uploads\/2024\/06\/EV-CT-215X-Evolve-Prime-Series-Treadmill-with-full-HD-Console-3-1-1024x1536.jpg 1024w, https:\/\/store.evolve-fitness.eu\/wp-content\/uploads\/2024\/06\/EV-CT-215X-Evolve-Prime-Series-Treadmill-with-full-HD-Console-3-1-600x900.jpg 600w, https:\/\/store.evolve-fitness.eu\/wp-content\/uploads\/2024\/06\/EV-CT-215X-Evolve-Prime-Series-Treadmill-with-full-HD-Console-3-1.jpg 1320w\" sizes=\"auto, (max-width: 683px) 100vw, 683px\" \/><\/figure>\n<\/div>\n\n\n\n<div class=\"wp-block-column is-vertically-aligned-center is-layout-flow wp-block-column-is-layout-flow\">\n<h3 class=\"wp-block-heading\" style=\"margin-bottom:var(--wp--preset--spacing--h-3-bottom)\"><strong><strong><strong>Integration af innovation og underholdning<\/strong><\/strong><\/strong><\/h3>\n\n\n\n<p><strong><em><strong><strong>Berig tr\u00e6ningen med virtuelt engagement<\/strong><\/strong><\/em><\/strong><\/p>\n\n\n\n<p>Omfavn fremtiden inden for fitnessinnovation med Evolve CT 215 X l\u00f8beb\u00e5nd. Fordyb dig i livagtige virtuelle tr\u00e6ningspas, der efterligner globale ruter til et f\u00e6ngslende l\u00f8beeventyr. G\u00f8r dit fitnesscenter mere synligt ved at tilpasse sk\u00e6rmannoncerne, s\u00e5 de effektivt fremh\u00e6ver dine tjenester og eksklusive tilbud.<\/p>\n<\/div>\n<\/div>\n\n\n\n<div class=\"wp-block-columns alignwide mobile-reverse is-layout-flex wp-container-core-columns-is-layout-ca64bf2d wp-block-columns-is-layout-flex\" style=\"margin-bottom:var(--wp--preset--spacing--side-padding)\">\n<div class=\"wp-block-column is-vertically-aligned-center is-layout-flow wp-block-column-is-layout-flow\">\n<h3 class=\"wp-block-heading\" style=\"margin-bottom:var(--wp--preset--spacing--h-3-bottom)\"><strong><strong><strong><strong>Tr\u00e5dl\u00f8s opladning af mobiltelefoner<\/strong><\/strong><\/strong><\/strong><\/h3>\n\n\n\n<p><strong><em><strong><strong><strong>Uovertruffen bekvemmelighed til moderne tr\u00e6ning<\/strong><\/strong><\/strong><\/em><\/strong><\/p>\n\n\n\n<p>Hold forbindelsen og lad op under din fitnessrejse med Evolve CT 215 X Commercial l\u00f8beb\u00e5ndets innovative tr\u00e5dl\u00f8se mobilopladningsfunktion. N\u00e5r du presser dine gr\u00e6nser p\u00e5 l\u00f8beb\u00e5ndet, kan du holde din mobile enhed t\u00e6ndt uden problemer. Denne banebrydende tilf\u00f8jelse sikrer, at din tr\u00e6ning ikke bliver afbrudt, s\u00e5 du kan bruge dine yndlingsapps, -musik og -indhold, mens din enhed er klar til action. Oplev sammensmeltningen af fitness og teknologi, n\u00e5r du oplader din telefon tr\u00e5dl\u00f8st og redefinerer bekvemmelighed for den moderne fitnessentusiast.<\/p>\n<\/div>\n\n\n\n<div class=\"wp-block-column is-vertically-aligned-center is-layout-flow wp-block-column-is-layout-flow\">\n<figure class=\"wp-block-image alignright size-full is-style-default\"><img loading=\"lazy\" decoding=\"async\" width=\"1980\" height=\"1320\" src=\"https:\/\/store.evolve-fitness.eu\/wp-content\/uploads\/2024\/06\/EV-CT-215X-Evolve-Prime-Series-Treadmill-with-full-HD-Console-7.jpg\" alt=\"\" class=\"wp-image-77908\" srcset=\"https:\/\/store.evolve-fitness.eu\/wp-content\/uploads\/2024\/06\/EV-CT-215X-Evolve-Prime-Series-Treadmill-with-full-HD-Console-7.jpg 1980w, https:\/\/store.evolve-fitness.eu\/wp-content\/uploads\/2024\/06\/EV-CT-215X-Evolve-Prime-Series-Treadmill-with-full-HD-Console-7-300x200.jpg 300w, https:\/\/store.evolve-fitness.eu\/wp-content\/uploads\/2024\/06\/EV-CT-215X-Evolve-Prime-Series-Treadmill-with-full-HD-Console-7-1024x683.jpg 1024w, https:\/\/store.evolve-fitness.eu\/wp-content\/uploads\/2024\/06\/EV-CT-215X-Evolve-Prime-Series-Treadmill-with-full-HD-Console-7-768x512.jpg 768w, https:\/\/store.evolve-fitness.eu\/wp-content\/uploads\/2024\/06\/EV-CT-215X-Evolve-Prime-Series-Treadmill-with-full-HD-Console-7-1536x1024.jpg 1536w, https:\/\/store.evolve-fitness.eu\/wp-content\/uploads\/2024\/06\/EV-CT-215X-Evolve-Prime-Series-Treadmill-with-full-HD-Console-7-600x400.jpg 600w\" sizes=\"auto, (max-width: 1980px) 100vw, 1980px\" \/><\/figure>\n<\/div>\n<\/div>\n\n\n\n<div class=\"wp-block-columns alignwide is-layout-flex wp-container-core-columns-is-layout-c45ee707 wp-block-columns-is-layout-flex\" style=\"margin-bottom:var(--wp--preset--spacing--side-padding);padding-top:var(--wp--preset--spacing--side-padding)\">\n<div class=\"wp-block-column is-vertically-aligned-center is-layout-flow wp-block-column-is-layout-flow\">\n<figure class=\"wp-block-video\"><video autoplay=\"\" controls=\"\" loop=\"\" muted=\"\" src=\"https:\/\/evolve.adoras.lt\/wp-content\/uploads\/2023\/08\/215x-Kopa-Gym.mp4\"><\/video><\/figure>\n<\/div>\n\n\n\n<div class=\"wp-block-column is-vertically-aligned-center is-layout-flow wp-block-column-is-layout-flow\">\n<h3 class=\"wp-block-heading\" style=\"margin-bottom:var(--wp--preset--spacing--h-3-bottom)\"><strong><strong>Styrk fitnessrejsen<\/strong><\/strong><\/h3>\n\n\n\n<p><strong><em><strong><strong>Komplet fitnesspakke til dit anl\u00e6g<\/strong><\/strong><\/em><\/strong><\/p>\n\n\n\n<p style=\"margin-bottom:var(--wp--preset--spacing--tb-section-padding)\">Evolve CT 215 X Commercial Treadmill er din ultimative cardio-allierede. Med topmoderne innovation, funktioner, der kan tilpasses, og et urokkeligt engagement i sikkerhed tilbyder den en omfattende l\u00f8sning til ejere af fitnesscentre, der \u00f8nsker at \u00f8ge attraktiviteten og ydeevnen i deres fitnesscenter.<\/p>\n<\/div>\n<\/div>\n<\/section>\n","protected":false},"excerpt":{"rendered":"<p>Oplev det ypperste inden for banebrydende fitnessteknologi med Evolve CT 215 X Commercial Treadmill. Dette l\u00f8beb\u00e5nd er designet til at omdefinere konditionstr\u00e6ning og har en kraftig vekselstr\u00f8msmotor, en innovativ X-ramme med aluminiumsskinner og et menneskecentreret design, der optimerer komfort og ydeevne. Engager brugerne med den fantastiske 21,5&#8243; FULL HD touchscreen-konsol, der tilbyder underholdning, indsigtsfulde m\u00e5linger og en problemfri forbindelse til virtuelle tr\u00e6ningsprogrammer. Skil dig ud med den indbyggede pausesk\u00e6rm, som giver dig mulighed for at tilpasse annoncer, der promoverer dit fitnesscenters tilbud direkte til brugerne. Og det er ikke alt &#8211; dette avancerede l\u00f8beb\u00e5nd har ogs\u00e5 en tr\u00e5dl\u00f8s mobiloplader, der g\u00f8r brugernes tr\u00e6ningsrutiner mere praktiske og effektive. L\u00f8ft dit fitnesscenters tiltr\u00e6kningskraft og ydeevne med Evolve CT 215 X, en sand legemligg\u00f8relse af innovation og ekspertise inden for verden af fitnessudstyr.<\/p>\n","protected":false},"featured_media":11539,"template":"","meta":{"_acf_changed":false,"inline_featured_image":false},"product_cat":[353,351,352,881],"product_tag":[],"class_list":{"0":"post-22005","1":"product","2":"type-product","3":"status-publish","4":"has-post-thumbnail","6":"product_cat-forside","7":"product_cat-cardio-udstyr","8":"product_cat-kommercielt-cardio-udstyr","9":"product_cat-prime-series-cardio-da","11":"first","12":"instock","13":"shipping-taxable","14":"purchasable","15":"product-type-simple"},"acf":[],"_links":{"self":[{"href":"https:\/\/store.evolve-fitness.eu\/da\/wp-json\/wp\/v2\/product\/22005","targetHints":{"allow":["GET"]}}],"collection":[{"href":"https:\/\/store.evolve-fitness.eu\/da\/wp-json\/wp\/v2\/product"}],"about":[{"href":"https:\/\/store.evolve-fitness.eu\/da\/wp-json\/wp\/v2\/types\/product"}],"wp:featuredmedia":[{"embeddable":true,"href":"https:\/\/store.evolve-fitness.eu\/da\/wp-json\/wp\/v2\/media\/11539"}],"wp:attachment":[{"href":"https:\/\/store.evolve-fitness.eu\/da\/wp-json\/wp\/v2\/media?parent=22005"}],"wp:term":[{"taxonomy":"product_cat","embeddable":true,"href":"https:\/\/store.evolve-fitness.eu\/da\/wp-json\/wp\/v2\/product_cat?post=22005"},{"taxonomy":"product_tag","embeddable":true,"href":"https:\/\/store.evolve-fitness.eu\/da\/wp-json\/wp\/v2\/product_tag?post=22005"}],"curies":[{"name":"wp","href":"https:\/\/api.w.org\/{rel}","templated":true}]}}