{"id":21940,"date":"2023-09-26T11:18:37","date_gmt":"2023-09-26T11:18:37","guid":{"rendered":"https:\/\/store.evolve-fitness.eu\/product\/evolve-econ-series-5hp-loebebaand-med-lcd-konsol\/"},"modified":"2026-02-20T12:01:10","modified_gmt":"2026-02-20T12:01:10","slug":"evolve-econ-series-5hp-loebebaand-med-lcd-konsol","status":"publish","type":"product","link":"https:\/\/store.evolve-fitness.eu\/da\/vare\/evolve-econ-series-5hp-loebebaand-med-lcd-konsol\/","title":{"rendered":"Evolve Econ Series 5HP l\u00f8beb\u00e5nd med LCD-konsol"},"content":{"rendered":"\n<section class=\"wp-block-group alignfull black-content has-white-color has-darkgray-background-color has-text-color has-background is-layout-constrained wp-block-group-is-layout-constrained\" style=\"padding-top:var(--wp--preset--spacing--section-bottom);padding-bottom:var(--wp--preset--spacing--section-bottom)\">\n<div class=\"wp-block-columns alignwide mobile-reverse is-layout-flex wp-container-core-columns-is-layout-ca64bf2d wp-block-columns-is-layout-flex\" style=\"margin-bottom:var(--wp--preset--spacing--side-padding)\">\n<div class=\"wp-block-column is-vertically-aligned-center is-layout-flow wp-block-column-is-layout-flow\">\n<h3 class=\"wp-block-heading\" style=\"margin-bottom:var(--wp--preset--spacing--h-3-bottom)\">MAKS. BRUGERV\u00c6GT &#8211; 200 KG<\/h3>\n\n\n\n<p><strong><em><strong>For alle<\/strong><\/em><\/strong><\/p>\n\n\n\n<p style=\"margin-bottom:var(--wp--preset--spacing--tb-section-padding)\">Evolve CT 500 LCD-l\u00f8beb\u00e5ndet er designet til at holde og kan klare v\u00e6gte op til 200 kg, hvilket giver sikkerhed og varig ydeevne for en lang r\u00e6kke brugere.<\/p>\n\n\n\n<h3 class=\"wp-block-heading\" style=\"margin-bottom:var(--wp--preset--spacing--h-3-bottom)\">L\u00d8BEPLATFORM &#8211; 1650 x 600 MM<\/h3>\n\n\n\n<p><strong><em>Komfort m\u00f8der ydeevne<\/em><\/strong><\/p>\n\n\n\n<p>Tr\u00e6d ind p\u00e5 den 1650 x 600 mm store l\u00f8beflade, der giver rigelig plads til behagelige skridt. Uanset om det er til en afslappet g\u00e5tur eller en rask l\u00f8betur, passer dette l\u00f8beb\u00e5nd til brugere i forskellige h\u00f8jder.<\/p>\n<\/div>\n\n\n\n<div class=\"wp-block-column is-vertically-aligned-center is-layout-flow wp-block-column-is-layout-flow\">\n<figure class=\"wp-block-video\"><video autoplay=\"\" controls=\"\" loop=\"\" muted=\"\" src=\"https:\/\/evolve-fitness.eu\/wp-content\/uploads\/2023\/08\/Dizainas-be-pavadinimo.mp4\"><\/video><\/figure>\n<\/div>\n<\/div>\n\n\n\n<div class=\"wp-block-columns alignwide is-layout-flex wp-container-core-columns-is-layout-c45ee707 wp-block-columns-is-layout-flex\" style=\"margin-bottom:var(--wp--preset--spacing--side-padding);padding-top:var(--wp--preset--spacing--side-padding)\">\n<div class=\"wp-block-column is-vertically-aligned-center is-layout-flow wp-block-column-is-layout-flow\">\n<figure class=\"wp-block-video\"><video autoplay=\"\" controls=\"\" loop=\"\" muted=\"\" src=\"https:\/\/evolve-fitness.eu\/wp-content\/uploads\/2023\/08\/Dizainas-be-pavadinimo1.mp4\"><\/video><\/figure>\n<\/div>\n\n\n\n<div class=\"wp-block-column is-vertically-aligned-center is-layout-flow wp-block-column-is-layout-flow\">\n<h3 class=\"wp-block-heading\" style=\"margin-bottom:var(--wp--preset--spacing--h-3-bottom)\">0-18% ELEKTRONISK H\u00c6LDNING<\/h3>\n\n\n\n<p><strong><em>Udfordring m\u00f8der alsidighed<\/em><\/strong><\/p>\n\n\n\n<p style=\"margin-bottom:var(--wp--preset--spacing--tb-section-padding)\">Skift din rutine med den elektroniske h\u00e6ldning p\u00e5 0-18%, s\u00e5 du kan tilpasse din tr\u00e6ningsintensitet. Uanset om det er en blid h\u00e6ldning eller en stejl stigning, giver denne funktion variation til dine tr\u00e6ningspas.<\/p>\n\n\n\n<h3 class=\"wp-block-heading\" style=\"margin-bottom:var(--wp--preset--spacing--h-3-bottom)\">MAKS. HASTIGHED &#8211; 25 KM\/T<\/h3>\n\n\n\n<p><strong><em>Overskrider gr\u00e6nser, <strong>n\u00e5r m\u00e5l<\/strong><\/em><\/strong><\/p>\n\n\n\n<p>Udfordr dig selv med hastigheder op til 25 km\/t. Tilpas forskellige fitnessm\u00e5l, fra j\u00e6vn jogging til h\u00f8jintensive sprints, alt sammen p\u00e5 \u00e9t l\u00f8beb\u00e5nd.<\/p>\n<\/div>\n<\/div>\n\n\n\n<div class=\"wp-block-columns alignwide are-vertically-aligned-center mobile-reverse is-layout-flex wp-container-core-columns-is-layout-e8158c2f wp-block-columns-is-layout-flex\" style=\"padding-top:var(--wp--preset--spacing--side-padding)\">\n<div class=\"wp-block-column is-vertically-aligned-center is-layout-flow wp-block-column-is-layout-flow\">\n<h3 class=\"wp-block-heading\" style=\"margin-bottom:var(--wp--preset--spacing--h-3-bottom)\"><strong>H\u00f8j ydeevne<\/strong><\/h3>\n\n\n\n<p><strong><em><strong>Boost din tr\u00e6ning<\/strong><\/em><\/strong><\/p>\n\n\n\n<p style=\"margin-bottom:var(--wp--preset--spacing--tb-section-padding)\">Oplev Evolve CT 500&#8217;s imponerende kraft med en maksimal kapacitet p\u00e5 8 hk fra dens 5 hk AC-motor med kontinuerlig drift. Tag din fitnessrejse til det n\u00e6ste niveau.<\/p>\n\n\n\n<h3 class=\"wp-block-heading\" style=\"margin-bottom:var(--wp--preset--spacing--h-3-bottom)\">PULSSENSORER<\/h3>\n\n\n\n<p><strong><em><strong>Overv\u00e5g dine fremskridt<\/strong><\/em><\/strong><\/p>\n\n\n\n<p>Hold \u00f8je med din krop med indbyggede pulssensorer. Denne funktion \u00f8ger sikkerheden under tr\u00e6ningen og hj\u00e6lper dig med at optimere din tr\u00e6ning, s\u00e5 du opn\u00e5r bedre resultater.<\/p>\n<\/div>\n\n\n\n<div class=\"wp-block-column is-vertically-aligned-center is-layout-flow wp-block-column-is-layout-flow\">\n<figure class=\"wp-block-image alignright size-large is-style-default\"><img decoding=\"async\" src=\"https:\/\/evolve-fitness.eu\/wp-content\/uploads\/2023\/08\/image00001-0-1024x488.jpg\" alt=\"\" class=\"wp-image-1032\"\/><\/figure>\n<\/div>\n<\/div>\n<\/section>\n\n<section class=\"wp-block-group alignfull black-content has-white-color has-darkgray-background-color has-text-color has-background is-layout-constrained wp-block-group-is-layout-constrained\" style=\"padding-top:var(--wp--preset--spacing--section-bottom);padding-bottom:var(--wp--preset--spacing--section-bottom)\">\n<div class=\"wp-block-columns alignwide is-layout-flex wp-container-core-columns-is-layout-ca64bf2d wp-block-columns-is-layout-flex\" style=\"margin-bottom:var(--wp--preset--spacing--side-padding)\">\n<div class=\"wp-block-column is-vertically-aligned-center is-layout-flow wp-block-column-is-layout-flow\">\n<figure class=\"wp-block-video\"><video autoplay=\"\" controls=\"\" loop=\"\" muted=\"\" src=\"https:\/\/evolve-fitness.eu\/wp-content\/uploads\/2023\/08\/Dizainas-be-pavadinimo2.mp4\"><\/video><\/figure>\n<\/div>\n\n\n\n<div class=\"wp-block-column is-vertically-aligned-center is-layout-flow wp-block-column-is-layout-flow\">\n<h3 class=\"wp-block-heading\" style=\"margin-bottom:var(--wp--preset--spacing--h-3-bottom)\"><strong>Interaktiv LCD-konsol<\/strong><\/h3>\n\n\n\n<p><strong><em><strong>Engagerende oplevelse<\/strong><\/em><\/strong><\/p>\n\n\n\n<p style=\"margin-bottom:var(--wp--preset--spacing--tb-section-padding)\">Dyk ned i dine fitnessdata med den interaktive LCD-konsol. F\u00e5 adgang til vigtige tr\u00e6ningsoplysninger, og nyd 15 tr\u00e6ningsprogrammer, der er designet til personlig fitness.<\/p>\n\n\n\n<h3 class=\"wp-block-heading\" style=\"margin-bottom:var(--wp--preset--spacing--h-3-bottom)\"><strong><strong>Forskellige tr\u00e6ningsprogrammer<\/strong><\/strong><\/h3>\n\n\n\n<p><strong><em><strong>Skr\u00e6ddersyet fitness<\/strong><\/em><\/strong><\/p>\n\n\n\n<p>V\u00e6lg mellem 15 tr\u00e6ningsprogrammer, der er skr\u00e6ddersyet til dine fitnessm\u00e5l og pr\u00e6ferencer. Disse alsidige rutiner bevarer din motivation og sikrer effektiv tr\u00e6ning.<\/p>\n<\/div>\n<\/div>\n\n\n\n<div class=\"wp-block-columns alignwide mobile-reverse is-layout-flex wp-container-core-columns-is-layout-c45ee707 wp-block-columns-is-layout-flex\" style=\"margin-bottom:var(--wp--preset--spacing--side-padding);padding-top:var(--wp--preset--spacing--side-padding)\">\n<div class=\"wp-block-column is-vertically-aligned-center is-layout-flow wp-block-column-is-layout-flow\">\n<h3 class=\"wp-block-heading\" style=\"margin-bottom:var(--wp--preset--spacing--h-3-bottom)\"><strong>Avanceret<\/strong> st\u00f8dd\u00e6mpningssystem<\/h3>\n\n\n\n<p><strong><em><strong>Beskyt dine led<\/strong><\/em><\/strong><\/p>\n\n\n\n<p style=\"margin-bottom:var(--wp--preset--spacing--tb-section-padding)\">Prioriter leddenes sundhed med l\u00f8beb\u00e5ndets luftd\u00e6mpningssystem. Oplev overlegen st\u00f8dabsorbering, der reducerer belastningen p\u00e5 dine led ved hvert skridt.<\/p>\n\n\n\n<h3 class=\"wp-block-heading\" style=\"margin-bottom:var(--wp--preset--spacing--h-3-bottom)\">SIKKERHEDSZONE<\/h3>\n\n\n\n<p><strong><em><strong>Selvtillid i hver bev\u00e6gelse<\/strong><\/em><\/strong><\/p>\n\n\n\n<p>F\u00f8l dig sikker med l\u00f8beb\u00e5ndets sikkerhedsfunktioner, herunder sideskinner og et skridsikkert d\u00e6km\u00f8nster. Disse komponenter giver stabilitet og selvtillid, n\u00e5r du arbejder hen imod dine fitnessm\u00e5l.<\/p>\n<\/div>\n\n\n\n<div class=\"wp-block-column is-vertically-aligned-center is-layout-flow wp-block-column-is-layout-flow\">\n<figure class=\"wp-block-video\"><video autoplay=\"\" controls=\"\" loop=\"\" muted=\"\" src=\"https:\/\/evolve-fitness.eu\/wp-content\/uploads\/2023\/08\/Dizainas-be-pavadinimo-1.mp4\"><\/video><\/figure>\n<\/div>\n<\/div>\n\n\n\n<div class=\"wp-block-columns alignwide are-vertically-aligned-center is-layout-flex wp-container-core-columns-is-layout-e8158c2f wp-block-columns-is-layout-flex\" style=\"padding-top:var(--wp--preset--spacing--side-padding)\">\n<div class=\"wp-block-column is-vertically-aligned-center is-layout-flow wp-block-column-is-layout-flow\">\n<figure class=\"wp-block-image alignright size-large is-style-default\"><img decoding=\"async\" src=\"https:\/\/evolve-fitness.eu\/wp-content\/uploads\/2023\/08\/image00010-1024x768.jpg\" alt=\"\" class=\"wp-image-1035\"\/><\/figure>\n<\/div>\n\n\n\n<div class=\"wp-block-column is-vertically-aligned-center is-layout-flow wp-block-column-is-layout-flow\">\n<h3 class=\"wp-block-heading\" style=\"margin-bottom:var(--wp--preset--spacing--h-3-bottom)\"><strong>Hydrering og bekvemmelighed<\/strong><\/h3>\n\n\n\n<p><strong><em><strong>Hold dig opdateret og forberedt<\/strong><\/em><\/strong><\/p>\n\n\n\n<p style=\"margin-bottom:var(--wp--preset--spacing--tb-section-padding)\">Hold dig hydreret under tr\u00e6ningen med de praktiske vandflaskeholdere, og hold vigtige ting inden for r\u00e6kkevidde med tilbeh\u00f8rsholderne.<\/p>\n<\/div>\n<\/div>\n<\/section>\n","protected":false},"excerpt":{"rendered":"<p>L\u00f8ft dit fitnessrum med Evolve CT 500 LCD Commercial Treadmill, en robust tilf\u00f8jelse, der forvandler din cardio-rutine. L\u00f8beb\u00e5ndet er designet til at v\u00e6re holdbart og kan b\u00e6re op til 200 kg, s\u00e5 det passer til forskellige brugere. Oplev dynamisk tr\u00e6ning med justerbare stigninger og hastigheder op til 25 km\/t. Den interaktive LCD-konsol viser data og tilbyder 15 varierede tr\u00e6ningsprogrammer til skr\u00e6ddersyet fitness. Avanceret st\u00f8dd\u00e6mpning og sikkerhedsfunktioner giver en behagelig tr\u00e6ning, og virtuelle ruter tilf\u00f8jer sp\u00e6nding. Giv dine medlemmer en f\u00f8rsteklasses cardio-maskine, der kombinerer ydeevne, innovation og engagement.<\/p>\n","protected":false},"featured_media":21941,"template":"","meta":{"_acf_changed":false,"inline_featured_image":false},"product_cat":[353,351,352,354],"product_tag":[],"class_list":{"0":"post-21940","1":"product","2":"type-product","3":"status-publish","4":"has-post-thumbnail","6":"product_cat-forside","7":"product_cat-cardio-udstyr","8":"product_cat-kommercielt-cardio-udstyr","9":"product_cat-econ-series-cardio-da","11":"first","12":"instock","13":"shipping-taxable","14":"purchasable","15":"product-type-simple"},"acf":[],"_links":{"self":[{"href":"https:\/\/store.evolve-fitness.eu\/da\/wp-json\/wp\/v2\/product\/21940","targetHints":{"allow":["GET"]}}],"collection":[{"href":"https:\/\/store.evolve-fitness.eu\/da\/wp-json\/wp\/v2\/product"}],"about":[{"href":"https:\/\/store.evolve-fitness.eu\/da\/wp-json\/wp\/v2\/types\/product"}],"wp:featuredmedia":[{"embeddable":true,"href":"https:\/\/store.evolve-fitness.eu\/da\/wp-json\/wp\/v2\/media\/21941"}],"wp:attachment":[{"href":"https:\/\/store.evolve-fitness.eu\/da\/wp-json\/wp\/v2\/media?parent=21940"}],"wp:term":[{"taxonomy":"product_cat","embeddable":true,"href":"https:\/\/store.evolve-fitness.eu\/da\/wp-json\/wp\/v2\/product_cat?post=21940"},{"taxonomy":"product_tag","embeddable":true,"href":"https:\/\/store.evolve-fitness.eu\/da\/wp-json\/wp\/v2\/product_tag?post=21940"}],"curies":[{"name":"wp","href":"https:\/\/api.w.org\/{rel}","templated":true}]}}