{"id":21370,"date":"2023-09-26T06:51:41","date_gmt":"2023-09-26T06:51:41","guid":{"rendered":"https:\/\/store.evolve-fitness.eu\/product\/evolve-powerlifting-lyd-og-vibrationsabsorberende-platform-310-x-110-x-10-cm\/"},"modified":"2025-11-07T10:13:44","modified_gmt":"2025-11-07T10:13:44","slug":"evolve-powerlifting-lyd-og-vibrationsabsorberende-platform-310-x-110-x-10-cm","status":"publish","type":"product","link":"https:\/\/store.evolve-fitness.eu\/da\/vare\/evolve-powerlifting-lyd-og-vibrationsabsorberende-platform-310-x-110-x-10-cm\/","title":{"rendered":"Evolve Powerlifting lyd- og vibrationsabsorberende platform 310 x 110 x 10 cm"},"content":{"rendered":"\n<section class=\"wp-block-group alignfull black-content has-white-color has-darkgray-background-color has-text-color has-background is-layout-constrained wp-block-group-is-layout-constrained\" style=\"padding-top:var(--wp--preset--spacing--section-bottom);padding-bottom:var(--wp--preset--spacing--section-bottom)\">\n<section class=\"wp-block-group alignfull black-content has-white-color has-darkgray-background-color has-text-color has-background is-layout-constrained wp-block-group-is-layout-constrained\" style=\"padding-top:var(--wp--preset--spacing--section-bottom);padding-bottom:var(--wp--preset--spacing--section-bottom)\">\n<div class=\"wp-block-columns alignwide mobile-reverse is-layout-flex wp-container-core-columns-is-layout-ca64bf2d wp-block-columns-is-layout-flex\" style=\"margin-bottom:var(--wp--preset--spacing--side-padding)\">\n<div class=\"wp-block-column is-vertically-aligned-center is-layout-flow wp-block-column-is-layout-flow\">\n<h3 class=\"wp-block-heading\" style=\"margin-bottom:var(--wp--preset--spacing--h-3-bottom)\">lasersk\u00e5rne logodetaljer<\/h3>\n\n\n\n<p><strong><em>\u00c6stetik og f\u00f8rsteklasses h\u00e5ndv\u00e6rk<\/em><\/strong><\/p>\n\n\n\n<p>Vi introducerer vores bem\u00e6rkelsesv\u00e6rdige lasersk\u00e5rne logodetaljer, som er indbegrebet af v\u00e6gtl\u00f8ftningsfinesse. Disse h\u00f8jteknologiske funktioner er fremstillet med pr\u00e6cisionslasersk\u00e5ret teknologi og har en sl\u00e5ende \u00e6stetik med rene, skarpe kanter, der tilf\u00f8jer ubestridelig v\u00e6rdi og raffinement til dit fitnesscenter. Deres enest\u00e5ende h\u00e5ndv\u00e6rk sikrer holdbarhed og forbedrer platformens overordnede integritet. Omfavn v\u00e6gtl\u00f8ftningskunsten i en klasse for sig, og l\u00f8ft din tr\u00e6ningsoplevelse med uovertruffen \u00e6stetik og pr\u00e6cision.<\/p>\n<\/div>\n\n\n\n<div class=\"wp-block-column is-vertically-aligned-center is-layout-flow wp-block-column-is-layout-flow\">\n<figure class=\"wp-block-image size-full is-style-rounded\"><img loading=\"lazy\" decoding=\"async\" width=\"680\" height=\"600\" src=\"https:\/\/store.evolve-fitness.eu\/wp-content\/uploads\/2023\/09\/Dizainas-be-pavadinimo-7.png\" alt=\"\" class=\"wp-image-124277\" srcset=\"https:\/\/store.evolve-fitness.eu\/wp-content\/uploads\/2023\/09\/Dizainas-be-pavadinimo-7.png 680w, https:\/\/store.evolve-fitness.eu\/wp-content\/uploads\/2023\/09\/Dizainas-be-pavadinimo-7-300x265.png 300w, https:\/\/store.evolve-fitness.eu\/wp-content\/uploads\/2023\/09\/Dizainas-be-pavadinimo-7-600x529.png 600w\" sizes=\"auto, (max-width: 680px) 100vw, 680px\" \/><\/figure>\n<\/div>\n<\/div>\n\n\n\n<div class=\"wp-block-columns alignwide mobile-reverse is-layout-flex wp-container-core-columns-is-layout-ca64bf2d wp-block-columns-is-layout-flex\" style=\"margin-bottom:var(--wp--preset--spacing--side-padding)\">\n<div class=\"wp-block-column is-vertically-aligned-center is-layout-flow wp-block-column-is-layout-flow\">\n<figure class=\"wp-block-image size-full is-style-rounded\"><img loading=\"lazy\" decoding=\"async\" width=\"680\" height=\"600\" src=\"https:\/\/store.evolve-fitness.eu\/wp-content\/uploads\/2023\/09\/Dizainas-be-pavadinimo-8.png\" alt=\"\" class=\"wp-image-124302\" srcset=\"https:\/\/store.evolve-fitness.eu\/wp-content\/uploads\/2023\/09\/Dizainas-be-pavadinimo-8.png 680w, https:\/\/store.evolve-fitness.eu\/wp-content\/uploads\/2023\/09\/Dizainas-be-pavadinimo-8-300x265.png 300w, https:\/\/store.evolve-fitness.eu\/wp-content\/uploads\/2023\/09\/Dizainas-be-pavadinimo-8-600x529.png 600w\" sizes=\"auto, (max-width: 680px) 100vw, 680px\" \/><\/figure>\n<\/div>\n\n\n\n<div class=\"wp-block-column is-vertically-aligned-center is-layout-flow wp-block-column-is-layout-flow\">\n<h3 class=\"wp-block-heading\" style=\"margin-bottom:var(--wp--preset--spacing--h-3-bottom)\">FORST\u00c6RKEDE HJ\u00d8RNER<\/h3>\n\n\n\n<p><strong><em>Forbedret strukturel integritet for maksimal stabilitet<\/em><\/strong><\/p>\n\n\n\n<p style=\"margin-bottom:var(--wp--preset--spacing--tb-section-padding)\">Vi forst\u00e5r behovet for urokkelig stabilitet under intense v\u00e6gtl\u00f8ftningssessioner. Det er derfor, vores v\u00e6gtl\u00f8ftningsplatform har forst\u00e6rkede hj\u00f8rner, der sikrer maksimal strukturel integritet og st\u00f8tte. Disse pr\u00e6cisionsfremstillede hj\u00f8rner forst\u00e6rker rammen og beskytter den mod de kr\u00e6fter, der opst\u00e5r ved tunge l\u00f8ft. Med dette overlegne designelement kan du l\u00f8fte trygt, velvidende at vores platform kan klare alle de udfordringer, du uds\u00e6tter den for. Omfavn kraften i forst\u00e6rket styrke, og h\u00e6v din v\u00e6gtl\u00f8ftningspr\u00e6station med forbedret stabilitet.<\/p>\n<\/div>\n<\/div>\n\n\n\n<div class=\"wp-block-columns alignwide mobile-reverse is-layout-flex wp-container-core-columns-is-layout-ca64bf2d wp-block-columns-is-layout-flex\" style=\"margin-bottom:var(--wp--preset--spacing--side-padding)\">\n<div class=\"wp-block-column is-vertically-aligned-center is-layout-flow wp-block-column-is-layout-flow\">\n<h3 class=\"wp-block-heading\" style=\"margin-bottom:var(--wp--preset--spacing--h-3-bottom)\">Forandrer spillet<\/h3>\n\n\n\n<p><strong><em>SILENT FOAM\u2122-teknologi<\/em><\/strong><\/p>\n\n\n\n<p>Vores platform fremviser den banebrydende SILENT FOAM\u2122-teknologi, der s\u00e6tter nye standarder for v\u00e6gtl\u00f8ftningsplatforme. Dette innovative skum, der er udviklet til uovertruffen komfort og ydeevne, absorberer lyd og vibrationer og skaber et fredeligt tr\u00e6ningsmilj\u00f8. Kombineret med vores avancerede Composite Foam Technology f\u00e5r du en uovertruffen st\u00f8dabsorbering, der minimerer belastningen i hele l\u00f8ftet. L\u00e5s op for dit sande v\u00e6gtl\u00f8ftningspotentiale, n\u00e5r vores platform leverer urokkelig st\u00f8tte og stabilitet til dine mest kr\u00e6vende tr\u00e6ningspas.<\/p>\n<\/div>\n\n\n\n<div class=\"wp-block-column is-vertically-aligned-center is-layout-flow wp-block-column-is-layout-flow\">\n<figure class=\"wp-block-image size-full is-style-rounded\"><img loading=\"lazy\" decoding=\"async\" width=\"768\" height=\"512\" src=\"https:\/\/store.evolve-fitness.eu\/wp-content\/uploads\/2023\/09\/EV-WP-IN-300-768x512-1.jpg\" alt=\"\" class=\"wp-image-124328\" style=\"object-fit:cover\" srcset=\"https:\/\/store.evolve-fitness.eu\/wp-content\/uploads\/2023\/09\/EV-WP-IN-300-768x512-1.jpg 768w, https:\/\/store.evolve-fitness.eu\/wp-content\/uploads\/2023\/09\/EV-WP-IN-300-768x512-1-300x200.jpg 300w, https:\/\/store.evolve-fitness.eu\/wp-content\/uploads\/2023\/09\/EV-WP-IN-300-768x512-1-600x400.jpg 600w\" sizes=\"auto, (max-width: 768px) 100vw, 768px\" \/><\/figure>\n<\/div>\n<\/div>\n\n\n\n<div class=\"wp-block-columns alignwide mobile-reverse is-layout-flex wp-container-core-columns-is-layout-ca64bf2d wp-block-columns-is-layout-flex\" style=\"margin-bottom:var(--wp--preset--spacing--side-padding)\">\n<div class=\"wp-block-column is-vertically-aligned-center is-layout-flow wp-block-column-is-layout-flow\">\n<figure class=\"wp-block-video\"><video height=\"1000\" style=\"aspect-ratio: 1000 \/ 1000;\" width=\"1000\" autoplay=\"\" controls=\"\" loop=\"\" muted=\"\" src=\"https:\/\/evolve.adoras.lt\/wp-content\/uploads\/2023\/09\/Our-platform-showcases-the-groundbreaking-SILENT-FOAM&#x2122;-Technology-setting-new-standards-in-weightlifting-platforms.-Engineered-for-unparalleled-comfort-and-performance-this-innovative-foam-absor.mp4\"><\/video><\/figure>\n<\/div>\n\n\n\n<div class=\"wp-block-column is-vertically-aligned-center is-layout-flow wp-block-column-is-layout-flow\">\n<h3 class=\"wp-block-heading\" style=\"margin-bottom:var(--wp--preset--spacing--h-3-bottom)\">KRYDSFINER I \u00c9T STYKKE<\/h3>\n\n\n\n<p><strong><em>Med en sikker skridsikker bel\u00e6gning<\/em><\/strong><\/p>\n\n\n\n<p>Vores v\u00e6gtl\u00f8ftningsplatform er fremstillet af et enkelt stykke krydsfiner og forbedret med en skridsikker bel\u00e6gning, der garanterer en sikker og elastisk overflade til hvert l\u00f8ft. Denne f\u00f8rsteklasses krydsfiner, suppleret med det skridsikre greb, giver dig den stabilitet, du har brug for til at tackle selv de mest udfordrende l\u00f8ft. Opn\u00e5 perfekt fodarbejde, bevar en konsekvent positionering, og frig\u00f8r dit sande l\u00f8ftepotentiale med vores platforms uovertrufne overfladedesign.<\/p>\n<\/div>\n<\/div>\n\n\n\n<div class=\"wp-block-columns alignwide mobile-reverse is-layout-flex wp-container-core-columns-is-layout-ca64bf2d wp-block-columns-is-layout-flex\" style=\"margin-bottom:var(--wp--preset--spacing--side-padding)\">\n<div class=\"wp-block-column is-vertically-aligned-center is-layout-flow wp-block-column-is-layout-flow\">\n<h4 class=\"wp-block-heading\">SLIDST\u00c6RK GUMMI I FLERE LAG  <\/h4>\n\n\n\n<p><strong><em>Reng\u00f8ringsvenlig, smuldrefri overflade<\/em><\/strong><\/p>\n\n\n\n<p>  Oplev styrken ved vores eksklusive Wear-Resistant Multi-Layer Rubber-overflade, der har avanceret lamineringsteknologi for uovertruffen holdbarhed. Dette banebrydende gummi er konstrueret til at modst\u00e5 de mest kr\u00e6vende v\u00e6gtl\u00f8ftningsrutiner og modst\u00e5r slitage, hvilket adskiller det fra konventionelle platforme. Udnyt fordelene ved lamineret gummi, da det l\u00f8fter din tr\u00e6ningsoplevelse med uovertruffen styrke og p\u00e5lidelighed. Ikke flere kompromiser &#8211; oplev en platform, der er bygget til at holde, designet med atleten i tankerne.<\/p>\n<\/div>\n\n\n\n<div class=\"wp-block-column is-vertically-aligned-center is-layout-flow wp-block-column-is-layout-flow\">\n<figure class=\"wp-block-video\"><video height=\"1334\" style=\"aspect-ratio: 2000 \/ 1334;\" width=\"2000\" autoplay=\"\" controls=\"\" loop=\"\" muted=\"\" src=\"https:\/\/evolve-fitness.eu\/wp-content\/uploads\/2023\/09\/Evolve-Powerlifting-Sound-Vibration-Absorption-Platform-310-x-210-x-10-cm-1.mp4\"><\/video><\/figure>\n<\/div>\n<\/div>\n\n\n\n<h3 class=\"wp-block-heading\" style=\"padding-top:var(--wp--preset--spacing--tb-section-padding);padding-bottom:var(--wp--preset--spacing--tb-section-padding)\">V\u00e6lg indsatstype<\/h3>\n\n\n\n<div class=\"wp-block-columns is-layout-flex wp-container-core-columns-is-layout-9d6595d7 wp-block-columns-is-layout-flex\">\n<div class=\"wp-block-column is-layout-flow wp-block-column-is-layout-flow\">\n<figure class=\"wp-block-image size-full is-style-rounded\"><img loading=\"lazy\" decoding=\"async\" width=\"2060\" height=\"2060\" src=\"https:\/\/store.evolve-fitness.eu\/wp-content\/uploads\/2023\/09\/A7_01148.jpg\" alt=\"\" class=\"wp-image-124353\" srcset=\"https:\/\/store.evolve-fitness.eu\/wp-content\/uploads\/2023\/09\/A7_01148.jpg 2060w, https:\/\/store.evolve-fitness.eu\/wp-content\/uploads\/2023\/09\/A7_01148-300x300.jpg 300w, https:\/\/store.evolve-fitness.eu\/wp-content\/uploads\/2023\/09\/A7_01148-1024x1024.jpg 1024w, https:\/\/store.evolve-fitness.eu\/wp-content\/uploads\/2023\/09\/A7_01148-150x150.jpg 150w, https:\/\/store.evolve-fitness.eu\/wp-content\/uploads\/2023\/09\/A7_01148-768x768.jpg 768w, https:\/\/store.evolve-fitness.eu\/wp-content\/uploads\/2023\/09\/A7_01148-1536x1536.jpg 1536w, https:\/\/store.evolve-fitness.eu\/wp-content\/uploads\/2023\/09\/A7_01148-2048x2048.jpg 2048w, https:\/\/store.evolve-fitness.eu\/wp-content\/uploads\/2023\/09\/A7_01148-600x600.jpg 600w, https:\/\/store.evolve-fitness.eu\/wp-content\/uploads\/2023\/09\/A7_01148-100x100.jpg 100w\" sizes=\"auto, (max-width: 2060px) 100vw, 2060px\" \/><\/figure>\n<\/div>\n\n\n\n<div class=\"wp-block-column is-layout-flow wp-block-column-is-layout-flow\">\n<figure class=\"wp-block-image size-full is-style-rounded\"><img loading=\"lazy\" decoding=\"async\" width=\"2060\" height=\"2060\" src=\"https:\/\/store.evolve-fitness.eu\/wp-content\/uploads\/2023\/09\/A7_01182.jpg\" alt=\"\" class=\"wp-image-124378\" srcset=\"https:\/\/store.evolve-fitness.eu\/wp-content\/uploads\/2023\/09\/A7_01182.jpg 2060w, https:\/\/store.evolve-fitness.eu\/wp-content\/uploads\/2023\/09\/A7_01182-300x300.jpg 300w, https:\/\/store.evolve-fitness.eu\/wp-content\/uploads\/2023\/09\/A7_01182-1024x1024.jpg 1024w, https:\/\/store.evolve-fitness.eu\/wp-content\/uploads\/2023\/09\/A7_01182-150x150.jpg 150w, https:\/\/store.evolve-fitness.eu\/wp-content\/uploads\/2023\/09\/A7_01182-768x768.jpg 768w, https:\/\/store.evolve-fitness.eu\/wp-content\/uploads\/2023\/09\/A7_01182-1536x1536.jpg 1536w, https:\/\/store.evolve-fitness.eu\/wp-content\/uploads\/2023\/09\/A7_01182-2048x2048.jpg 2048w, https:\/\/store.evolve-fitness.eu\/wp-content\/uploads\/2023\/09\/A7_01182-600x600.jpg 600w, https:\/\/store.evolve-fitness.eu\/wp-content\/uploads\/2023\/09\/A7_01182-100x100.jpg 100w\" sizes=\"auto, (max-width: 2060px) 100vw, 2060px\" \/><\/figure>\n<\/div>\n\n\n\n<div class=\"wp-block-column is-layout-flow wp-block-column-is-layout-flow\">\n<figure class=\"wp-block-image size-full is-resized is-style-rounded\"><img loading=\"lazy\" decoding=\"async\" width=\"2060\" height=\"2060\" src=\"https:\/\/store.evolve-fitness.eu\/wp-content\/uploads\/2023\/09\/A7_01163.jpg\" alt=\"\" class=\"wp-image-124403\" style=\"width:464px;height:auto\" srcset=\"https:\/\/store.evolve-fitness.eu\/wp-content\/uploads\/2023\/09\/A7_01163.jpg 2060w, https:\/\/store.evolve-fitness.eu\/wp-content\/uploads\/2023\/09\/A7_01163-300x300.jpg 300w, https:\/\/store.evolve-fitness.eu\/wp-content\/uploads\/2023\/09\/A7_01163-1024x1024.jpg 1024w, https:\/\/store.evolve-fitness.eu\/wp-content\/uploads\/2023\/09\/A7_01163-150x150.jpg 150w, https:\/\/store.evolve-fitness.eu\/wp-content\/uploads\/2023\/09\/A7_01163-768x768.jpg 768w, https:\/\/store.evolve-fitness.eu\/wp-content\/uploads\/2023\/09\/A7_01163-1536x1536.jpg 1536w, https:\/\/store.evolve-fitness.eu\/wp-content\/uploads\/2023\/09\/A7_01163-2048x2048.jpg 2048w, https:\/\/store.evolve-fitness.eu\/wp-content\/uploads\/2023\/09\/A7_01163-600x600.jpg 600w, https:\/\/store.evolve-fitness.eu\/wp-content\/uploads\/2023\/09\/A7_01163-100x100.jpg 100w\" sizes=\"auto, (max-width: 2060px) 100vw, 2060px\" \/><\/figure>\n<\/div>\n<\/div>\n\n\n\n<div class=\"wp-block-columns is-layout-flex wp-container-core-columns-is-layout-9d6595d7 wp-block-columns-is-layout-flex\">\n<div class=\"wp-block-column is-vertically-aligned-center is-layout-flow wp-block-column-is-layout-flow\">\n<h4 class=\"wp-block-heading\" style=\"margin-bottom:var(--wp--preset--spacing--h-3-bottom)\">KRYDSFINER I \u00c9T STYKKE<\/h4>\n\n\n\n<p><strong><em>Med en sikker skridsikker bel\u00e6gning<\/em><\/strong><\/p>\n\n\n\n<p>Vores v\u00e6gtl\u00f8ftningsplatform er fremstillet af et enkelt stykke krydsfiner og forbedret med en skridsikker bel\u00e6gning, der garanterer en sikker og elastisk overflade til hvert l\u00f8ft. Denne f\u00f8rsteklasses krydsfiner, suppleret med det skridsikre greb, giver dig den stabilitet, du har brug for til at tackle selv de mest udfordrende l\u00f8ft. Opn\u00e5 perfekt fodarbejde, bevar en konsekvent positionering, og frig\u00f8r dit sande l\u00f8ftepotentiale med vores platforms uovertrufne overfladedesign.<\/p>\n<\/div>\n\n\n\n<div class=\"wp-block-column is-vertically-aligned-center is-layout-flow wp-block-column-is-layout-flow\">\n<h4 class=\"wp-block-heading\" style=\"margin-bottom:var(--wp--preset--spacing--h-3-bottom)\">KRYDSFINER I TR\u00c6IMITATION<\/h4>\n\n\n\n<p><strong><em>Naturens \u00e6stetik<\/em><\/strong><\/p>\n\n\n\n<p>Udnyt tr\u00e6ets naturlige sk\u00f8nhed uden at g\u00e5 p\u00e5 kompromis med ydeevnen. Vores tr\u00e6imiterede krydsfiner udstr\u00e5ler elegance og charme og tilf\u00f8jer et strejf af raffinement til dit tr\u00e6ningsmilj\u00f8. Denne l\u00f8sning er lige s\u00e5 \u00e6stetisk som \u00e6gte tr\u00e6, og den kombinerer holdbarhed med naturmaterialernes tiltr\u00e6kningskraft og skaber en varm og indbydende atmosf\u00e6re, hvor motionisterne kan trives.<\/p>\n<\/div>\n\n\n\n<div class=\"wp-block-column is-vertically-aligned-center is-layout-flow wp-block-column-is-layout-flow\">\n<h4 class=\"wp-block-heading\" style=\"margin-bottom:var(--wp--preset--spacing--h-3-bottom)\">PREMIUM OAK<\/h4>\n\n\n\n<p><strong><em>Elegance omdefineret<\/em><\/strong><\/p>\n\n\n\n<p>L\u00f8ft dit fitnesscenter til nye h\u00f8jder af raffinement med vores Premium Oak. Denne f\u00f8rsteklasses l\u00f8sning er fremstillet af \u00e6gte egetr\u00e6 og udstr\u00e5ler tidl\u00f8s elegance og prestige. Den naturlige sk\u00f8nhed, de tydelige kornm\u00f8nstre og den uovertrufne styrke skaber et virkelig luksuri\u00f8st motionsrum. Med Premium Oak investerer du ikke kun i f\u00f8rsteklasses udstyr, men skaber ogs\u00e5 et milj\u00f8, der inspirerer og motiverer fitnessentusiaster til at n\u00e5 deres fitnessm\u00e5l p\u00e5 bedste vis.<\/p>\n<\/div>\n<\/div>\n<\/section>\n<\/section>\n","protected":false},"excerpt":{"rendered":"<p>Forbedr dit fitnessrum med Evolve Free Standing Sound &amp; Vibration Absorption Platform FS-100. Denne platform er designet til b\u00e5de personlige og kommercielle fitnesscentre og er et kraftv\u00e6rk inden for st\u00f8j- og vibrationsd\u00e6mpning. Den flerlagede konstruktion minimerer hoppen og vibrationer, hvilket sikrer et mere st\u00f8jsvagt tr\u00e6ningsmilj\u00f8. Den er fremstillet af lydt\u00e6tte materialer og er perfekt til olympisk v\u00e6gtl\u00f8ftning og crossfit. Og den robuste konstruktion med skridsikkert laminat og slidst\u00e6rke gummilister garanterer lang levetid. L\u00f8ft dit fitnesscenter med denne modstandsdygtige l\u00f8sning i dag!<\/p>\n","protected":false},"featured_media":21376,"template":"","meta":{"_acf_changed":false,"inline_featured_image":false},"product_cat":[852,861],"product_tag":[],"class_list":{"0":"post-21370","1":"product","2":"type-product","3":"status-publish","4":"has-post-thumbnail","6":"product_cat-platforme-og-gulvbelaegning","7":"product_cat-platforme-da","9":"first","10":"outofstock","11":"shipping-taxable","12":"purchasable","13":"product-type-variable"},"acf":[],"_links":{"self":[{"href":"https:\/\/store.evolve-fitness.eu\/da\/wp-json\/wp\/v2\/product\/21370","targetHints":{"allow":["GET"]}}],"collection":[{"href":"https:\/\/store.evolve-fitness.eu\/da\/wp-json\/wp\/v2\/product"}],"about":[{"href":"https:\/\/store.evolve-fitness.eu\/da\/wp-json\/wp\/v2\/types\/product"}],"wp:featuredmedia":[{"embeddable":true,"href":"https:\/\/store.evolve-fitness.eu\/da\/wp-json\/wp\/v2\/media\/21376"}],"wp:attachment":[{"href":"https:\/\/store.evolve-fitness.eu\/da\/wp-json\/wp\/v2\/media?parent=21370"}],"wp:term":[{"taxonomy":"product_cat","embeddable":true,"href":"https:\/\/store.evolve-fitness.eu\/da\/wp-json\/wp\/v2\/product_cat?post=21370"},{"taxonomy":"product_tag","embeddable":true,"href":"https:\/\/store.evolve-fitness.eu\/da\/wp-json\/wp\/v2\/product_tag?post=21370"}],"curies":[{"name":"wp","href":"https:\/\/api.w.org\/{rel}","templated":true}]}}