{"id":19556,"date":"2023-09-25T12:15:34","date_gmt":"2023-09-25T12:15:34","guid":{"rendered":"https:\/\/store.evolve-fitness.eu\/product\/evolve-urethane-kropspumpesaet-195-kg\/"},"modified":"2026-04-02T12:00:21","modified_gmt":"2026-04-02T12:00:21","slug":"evolve-urethane-kropspumpesaet-195-kg","status":"publish","type":"product","link":"https:\/\/store.evolve-fitness.eu\/da\/vare\/evolve-urethane-kropspumpesaet-195-kg\/","title":{"rendered":"Evolve Urethane kropspumpes\u00e6t &#8211; 19,5 kg"},"content":{"rendered":"\n<p> <mark style=\"background-color:rgba(0, 0, 0, 0);color:#ffffff\" class=\"has-inline-color\">ASD<\/mark><\/p>\n\n<section class=\"wp-block-group alignfull black-content has-white-color has-darkgray-background-color has-text-color has-background is-layout-constrained wp-block-group-is-layout-constrained\" style=\"padding-top:var(--wp--preset--spacing--section-bottom);padding-bottom:var(--wp--preset--spacing--section-bottom)\">\n<section class=\"wp-block-group alignfull black-content has-white-color has-darkgray-background-color has-text-color has-background is-layout-constrained wp-block-group-is-layout-constrained\" style=\"padding-top:var(--wp--preset--spacing--section-bottom);padding-bottom:var(--wp--preset--spacing--section-bottom)\">\n<div class=\"wp-block-columns alignwide mobile-reverse is-layout-flex wp-container-core-columns-is-layout-ca64bf2d wp-block-columns-is-layout-flex\" style=\"margin-bottom:var(--wp--preset--spacing--side-padding)\">\n<div class=\"wp-block-column is-vertically-aligned-center is-layout-flow wp-block-column-is-layout-flow\">\n<h3 class=\"wp-block-heading\" style=\"margin-bottom:var(--wp--preset--spacing--h-3-bottom)\"><strong>Uovertruffen holdbarhed og ydeevne<\/strong><\/h3>\n\n\n\n<p><em><strong>Overlegen design til effektiv tr\u00e6ning<\/strong><\/em><\/p>\n\n\n\n<p style=\"margin-bottom:var(--wp--preset--spacing--tb-section-padding)\">Oplev det ypperste inden for holdbarhed med Evolve Urethane Body Pump Set &#8211; 19,5 kg. Dette s\u00e6t er fremstillet af f\u00f8rsteklasses urethanmateriale og garanterer langvarig ydeevne, hvilket g\u00f8r det til et ideelt valg til b\u00e5de kommercielle fitnesscentre og hjemmetr\u00e6ning. Den robuste konstruktion sikrer modstandsdygtighed over for ridser, sk\u00e5r og afskalning og bevarer sit uber\u00f8rte udseende i \u00e5revis uden behov for hyppige udskiftninger.<\/p>\n\n\n\n<h3 class=\"wp-block-heading\" style=\"margin-bottom:var(--wp--preset--spacing--h-3-bottom)\">Pr\u00e6cisionsfremstillede v\u00e6gte i urethan<\/h3>\n\n\n\n<p><strong><em>Konsekvent ydeevne til effektiv tr\u00e6ning<\/em><\/strong><\/p>\n\n\n\n<p>Oplev en j\u00e6vn belastning og aflastning af pladerne med de afrundede muffespidser i Evolve Urethane Body Pump Set. Hver urethanv\u00e6gt, herunder 2 x 1,25 kg, 2 x 2,5 kg og 2 x 5 kg, er pr\u00e6cisionsfremstillet efter n\u00f8jagtige specifikationer, hvilket giver ensartet v\u00e6gt og f\u00f8lelse til pr\u00e6cis tr\u00e6ning.<\/p>\n<\/div>\n\n\n\n<div class=\"wp-block-column is-vertically-aligned-center is-layout-flow wp-block-column-is-layout-flow\">\n<figure class=\"wp-block-video\"><video autoplay=\"\" controls=\"\" loop=\"\" muted=\"\" src=\"https:\/\/evolve-fitness.eu\/wp-content\/uploads\/2023\/12\/1.mp4\"><\/video><\/figure>\n<\/div>\n<\/div>\n\n\n\n<div class=\"wp-block-columns alignwide is-layout-flex wp-container-core-columns-is-layout-c45ee707 wp-block-columns-is-layout-flex\" style=\"margin-bottom:var(--wp--preset--spacing--side-padding);padding-top:var(--wp--preset--spacing--side-padding)\">\n<div class=\"wp-block-column is-vertically-aligned-center is-layout-flow wp-block-column-is-layout-flow\">\n<figure class=\"wp-block-image size-full is-resized is-style-rounded\"><img decoding=\"async\" src=\"https:\/\/evolve-fitness.eu\/wp-content\/uploads\/2023\/08\/TPU-urethane-weight-plates-6.jpg\" alt=\"\" class=\"wp-image-838\" style=\"object-fit:cover;width:680px;height:600px\"\/><\/figure>\n<\/div>\n\n\n\n<div class=\"wp-block-column is-vertically-aligned-center is-layout-flow wp-block-column-is-layout-flow\">\n<h3 class=\"wp-block-heading\" style=\"margin-bottom:var(--wp--preset--spacing--h-3-bottom)\">Tilpasning og stil<\/h3>\n\n\n\n<p><strong><em><strong><em><strong><em>L\u00f8ft dit fitnesscenters branding med Body Pump-s\u00e6ttet<\/em><\/strong><\/em><\/strong><\/em><\/strong><\/p>\n\n\n\n<p style=\"margin-bottom:var(--wp--preset--spacing--tb-section-padding)\">Med tilpasningsmuligheder kan du tilf\u00f8je dit logo og v\u00e6lge tilpassede farver for at skabe en unik tr\u00e6ningsoplevelse, der adskiller dit fitnesscenter fra konkurrenterne. Evolve Urethane Body Pump Set giver et visuelt sl\u00e5ende og sammenh\u00e6ngende look, der perfekt supplerer et fitnessbrands identitet. Valget af farver spiller en afg\u00f8rende rolle for at sikre, at s\u00e6ttet ikke bare skiller sig ud, men ogs\u00e5 resonerer med brandets \u00e6stetik. Evolve Urethane Body Pump Set har et lasersk\u00e5ret logo med urethan og v\u00e6gtangivelser, der ikke skaller af eller slides af med tiden, og det er bygget til at holde.<\/p>\n<\/div>\n<\/div>\n\n\n\n<div class=\"wp-block-columns alignwide mobile-reverse is-layout-flex wp-container-core-columns-is-layout-ca64bf2d wp-block-columns-is-layout-flex\" style=\"margin-bottom:var(--wp--preset--spacing--side-padding)\">\n<div class=\"wp-block-column is-vertically-aligned-center is-layout-flow wp-block-column-is-layout-flow\">\n<h3 class=\"wp-block-heading\" style=\"margin-bottom:var(--wp--preset--spacing--h-3-bottom)\">FUNKTIONALITET<\/h3>\n\n\n\n<p>Det unikke design g\u00f8r, at v\u00e6gten ikke kan sidde fast p\u00e5 stangen.<\/p>\n\n\n\n<p style=\"margin-bottom:var(--wp--preset--spacing--tb-section-padding)\">Evolve-v\u00e6gtskiverne har en struktureret overflade, som er nem at reng\u00f8re, skridsikker og giver et godt greb ved h\u00e5ndtering. Disse funktioner sikrer ogs\u00e5 sikkerheden og minimerer muligheden for, at brugerne klemmer fingrene, n\u00e5r de l\u00e6gger plader p\u00e5 og af stangen.<\/p>\n\n\n\n<h3 class=\"wp-block-heading\" style=\"margin-bottom:var(--wp--preset--spacing--h-3-bottom)\">Urethan-bel\u00e6gning<\/h3>\n\n\n\n<p>Uretanbel\u00e6gningen er meget slagfast og dobbelt s\u00e5 holdbar som gummibel\u00e6gningen.<\/p>\n\n\n\n<p>Malede overflader kan flosse og ruste, gummi kan skalle af eller revne med tiden. Evolve urethan-v\u00e6gtskiver er ekstremt holdbare og nedbrydes ikke. Disse v\u00e6gte vil bevare en fed solid farve i hele levetiden.<\/p>\n<\/div>\n\n\n\n<div class=\"wp-block-column is-vertically-aligned-center is-layout-flow wp-block-column-is-layout-flow\">\n<figure class=\"wp-block-image alignleft size-full is-resized is-style-rounded\"><img decoding=\"async\" src=\"https:\/\/evolve-fitness.eu\/wp-content\/uploads\/2023\/12\/A7_05432.jpg\" alt=\"\" class=\"wp-image-7840\" style=\"width:686px;height:652px\"\/><\/figure>\n<\/div>\n<\/div>\n\n\n\n<div class=\"wp-block-columns alignwide is-layout-flex wp-container-core-columns-is-layout-c45ee707 wp-block-columns-is-layout-flex\" style=\"margin-bottom:var(--wp--preset--spacing--side-padding);padding-top:var(--wp--preset--spacing--side-padding)\">\n<div class=\"wp-block-column is-vertically-aligned-center is-layout-flow wp-block-column-is-layout-flow\">\n<figure class=\"wp-block-image size-large\"><img decoding=\"async\" src=\"https:\/\/evolve-fitness.eu\/wp-content\/uploads\/2023\/12\/Lemon-Gym-Teika-3-1024x768.jpg\" alt=\"\" class=\"wp-image-8985\"\/><\/figure>\n<\/div>\n\n\n\n<div class=\"wp-block-column is-vertically-aligned-center is-layout-flow wp-block-column-is-layout-flow\">\n<h3 class=\"wp-block-heading\" style=\"margin-bottom:var(--wp--preset--spacing--h-3-bottom)\">Sikkerhed f\u00f8rst<\/h3>\n\n\n\n<p><strong><em>En sikker og trov\u00e6rdig tr\u00e6ningsoplevelse<\/em><\/strong><\/p>\n\n\n\n<p>Hos Evolve er sikkerhed vores h\u00f8jeste prioritet. Vores urethan-v\u00e6gtskiver er fremstillet af et giftfrit og lugtfrit urethan-materiale af h\u00f8j kvalitet, som sikrer et sikkert og sundt tr\u00e6ningsmilj\u00f8.<\/p>\n<\/div>\n<\/div>\n\n\n\n<div class=\"wp-block-columns alignwide is-layout-flex wp-container-core-columns-is-layout-c45ee707 wp-block-columns-is-layout-flex\" style=\"margin-bottom:var(--wp--preset--spacing--side-padding);padding-top:var(--wp--preset--spacing--side-padding)\">\n<div class=\"wp-block-column is-vertically-aligned-center is-layout-flow wp-block-column-is-layout-flow\">\n<h3 class=\"wp-block-heading\" style=\"margin-bottom:var(--wp--preset--spacing--h-3-bottom)\">Sig farvel til klemte fingre<\/h3>\n\n\n\n<p><strong><em>Med Evolve v\u00e6gtskiver af urethan<\/em><\/strong><\/p>\n\n\n\n<p>Evolve Urethane Weight Plates er designet til at g\u00f8re af- og p\u00e5l\u00e6sning mere sikker og effektiv for motionisterne. S\u00e6ttet indeholder en 140 cm lang v\u00e6gtstang og fjederkraver, der sikrer en sikker og p\u00e5lidelig tr\u00e6ningsoplevelse. Pladernes strukturerede overflade og afrundede form er ogs\u00e5 med til at forhindre, at de kl\u00e6ber til hinanden eller til andre overflader. Pladerne er nemme at b\u00e6re og kan bruges til mange forskellige \u00f8velser. Uanset om du laver d\u00f8dl\u00f8ft eller lunges, g\u00f8r de fire h\u00e5ndtag det nemt at transportere og bruge dine v\u00e6gtskiver, hvilket g\u00f8r din tr\u00e6ning mere effektiv.<\/p>\n<\/div>\n\n\n\n<div class=\"wp-block-column is-vertically-aligned-center is-layout-flow wp-block-column-is-layout-flow\">\n<div class=\"wp-block-columns is-layout-flex wp-container-core-columns-is-layout-9d6595d7 wp-block-columns-is-layout-flex\">\n<div class=\"wp-block-column is-layout-flow wp-block-column-is-layout-flow\">\n<figure class=\"wp-block-image size-full is-style-rounded\"><img decoding=\"async\" src=\"https:\/\/evolve-fitness.eu\/wp-content\/uploads\/2023\/08\/iskirpta-stanga-su-uretanu.png\" alt=\"\" class=\"wp-image-806\"\/><\/figure>\n<\/div>\n<\/div>\n<\/div>\n<\/div>\n<\/section>\n<\/section>\n","protected":false},"excerpt":{"rendered":"<p>L\u00f8ft dit fitnesscenter med Evolve Urethane Body Pump Set, der er perfekt til kommerciel brug. Dette s\u00e6t, der kan tilpasses, indeholder en 140 cm lang v\u00e6gtstang, fjederkraver og holdbare betonv\u00e6gte, der alle er belagt med slagfast urethan. Pladerne har en struktureret overflade, der giver et sikkert greb, beskytter dit gulv og reducerer tr\u00e6ningsst\u00f8j. Pr\u00e6cisionsst\u00f8bning sikrer balance, hvilket g\u00f8r dem ideelle til b\u00e5de private og professionelle fitnesscentre. Opgrader dit fitnesscenters udstyr og brandimage med Evolve.<\/p>\n","protected":false},"featured_media":90231,"template":"","meta":{"_acf_changed":false,"inline_featured_image":false},"product_cat":[977,2189,459],"product_tag":[],"class_list":{"0":"post-19556","1":"product","2":"type-product","3":"status-publish","4":"has-post-thumbnail","6":"product_cat-frie-vaegte","7":"product_cat-bar-saet","8":"product_cat-studio-da","10":"first","11":"instock","12":"shipping-taxable","13":"purchasable","14":"product-type-simple"},"acf":[],"_links":{"self":[{"href":"https:\/\/store.evolve-fitness.eu\/da\/wp-json\/wp\/v2\/product\/19556","targetHints":{"allow":["GET"]}}],"collection":[{"href":"https:\/\/store.evolve-fitness.eu\/da\/wp-json\/wp\/v2\/product"}],"about":[{"href":"https:\/\/store.evolve-fitness.eu\/da\/wp-json\/wp\/v2\/types\/product"}],"wp:featuredmedia":[{"embeddable":true,"href":"https:\/\/store.evolve-fitness.eu\/da\/wp-json\/wp\/v2\/media\/90231"}],"wp:attachment":[{"href":"https:\/\/store.evolve-fitness.eu\/da\/wp-json\/wp\/v2\/media?parent=19556"}],"wp:term":[{"taxonomy":"product_cat","embeddable":true,"href":"https:\/\/store.evolve-fitness.eu\/da\/wp-json\/wp\/v2\/product_cat?post=19556"},{"taxonomy":"product_tag","embeddable":true,"href":"https:\/\/store.evolve-fitness.eu\/da\/wp-json\/wp\/v2\/product_tag?post=19556"}],"curies":[{"name":"wp","href":"https:\/\/api.w.org\/{rel}","templated":true}]}}