{"id":17714,"date":"2023-09-21T14:10:38","date_gmt":"2023-09-21T14:10:38","guid":{"rendered":"https:\/\/store.evolve-fitness.eu\/product\/evolve-saet-med-bloede-faldunderlag\/"},"modified":"2026-02-10T12:00:46","modified_gmt":"2026-02-10T12:00:46","slug":"evolve-saet-med-bloede-faldunderlag","status":"publish","type":"product","link":"https:\/\/store.evolve-fitness.eu\/da\/vare\/evolve-saet-med-bloede-faldunderlag\/","title":{"rendered":"Evolve s\u00e6t med bl\u00f8de faldunderlag"},"content":{"rendered":"\n<section class=\"wp-block-group alignfull black-content has-white-color has-darkgray-background-color has-text-color has-background is-layout-constrained wp-block-group-is-layout-constrained\" style=\"padding-top:var(--wp--preset--spacing--section-bottom);padding-bottom:var(--wp--preset--spacing--section-bottom)\">\n<div class=\"wp-block-columns alignwide mobile-reverse is-layout-flex wp-container-core-columns-is-layout-ca64bf2d wp-block-columns-is-layout-flex\" style=\"margin-bottom:var(--wp--preset--spacing--side-padding)\">\n<div class=\"wp-block-column is-vertically-aligned-center is-layout-flow wp-block-column-is-layout-flow\">\n<h3 class=\"wp-block-heading\" style=\"margin-bottom:var(--wp--preset--spacing--h-3-bottom)\"><strong><strong>Maksimer din tr\u00e6ning med mobilitet<\/strong><\/strong><\/h3>\n\n\n\n<p><strong><em><em>B\u00e6rbar beskyttelse<\/em><\/em><\/strong><\/p>\n\n\n\n<p style=\"margin-bottom:var(--wp--preset--spacing--tb-section-padding)\">Evolve Soft Drop Pad Set er en mobil og effektiv l\u00f8sning til atleter, der \u00f8nsker at reducere st\u00f8j og st\u00f8d under tunge l\u00f8ft. Disse b\u00e6rbare puder sikrer beskyttelse af gulv og udstyr, hvilket g\u00f8r dem til et ideelt valg til b\u00e5de private og kommercielle fitnesscentre, hvor pladsoptimering og st\u00f8jd\u00e6mpning er afg\u00f8rende. <\/p>\n<\/div>\n\n\n\n<div class=\"wp-block-column is-vertically-aligned-center is-layout-flow wp-block-column-is-layout-flow\">\n<figure class=\"wp-block-video\"><video autoplay=\"\" controls=\"\" loop=\"\" muted=\"\" src=\"https:\/\/evolve-fitness.eu\/wp-content\/uploads\/2023\/09\/Evolve-Soft-Drop-Pad-Set-Video.mp4\"><\/video><\/figure>\n<\/div>\n<\/div>\n\n\n\n<div class=\"wp-block-columns alignwide is-layout-flex wp-container-core-columns-is-layout-c45ee707 wp-block-columns-is-layout-flex\" style=\"margin-bottom:var(--wp--preset--spacing--side-padding);padding-top:var(--wp--preset--spacing--side-padding)\">\n<div class=\"wp-block-column is-vertically-aligned-center is-layout-flow wp-block-column-is-layout-flow\">\n<figure class=\"wp-block-image size-large\"><img decoding=\"async\" src=\"https:\/\/evolve-fitness.eu\/wp-content\/uploads\/2023\/09\/Evolve-Soft-Drop-Pad-Set-EV-PF-DP-100-1024x683.jpg\" alt=\"EV-PF-DP-100\" class=\"wp-image-10846\"\/><\/figure>\n<\/div>\n\n\n\n<div class=\"wp-block-column is-vertically-aligned-center is-layout-flow wp-block-column-is-layout-flow\">\n<h3 class=\"wp-block-heading\" style=\"margin-bottom:var(--wp--preset--spacing--h-3-bottom)\"><strong><strong><strong>Innovative materialer: Styrke og stil<\/strong><\/strong><\/strong><\/h3>\n\n\n\n<p><strong><em><em><em>Carbon-design for overlegen kvalitet<\/em><\/em><\/em><\/strong><\/p>\n\n\n\n<p>Evolve Soft Drop Pad Set er fremstillet af innovative materialer og har et stilfuldt carbon-design, der ikke kun \u00f8ger holdbarheden, men ogs\u00e5 tilf\u00f8jer en moderne \u00e6stetik til dit tr\u00e6ningsrum. Disse materialer er valgt ud fra deres evne til at absorbere st\u00f8d effektivt, hvilket sikrer pudernes levetid og dit udstyrs sikkerhed. <\/p>\n<\/div>\n<\/div>\n\n\n\n<div class=\"wp-block-columns alignwide is-layout-flex wp-container-core-columns-is-layout-c45ee707 wp-block-columns-is-layout-flex\" style=\"margin-bottom:var(--wp--preset--spacing--side-padding);padding-top:var(--wp--preset--spacing--side-padding)\">\n<div class=\"wp-block-column is-vertically-aligned-center is-layout-flow wp-block-column-is-layout-flow\">\n<h3 class=\"wp-block-heading\" style=\"margin-bottom:var(--wp--preset--spacing--h-3-bottom)\"><strong><strong>Bygget til at holde: Holdbarhed m\u00f8der design<\/strong><\/strong><\/h3>\n\n\n\n<p><strong><em><em>Udviklet til udholdenhed<\/em><\/em><\/strong><\/p>\n\n\n\n<p>Evolve Soft Drop Pad Set udm\u00e6rker sig ved sin exceptionelle holdbarhed, der er udviklet til at kunne modst\u00e5 h\u00e5rdh\u00e6ndet brug i ethvert fitnessmilj\u00f8. Disse puder er fremstillet af materialer af h\u00f8j kvalitet og er designet til at modst\u00e5 p\u00e5virkningen fra intens tr\u00e6ning, hvilket sikrer langvarig ydeevne og p\u00e5lidelighed. Ideel til dem, der s\u00f8ger en holdbar l\u00f8sning til at beskytte deres gulve og udstyr.  <\/p>\n<\/div>\n\n\n\n<div class=\"wp-block-column is-vertically-aligned-center is-layout-flow wp-block-column-is-layout-flow\">\n<figure class=\"wp-block-video\"><video height=\"1200\" style=\"aspect-ratio: 1600 \/ 1200;\" width=\"1600\" autoplay=\"\" controls=\"\" loop=\"\" muted=\"\" src=\"https:\/\/evolve-fitness.eu\/wp-content\/uploads\/2024\/01\/Evolve-Soft-Drop-Pad-Set-2.mp4\"><\/video><\/figure>\n<\/div>\n<\/div>\n\n\n\n<div class=\"wp-block-columns alignwide is-layout-flex wp-container-core-columns-is-layout-c45ee707 wp-block-columns-is-layout-flex\" style=\"margin-bottom:var(--wp--preset--spacing--side-padding);padding-top:var(--wp--preset--spacing--side-padding)\">\n<div class=\"wp-block-column is-vertically-aligned-center is-layout-flow wp-block-column-is-layout-flow\">\n<figure class=\"wp-block-image size-large\"><img decoding=\"async\" src=\"https:\/\/evolve-fitness.eu\/wp-content\/uploads\/2023\/09\/Evolve-Soft-Drop-Pad-Set-Plate-EV-PF-DP-100-1024x683.jpg\" alt=\"EV-PF-DP-100\" class=\"wp-image-10850\"\/><\/figure>\n<\/div>\n\n\n\n<div class=\"wp-block-column is-vertically-aligned-center is-layout-flow wp-block-column-is-layout-flow\">\n<h3 class=\"wp-block-heading\" style=\"margin-bottom:var(--wp--preset--spacing--h-3-bottom)\"><strong><strong><strong><strong><strong>Problemfri integration<\/strong><\/strong><\/strong><\/strong><\/strong><\/h3>\n\n\n\n<p><strong><em><strong><strong><strong><strong><strong><strong>\u00c6stetik og funktionalitet<\/strong><\/strong><\/strong><\/strong><\/strong><\/strong>litet, der<em>harmonerer med Evolves Carbon-serie<\/em><\/em><\/strong><\/p>\n\n\n\n<p>Evolve Soft Drop Pad Set er designet til at supplere andet Evolve-udstyr, herunder st\u00e6nger, frie v\u00e6gte og genstande fra carbon-serien, s\u00e5 det kan integreres problemfrit i din fitnessops\u00e6tning. Det sammenh\u00e6ngende design sikrer et ensartet udseende og fornemmelse i hele dit tr\u00e6ningsrum, hvilket forbedrer b\u00e5de funktionalitet og \u00e6stetisk appel. <\/p>\n<\/div>\n<\/div>\n<\/section>\n","protected":false},"excerpt":{"rendered":"<p>Vi introducerer Evolve Soft Drop Pad-s\u00e6ttet &#8211; din ultimative l\u00f8sning til beskyttelse af st\u00f8j og gulv<\/p>\n<p>Er du tr\u00e6t af den konstante klapren og gulvskader for\u00e5rsaget af tabte v\u00e6gte og v\u00e6gtst\u00e6nger i dit fitnesscenter? Du beh\u00f8ver ikke lede l\u00e6ngere end til Evolve Soft Drop Pad Set. Disse puder er designet til at revolutionere dit tr\u00e6ningsrum og er konstrueret til at reducere st\u00f8j, beskytte dit gulv og give dit tr\u00e6ningscenter et strejf af moderne stil.<\/p>\n","protected":false},"featured_media":17731,"template":"","meta":{"_acf_changed":false,"inline_featured_image":false},"product_cat":[585,588],"product_tag":[],"class_list":{"0":"post-17714","1":"product","2":"type-product","3":"status-publish","4":"has-post-thumbnail","6":"product_cat-tvaergaende-og-funktionel","7":"product_cat-funktionelt-udstyr","9":"first","10":"instock","11":"shipping-taxable","12":"purchasable","13":"product-type-simple"},"acf":[],"_links":{"self":[{"href":"https:\/\/store.evolve-fitness.eu\/da\/wp-json\/wp\/v2\/product\/17714","targetHints":{"allow":["GET"]}}],"collection":[{"href":"https:\/\/store.evolve-fitness.eu\/da\/wp-json\/wp\/v2\/product"}],"about":[{"href":"https:\/\/store.evolve-fitness.eu\/da\/wp-json\/wp\/v2\/types\/product"}],"wp:featuredmedia":[{"embeddable":true,"href":"https:\/\/store.evolve-fitness.eu\/da\/wp-json\/wp\/v2\/media\/17731"}],"wp:attachment":[{"href":"https:\/\/store.evolve-fitness.eu\/da\/wp-json\/wp\/v2\/media?parent=17714"}],"wp:term":[{"taxonomy":"product_cat","embeddable":true,"href":"https:\/\/store.evolve-fitness.eu\/da\/wp-json\/wp\/v2\/product_cat?post=17714"},{"taxonomy":"product_tag","embeddable":true,"href":"https:\/\/store.evolve-fitness.eu\/da\/wp-json\/wp\/v2\/product_tag?post=17714"}],"curies":[{"name":"wp","href":"https:\/\/api.w.org\/{rel}","templated":true}]}}