{"id":17356,"date":"2023-09-21T13:03:11","date_gmt":"2023-09-21T13:03:11","guid":{"rendered":"https:\/\/store.evolve-fitness.eu\/product\/evolve-pilatesbold-25-cm\/"},"modified":"2025-03-07T09:40:10","modified_gmt":"2025-03-07T09:40:10","slug":"evolve-pilatesbold-25-cm","status":"publish","type":"product","link":"https:\/\/store.evolve-fitness.eu\/da\/vare\/evolve-pilatesbold-25-cm\/","title":{"rendered":"Evolve pilatesbold &#8211; 25 cm"},"content":{"rendered":"\n<section class=\"wp-block-group alignfull has-lightgray-background-color has-background is-layout-constrained wp-block-group-is-layout-constrained\">\n<div class=\"wp-block-columns alignwide is-layout-flex wp-container-core-columns-is-layout-2edb0647 wp-block-columns-is-layout-flex\" style=\"margin-top:0;margin-bottom:0\">\n<div class=\"wp-block-column is-layout-flow wp-block-column-is-layout-flow\" style=\"flex-basis:33.33%\"><\/div>\n\n\n\n<div class=\"wp-block-column is-layout-flow wp-block-column-is-layout-flow\" style=\"flex-basis:66.66%\"><\/div>\n<\/div>\n<\/section>\n","protected":false},"excerpt":{"rendered":"<p>L\u00f8ft din fitness med Evolve Pilates Ball &#8211; 25 cm. Oplev den ultimative tr\u00e6ningsmakker &#8211; vores pilatesbold p\u00e5 25 cm. Styrker din core, forbedrer balancen og \u00f8ger fleksibiliteten. Den er lavet af slidst\u00e6rk PVC og er perfekt til alle fitnessniveauer. Kompakt, alsidig og designet til succes. L\u00f8ft din tr\u00e6ning i dag med Evolve.<\/p>\n","protected":false},"featured_media":90206,"template":"","meta":{"_acf_changed":false,"inline_featured_image":false},"product_cat":[459],"product_tag":[],"class_list":{"0":"post-17356","1":"product","2":"type-product","3":"status-publish","4":"has-post-thumbnail","6":"product_cat-studio-da","8":"first","9":"instock","10":"shipping-taxable","11":"purchasable","12":"product-type-simple"},"acf":[],"_links":{"self":[{"href":"https:\/\/store.evolve-fitness.eu\/da\/wp-json\/wp\/v2\/product\/17356","targetHints":{"allow":["GET"]}}],"collection":[{"href":"https:\/\/store.evolve-fitness.eu\/da\/wp-json\/wp\/v2\/product"}],"about":[{"href":"https:\/\/store.evolve-fitness.eu\/da\/wp-json\/wp\/v2\/types\/product"}],"wp:featuredmedia":[{"embeddable":true,"href":"https:\/\/store.evolve-fitness.eu\/da\/wp-json\/wp\/v2\/media\/90206"}],"wp:attachment":[{"href":"https:\/\/store.evolve-fitness.eu\/da\/wp-json\/wp\/v2\/media?parent=17356"}],"wp:term":[{"taxonomy":"product_cat","embeddable":true,"href":"https:\/\/store.evolve-fitness.eu\/da\/wp-json\/wp\/v2\/product_cat?post=17356"},{"taxonomy":"product_tag","embeddable":true,"href":"https:\/\/store.evolve-fitness.eu\/da\/wp-json\/wp\/v2\/product_tag?post=17356"}],"curies":[{"name":"wp","href":"https:\/\/api.w.org\/{rel}","templated":true}]}}