{"id":16937,"date":"2024-01-30T15:30:56","date_gmt":"2024-01-30T15:30:56","guid":{"rendered":"https:\/\/store.evolve-fitness.eu\/product\/evolve-ultra-series-pladebelastet-skulderpres\/"},"modified":"2024-12-02T15:08:41","modified_gmt":"2024-12-02T15:08:41","slug":"evolve-ultra-series-pladebelastet-skulderpres","status":"publish","type":"product","link":"https:\/\/store.evolve-fitness.eu\/da\/vare\/evolve-ultra-series-pladebelastet-skulderpres\/","title":{"rendered":"Evolve Ultra Series pladebelastet skulderpres"},"content":{"rendered":"\n<section class=\"wp-block-group alignfull black-content has-white-color has-darkgray-background-color has-text-color has-background is-layout-constrained wp-block-group-is-layout-constrained\" style=\"padding-top:var(--wp--preset--spacing--section-bottom);padding-bottom:var(--wp--preset--spacing--section-bottom)\">\n<section class=\"wp-block-group alignfull black-content has-white-color has-darkgray-background-color has-text-color has-background is-layout-constrained wp-block-group-is-layout-constrained\" style=\"padding-top:var(--wp--preset--spacing--section-bottom);padding-bottom:var(--wp--preset--spacing--section-bottom)\">\n<div class=\"wp-block-columns alignwide mobile-reverse is-layout-flex wp-container-core-columns-is-layout-ca64bf2d wp-block-columns-is-layout-flex\" style=\"margin-bottom:var(--wp--preset--spacing--side-padding)\">\n<div class=\"wp-block-column is-vertically-aligned-center is-layout-flow wp-block-column-is-layout-flow\">\n<h3 class=\"wp-block-heading\" style=\"margin-bottom:var(--wp--preset--spacing--h-3-bottom)\"><strong><strong><strong><strong><strong><strong>M\u00e5lrettet aktivering af musklerne<\/strong><\/strong><\/strong><\/strong><\/strong><\/strong><\/h3>\n\n\n\n<p><strong><em><strong><strong><strong><strong>M\u00e5lrettede muskelgrupper<\/strong><\/strong><\/strong><\/strong><\/em><\/strong><\/p>\n\n\n\n<p style=\"margin-bottom:var(--wp--preset--spacing--tb-section-padding)\">Evolve Ultra Series Plate Loaded Shoulder Press er designet til prim\u00e6rt at ramme deltamusklerne, hvor b\u00e5de de forreste og laterale deltamuskelhoveder samt triceps aktiveres.<\/p>\n\n\n\n<p><strong><em><strong><strong><strong><strong><strong><strong>Effektiv aktivering af skulderen<\/strong><\/strong><\/strong><\/strong><\/strong><\/strong><\/em><\/strong><\/p>\n\n\n\n<p>Med sit specialiserede design sikrer denne maskine fokuseret aktivering af skuldermusklerne, hvilket letter omfattende skulderudvikling og styrke.<\/p>\n<\/div>\n\n\n\n<div class=\"wp-block-column is-vertically-aligned-center is-layout-flow wp-block-column-is-layout-flow\">\n<figure class=\"wp-block-video\"><video autoplay=\"\" controls=\"\" loop=\"\" muted=\"\" src=\"https:\/\/evolve-fitness.eu\/wp-content\/uploads\/2024\/03\/EV-PL-UL-030-Evolve-Ultra-Series-Plate-Loaded-Shoulder-Press.mp4\"><\/video><\/figure>\n<\/div>\n<\/div>\n\n\n\n<div class=\"wp-block-columns alignwide mobile-reverse is-layout-flex wp-container-core-columns-is-layout-ca64bf2d wp-block-columns-is-layout-flex\" style=\"margin-bottom:var(--wp--preset--spacing--side-padding)\">\n<div class=\"wp-block-column is-vertically-aligned-center is-layout-flow wp-block-column-is-layout-flow\">\n<figure class=\"wp-block-video\"><video autoplay=\"\" controls=\"\" loop=\"\" muted=\"\" src=\"https:\/\/evolve-fitness.eu\/wp-content\/uploads\/2023\/12\/2-9.mp4\"><\/video><\/figure>\n<\/div>\n\n\n\n<div class=\"wp-block-column is-vertically-aligned-center is-layout-flow wp-block-column-is-layout-flow\">\n<h3 class=\"wp-block-heading\" style=\"margin-bottom:var(--wp--preset--spacing--h-3-bottom)\"><strong><strong><strong><strong><strong>Justerbar modstand<\/strong><\/strong><\/strong><\/strong><\/strong><\/h3>\n\n\n\n<p><strong><strong><strong><em>Tilpasningsdygtig tr\u00e6ningsintensitet<\/em><\/strong><\/strong><\/strong><\/p>\n\n\n\n<p style=\"margin-bottom:var(--wp--preset--spacing--tb-section-padding)\">Brugere kan nemt justere modstandsniveauerne ved at tilf\u00f8je eller fjerne v\u00e6gtskiver, hvilket giver mulighed for personlig tr\u00e6ning, der er skr\u00e6ddersyet til individuelle fitnessniveauer og tr\u00e6ningsm\u00e5l. Uanset om brugerne sigter mod muskeludholdenhed, hypertrofi eller styrkefor\u00f8gelse, muligg\u00f8r den justerbare modstandsfunktion progressiv tr\u00e6ning for at im\u00f8dekomme skiftende fitnessbehov.<\/p>\n<\/div>\n<\/div>\n\n\n\n<div class=\"wp-block-columns alignwide mobile-reverse is-layout-flex wp-container-core-columns-is-layout-ca64bf2d wp-block-columns-is-layout-flex\" style=\"margin-bottom:var(--wp--preset--spacing--side-padding)\">\n<div class=\"wp-block-column is-vertically-aligned-center is-layout-flow wp-block-column-is-layout-flow\">\n<h3 class=\"wp-block-heading\"><strong><strong><strong><strong><strong><strong><strong><strong><strong><strong>Holdbarhed og stabilitet<\/strong><\/strong><\/strong><\/strong><\/strong><\/strong><\/strong><\/strong><\/strong><\/strong><\/h3>\n\n\n\n<p><strong><em><strong><strong><strong><strong><strong><strong><strong>Konstruktion af h\u00f8j kvalitet<\/strong><\/strong><\/strong><\/strong><\/strong><\/strong><\/strong><\/em><\/strong><\/p>\n\n\n\n<p>Evolve Ultra Series Plate Loaded Shoulder Press er fremstillet af holdbare materialer og pr\u00e6cisionsteknik og sikrer lang levetid og p\u00e5lidelighed, velegnet til b\u00e5de hjemmet og kommercielle tr\u00e6ningsmilj\u00f8er. Den robuste ramme giver stabilitet og sikkerhed under h\u00e5rd tr\u00e6ning, s\u00e5 brugerne kan udf\u00f8re skulder\u00f8velser med selvtillid og uden at g\u00e5 p\u00e5 kompromis.<\/p>\n\n\n\n<p><\/p>\n\n\n\n<h3 class=\"wp-block-heading\"><strong><strong><strong><strong><strong><strong><strong><strong><strong><strong>Kompakt fodaftryk<\/strong><\/strong><\/strong><\/strong><\/strong><\/strong><\/strong><\/strong><\/strong><\/strong><\/h3>\n\n\n\n<p><strong><em><strong><strong><strong><strong><strong><strong><strong>Optimeret pladsudnyttelse<\/strong><\/strong><\/strong><\/strong><\/strong><\/strong><\/strong><\/em><\/strong><\/p>\n\n\n\n<p>P\u00e5 trods af sin funktionalitet har skulderpressen et kompakt fodaftryk, hvilket g\u00f8r den velegnet til personer med begr\u00e6nset tr\u00e6ningsplads. Det str\u00f8mlinede design maksimerer pladseffektiviteten uden at g\u00e5 p\u00e5 kompromis med funktionaliteten, hvilket sikrer et optimeret tr\u00e6ningsomr\u00e5de til effektive skuldertr\u00e6ningssessioner.<\/p>\n<\/div>\n\n\n\n<div class=\"wp-block-column is-vertically-aligned-center is-layout-flow wp-block-column-is-layout-flow\">\n<figure class=\"wp-block-image size-large\"><img decoding=\"async\" src=\"https:\/\/evolve-fitness.eu\/wp-content\/uploads\/2023\/09\/A7_08634-683x1024.jpg\" alt=\"EV-PL-UL-030\" class=\"wp-image-166561\"\/><\/figure>\n<\/div>\n<\/div>\n\n\n\n<div class=\"wp-block-columns alignwide mobile-reverse is-layout-flex wp-container-core-columns-is-layout-ca64bf2d wp-block-columns-is-layout-flex\" style=\"margin-bottom:var(--wp--preset--spacing--side-padding)\">\n<div class=\"wp-block-column is-vertically-aligned-center is-layout-flow wp-block-column-is-layout-flow\">\n<figure class=\"wp-block-video\"><video autoplay=\"\" controls=\"\" loop=\"\" muted=\"\" src=\"https:\/\/evolve-fitness.eu\/wp-content\/uploads\/2023\/12\/1-15.mp4\"><\/video><\/figure>\n<\/div>\n\n\n\n<div class=\"wp-block-column is-vertically-aligned-center is-layout-flow wp-block-column-is-layout-flow\">\n<h3 class=\"wp-block-heading\" style=\"margin-bottom:var(--wp--preset--spacing--h-3-bottom)\"><strong><strong><strong><strong><strong>Komfortabelt design<\/strong><\/strong><\/strong><\/strong><\/strong><\/h3>\n\n\n\n<p><strong><em><strong><strong><strong><strong><strong><strong><strong><strong>Justerbart s\u00e6de og rygl\u00e6n<\/strong><\/strong><\/strong><\/strong><\/strong><\/strong><\/strong><\/strong><\/em><\/strong><\/p>\n\n\n\n<p style=\"margin-bottom:var(--wp--preset--spacing--tb-section-padding)\">Skulderpressen er udviklet med henblik p\u00e5 brugerkomfort og har ergonomiske puder og h\u00e5ndtag, der fremmer korrekt kropsjustering og st\u00f8tte under hele tr\u00e6ningen. Inkluderingen af et justerbart s\u00e6de og rygl\u00e6n forbedrer brugerkomforten og tilpasningen, hvilket reducerer risikoen for overanstrengelse eller ubehag under skulder\u00f8velser.<\/p>\n<\/div>\n<\/div>\n<\/section>\n<\/section>\n","protected":false},"excerpt":{"rendered":"<p>L\u00f8ft skuldertr\u00e6ningen i dit fitnesscenter med Evolve Ultra Series Plate Loaded Shoulder Press UL-030. Denne maskine er designet til kommercielle milj\u00f8er og er holdbar med sin solide st\u00e5lramme og rustbestandige teknologi. Den har skridsikre h\u00e5ndtag, unilateral armbev\u00e6gelse og farver, der kan tilpasses, s\u00e5 de passer til dit fitnesscenters branding. Med en maksimal belastning p\u00e5 300 kg og 2 \u00e5rs garanti er det et sikkert og solidt valg. Opgrader skuldertr\u00e6ningen i dit fitnesscenter med denne skulderpresmaskine af h\u00f8j kvalitet.<\/p>\n","protected":false},"featured_media":61625,"template":"","meta":{"_acf_changed":false,"inline_featured_image":false},"product_cat":[353,748,749],"product_tag":[],"class_list":{"0":"post-16937","1":"product","2":"type-product","3":"status-publish","4":"has-post-thumbnail","6":"product_cat-forside","7":"product_cat-pladebelastede-maskiner","8":"product_cat-ultra-series-pladebelastet","10":"first","11":"instock","12":"shipping-taxable","13":"purchasable","14":"product-type-simple"},"acf":[],"_links":{"self":[{"href":"https:\/\/store.evolve-fitness.eu\/da\/wp-json\/wp\/v2\/product\/16937","targetHints":{"allow":["GET"]}}],"collection":[{"href":"https:\/\/store.evolve-fitness.eu\/da\/wp-json\/wp\/v2\/product"}],"about":[{"href":"https:\/\/store.evolve-fitness.eu\/da\/wp-json\/wp\/v2\/types\/product"}],"wp:featuredmedia":[{"embeddable":true,"href":"https:\/\/store.evolve-fitness.eu\/da\/wp-json\/wp\/v2\/media\/61625"}],"wp:attachment":[{"href":"https:\/\/store.evolve-fitness.eu\/da\/wp-json\/wp\/v2\/media?parent=16937"}],"wp:term":[{"taxonomy":"product_cat","embeddable":true,"href":"https:\/\/store.evolve-fitness.eu\/da\/wp-json\/wp\/v2\/product_cat?post=16937"},{"taxonomy":"product_tag","embeddable":true,"href":"https:\/\/store.evolve-fitness.eu\/da\/wp-json\/wp\/v2\/product_tag?post=16937"}],"curies":[{"name":"wp","href":"https:\/\/api.w.org\/{rel}","templated":true}]}}