{"id":16781,"date":"2023-09-21T10:17:45","date_gmt":"2023-09-21T10:17:45","guid":{"rendered":"https:\/\/store.evolve-fitness.eu\/product\/evolve-nbr-studio-maatte-140-x-60-x-1-cm\/"},"modified":"2025-03-07T09:34:29","modified_gmt":"2025-03-07T09:34:29","slug":"evolve-nbr-studio-maatte-140-x-60-x-1-cm","status":"publish","type":"product","link":"https:\/\/store.evolve-fitness.eu\/da\/vare\/evolve-nbr-studio-maatte-140-x-60-x-1-cm\/","title":{"rendered":"Evolve NBR Studio-m\u00e5tte 140 x 60 x 1 cm"},"content":{"rendered":"\n<section class=\"wp-block-group alignfull has-darkgray-background-color has-background is-layout-constrained wp-block-group-is-layout-constrained\">\n<div class=\"wp-block-columns alignwide is-layout-flex wp-container-core-columns-is-layout-2edb0647 wp-block-columns-is-layout-flex\" style=\"margin-top:0;margin-bottom:0\">\n<div class=\"wp-block-column is-layout-flow wp-block-column-is-layout-flow\" style=\"flex-basis:33.33%\"><\/div>\n\n\n\n<div class=\"wp-block-column is-layout-flow wp-block-column-is-layout-flow\" style=\"flex-basis:66.66%\"><\/div>\n<\/div>\n\n\n\n<section class=\"wp-block-group alignfull black-content has-white-color has-darkgray-background-color has-text-color has-background is-layout-constrained wp-block-group-is-layout-constrained\" style=\"padding-top:var(--wp--preset--spacing--section-bottom);padding-bottom:var(--wp--preset--spacing--section-bottom)\">\n<div class=\"wp-block-columns alignwide is-layout-flex wp-container-core-columns-is-layout-c45ee707 wp-block-columns-is-layout-flex\" style=\"margin-bottom:var(--wp--preset--spacing--side-padding);padding-top:var(--wp--preset--spacing--side-padding)\">\n<div class=\"wp-block-column is-vertically-aligned-center is-layout-flow wp-block-column-is-layout-flow\">\n<figure class=\"wp-block-video\"><video autoplay=\"\" controls=\"\" loop=\"\" muted=\"\" src=\"https:\/\/evolve-fitness.eu\/wp-content\/uploads\/2023\/12\/1-3.mp4\"><\/video><\/figure>\n<\/div>\n\n\n\n<div class=\"wp-block-column is-vertically-aligned-center is-layout-constrained wp-block-column-is-layout-constrained\">\n<h3 class=\"wp-block-heading\" style=\"margin-bottom:var(--wp--preset--spacing--h-3-bottom)\">Studiem\u00e5tte i h\u00f8j kvalitet  <\/h3>\n\n\n\n<p><strong><em>Designet til forskellige \u00f8velser som yoga, aerobic, pilates og stretching.<\/em><\/strong><\/p>\n\n\n\n<p style=\"margin-bottom:var(--wp--preset--spacing--tb-section-padding)\">Evolve NBR Studio Mat giver komfort og stabilitet med sin tykkelse p\u00e5 1 cm. M\u00e5tten er lavet af materiale med h\u00f8j densitet, hvilket g\u00f8r den slidst\u00e6rk, svedsikker og nem at reng\u00f8re. Mat skiller sig ud med sin robuste konstruktion og sit gennemt\u00e6nkte design. Evolve NBR Studio Mat-m\u00e5tten er lavet af et t\u00e6t materiale af h\u00f8j kvalitet, der sikrer lang levetid og modstandsdygtighed over for slitage.<\/p>\n<\/div>\n<\/div>\n\n\n\n<div class=\"wp-block-columns alignwide is-layout-flex wp-container-core-columns-is-layout-c45ee707 wp-block-columns-is-layout-flex\" style=\"margin-bottom:var(--wp--preset--spacing--side-padding);padding-top:var(--wp--preset--spacing--side-padding)\">\n<div class=\"wp-block-column is-vertically-aligned-center is-layout-flow wp-block-column-is-layout-flow\">\n<h3 class=\"wp-block-heading\" style=\"margin-bottom:var(--wp--preset--spacing--h-3-bottom)\">HOLDBAR OG LET<\/h3>\n\n\n\n<p><em><strong>Leveres med integrerede \u00f8jer til praktisk opbevaring<\/strong><\/em><\/p>\n\n\n\n<p>Den har skridsikre egenskaber, afrundede hj\u00f8rner, optimal st\u00f8dabsorbering og en hygiejnisk lukket cellestruktur, der er vandt\u00e6t. M\u00e5tten er ogs\u00e5 let med en v\u00e6gt p\u00e5 kun 1,2 kg.<\/p>\n<\/div>\n\n\n\n<div class=\"wp-block-column is-vertically-aligned-center is-layout-flow wp-block-column-is-layout-flow\">\n<div class=\"wp-block-columns is-layout-flex wp-container-core-columns-is-layout-9d6595d7 wp-block-columns-is-layout-flex\">\n<div class=\"wp-block-column is-layout-flow wp-block-column-is-layout-flow\">\n<figure class=\"wp-block-image size-large\"><img decoding=\"async\" src=\"https:\/\/evolve-fitness.eu\/wp-content\/uploads\/2023\/12\/A7_05507-683x1024.jpg\" alt=\"\" class=\"wp-image-7892\"\/><\/figure>\n<\/div>\n<\/div>\n<\/div>\n<\/div>\n\n\n\n<div class=\"wp-block-columns alignwide is-layout-flex wp-container-core-columns-is-layout-c45ee707 wp-block-columns-is-layout-flex\" style=\"margin-bottom:var(--wp--preset--spacing--side-padding);padding-top:var(--wp--preset--spacing--side-padding)\">\n<div class=\"wp-block-column is-vertically-aligned-center is-layout-flow wp-block-column-is-layout-flow\">\n<figure class=\"wp-block-image size-large\"><img decoding=\"async\" src=\"https:\/\/evolve-fitness.eu\/wp-content\/uploads\/2023\/12\/A7_05548-1024x683.jpg\" alt=\"\" class=\"wp-image-7895\"\/><\/figure>\n<\/div>\n\n\n\n<div class=\"wp-block-column is-vertically-aligned-center is-layout-flow wp-block-column-is-layout-flow\">\n<h3 class=\"wp-block-heading\" style=\"margin-bottom:var(--wp--preset--spacing--h-3-bottom)\"><strong>Specielt udformet overflade<\/strong><\/h3>\n\n\n\n<p><strong><em>Hygiejnisk overflade og nemme opbevaringsl\u00f8sninger<\/em><\/strong><\/p>\n\n\n\n<p>Dens hygiejniske egenskaber, herunder vandt\u00e6thed og reng\u00f8ringsvenlig overflade, g\u00f8r den til et ideelt valg til hyppig brug i forskellige milj\u00f8er. Den lette v\u00e6gt og de integrerede opbevaringsl\u00f8sninger g\u00f8r den endnu mere praktisk og g\u00f8r den til et praktisk valg til b\u00e5de hjemmet og studiet.<\/p>\n<\/div>\n<\/div>\n\n\n\n<div class=\"wp-block-columns alignwide is-layout-flex wp-container-core-columns-is-layout-c45ee707 wp-block-columns-is-layout-flex\" style=\"margin-bottom:var(--wp--preset--spacing--side-padding);padding-top:var(--wp--preset--spacing--side-padding)\">\n<div class=\"wp-block-column is-vertically-aligned-center is-layout-flow wp-block-column-is-layout-flow\">\n<h3 class=\"wp-block-heading\" style=\"margin-bottom:var(--wp--preset--spacing--h-3-bottom)\">brugerdefineret logodesign<\/h3>\n\n\n\n<p><strong><em>Mulighed for at printe et firmalogo eller design direkte p\u00e5 m\u00e5tten<\/em><\/strong><\/p>\n\n\n\n<p>Ved at forbedre Evolve NBR Studio Mat med brugerdefinerede designmuligheder kan man tilpasse den bedre til virksomhedens branding eller personlige \u00e6stetiske pr\u00e6ferencer. En s\u00e5dan tilpasning ville g\u00f8re m\u00e5tten mere attraktiv for virksomheders wellnessprogrammer, fitnesscentre, der \u00f8nsker at styrke deres brandidentitet, eller enkeltpersoner, der \u00f8nsker en m\u00e5tte, der afspejler deres personlige stil.<\/p>\n<\/div>\n\n\n\n<div class=\"wp-block-column is-vertically-aligned-center is-layout-flow wp-block-column-is-layout-flow\">\n<div class=\"wp-block-columns is-layout-flex wp-container-core-columns-is-layout-9d6595d7 wp-block-columns-is-layout-flex\">\n<div class=\"wp-block-column is-layout-flow wp-block-column-is-layout-flow\">\n<figure class=\"wp-block-image size-full\"><img loading=\"lazy\" decoding=\"async\" width=\"680\" height=\"600\" src=\"https:\/\/store.evolve-fitness.eu\/wp-content\/uploads\/2023\/09\/EV-TM-NBR-Evolve-NBR-Studio-Mat-2-1.png\" alt=\"\" class=\"wp-image-100306\" srcset=\"https:\/\/store.evolve-fitness.eu\/wp-content\/uploads\/2023\/09\/EV-TM-NBR-Evolve-NBR-Studio-Mat-2-1.png 680w, https:\/\/store.evolve-fitness.eu\/wp-content\/uploads\/2023\/09\/EV-TM-NBR-Evolve-NBR-Studio-Mat-2-1-300x265.png 300w, https:\/\/store.evolve-fitness.eu\/wp-content\/uploads\/2023\/09\/EV-TM-NBR-Evolve-NBR-Studio-Mat-2-1-600x529.png 600w\" sizes=\"auto, (max-width: 680px) 100vw, 680px\" \/><\/figure>\n<\/div>\n<\/div>\n<\/div>\n<\/div>\n<\/section>\n<\/section>\n","protected":false},"excerpt":{"rendered":"<p>Vi pr\u00e6senterer Evolve NBR Studio Mat &#8211; 140 cm m\u00e5tter, det ultimative valg til dine tr\u00e6ningsbehov. Denne 1 cm tykke fitnessm\u00e5tte giver enest\u00e5ende komfort og stabilitet og er perfekt til yoga, aerobic, pilates, stretching og meget mere. Materialet med h\u00f8j densitet sikrer holdbarhed, g\u00f8r det svedsikkert og nemt at reng\u00f8re. Med skridsikre funktioner, afrundede hj\u00f8rner og optimal st\u00f8dabsorbering garanterer den maksimal sikkerhed under din tr\u00e6ning. Desuden g\u00f8r den hygiejniske, lukkede cellestruktur og vandt\u00e6theden vedligeholdelsen til en leg. Denne kommercielle m\u00e5tte er bygget til at holde, i mods\u00e6tning til andre p\u00e5 markedet, og leveres med integrerede \u00f8jer til nem opbevaring. L\u00f8ft din tr\u00e6ningsrutine med Evolve Fitness Mat, der kun vejer 1,2 kg. Oplev lang levetid og komfort som aldrig f\u00f8r.<\/p>\n<p>\n","protected":false},"featured_media":16789,"template":"","meta":{"_acf_changed":false,"inline_featured_image":false},"product_cat":[2411,459],"product_tag":[],"class_list":{"0":"post-16781","1":"product","2":"type-product","3":"status-publish","4":"has-post-thumbnail","6":"product_cat-hyrox-gear","7":"product_cat-studio-da","9":"first","10":"instock","11":"sale","12":"shipping-taxable","13":"purchasable","14":"product-type-simple"},"acf":[],"_links":{"self":[{"href":"https:\/\/store.evolve-fitness.eu\/da\/wp-json\/wp\/v2\/product\/16781","targetHints":{"allow":["GET"]}}],"collection":[{"href":"https:\/\/store.evolve-fitness.eu\/da\/wp-json\/wp\/v2\/product"}],"about":[{"href":"https:\/\/store.evolve-fitness.eu\/da\/wp-json\/wp\/v2\/types\/product"}],"wp:featuredmedia":[{"embeddable":true,"href":"https:\/\/store.evolve-fitness.eu\/da\/wp-json\/wp\/v2\/media\/16789"}],"wp:attachment":[{"href":"https:\/\/store.evolve-fitness.eu\/da\/wp-json\/wp\/v2\/media?parent=16781"}],"wp:term":[{"taxonomy":"product_cat","embeddable":true,"href":"https:\/\/store.evolve-fitness.eu\/da\/wp-json\/wp\/v2\/product_cat?post=16781"},{"taxonomy":"product_tag","embeddable":true,"href":"https:\/\/store.evolve-fitness.eu\/da\/wp-json\/wp\/v2\/product_tag?post=16781"}],"curies":[{"name":"wp","href":"https:\/\/api.w.org\/{rel}","templated":true}]}}