{"id":15985,"date":"2024-01-29T09:05:20","date_gmt":"2024-01-29T09:05:20","guid":{"rendered":"https:\/\/store.evolve-fitness.eu\/product\/evolve-loeftebaelte\/"},"modified":"2026-03-25T11:59:30","modified_gmt":"2026-03-25T11:59:30","slug":"evolve-loeftebaelte","status":"publish","type":"product","link":"https:\/\/store.evolve-fitness.eu\/da\/vare\/evolve-loeftebaelte\/","title":{"rendered":"Evolve L\u00f8fteb\u00e6lte"},"content":{"rendered":"\n<section class=\"wp-block-group alignfull black-content has-white-color has-darkgray-background-color has-text-color has-background is-layout-constrained wp-block-group-is-layout-constrained\" style=\"padding-top:var(--wp--preset--spacing--section-bottom);padding-bottom:var(--wp--preset--spacing--section-bottom)\">\n<div class=\"wp-block-columns alignwide mobile-reverse is-layout-flex wp-container-core-columns-is-layout-ca64bf2d wp-block-columns-is-layout-flex\" style=\"margin-bottom:var(--wp--preset--spacing--side-padding)\">\n<div class=\"wp-block-column is-vertically-aligned-center is-layout-flow wp-block-column-is-layout-flow\">\n<h3 class=\"wp-block-heading\" style=\"margin-bottom:var(--wp--preset--spacing--h-3-bottom)\"><strong>Evolve L\u00f8fteb\u00e6lte<\/strong><\/h3>\n\n\n\n<p><strong><em>Forbedret st\u00f8tte til styrketr\u00e6ning<\/em><\/strong><\/p>\n\n\n\n<p style=\"margin-bottom:var(--wp--preset--spacing--tb-section-padding)\">Evolve Lifting Belt er udviklet til atleter, der \u00f8nsker at forbedre deres pr\u00e6stationer under styrketr\u00e6ning og l\u00f8ftesessioner. Det sikrer en god pasform til forskellige kropstyper og \u00f8ger sikkerheden og effektiviteten under tr\u00e6ningen. Uanset om du l\u00f8fter tunge v\u00e6gte eller dyrker intensiv tr\u00e6ning, er Evolve Lifting Belt et vigtigt tilbeh\u00f8r, der hj\u00e6lper dig med at n\u00e5 dine fitnessm\u00e5l.<\/p>\n<\/div>\n\n\n\n<div class=\"wp-block-column is-vertically-aligned-center is-layout-flow wp-block-column-is-layout-flow\">\n<figure class=\"wp-block-video\"><video autoplay=\"\" controls=\"\" loop=\"\" muted=\"\" src=\"https:\/\/evolve-fitness.eu\/wp-content\/uploads\/2024\/07\/belt.mp4\"><\/video><\/figure>\n<\/div>\n<\/div>\n\n\n\n<figure class=\"wp-block-image aligncenter size-full\"><img decoding=\"async\" src=\"https:\/\/evolve-fitness.eu\/wp-content\/uploads\/2024\/01\/EV-AC-LB-010-S-1.png\" alt=\"\" class=\"wp-image-150057\"\/><\/figure>\n\n\n\n<figure class=\"wp-block-image aligncenter size-full\"><img decoding=\"async\" src=\"https:\/\/evolve-fitness.eu\/wp-content\/uploads\/2024\/01\/EV-AC-LB-010-M-1.png\" alt=\"\" class=\"wp-image-150082\"\/><\/figure>\n\n\n\n<figure class=\"wp-block-image aligncenter size-full\"><img decoding=\"async\" src=\"https:\/\/evolve-fitness.eu\/wp-content\/uploads\/2024\/01\/EV-AC-LB-010-L-1.png\" alt=\"\" class=\"wp-image-150107\"\/><\/figure>\n<\/section>\n","protected":false},"excerpt":{"rendered":"<p>Evolve Lifting Belt er designet til atleter, der \u00f8nsker forbedret st\u00f8tte under deres styrketr\u00e6ning og l\u00f8ftesessioner. Dette produkt er en del af Evolves sortiment af funktionelt fitnessudstyr. F\u00e5s i st\u00f8rrelserne: S, M og L.<\/p>\n","protected":false},"featured_media":93720,"template":"","meta":{"_acf_changed":false,"inline_featured_image":false},"product_cat":[585,588,742],"product_tag":[],"class_list":{"0":"post-15985","1":"product","2":"type-product","3":"status-publish","4":"has-post-thumbnail","6":"product_cat-tvaergaende-og-funktionel","7":"product_cat-funktionelt-udstyr","8":"product_cat-tilbehor-da","10":"first","11":"instock","12":"shipping-taxable","13":"purchasable","14":"product-type-variable"},"acf":[],"_links":{"self":[{"href":"https:\/\/store.evolve-fitness.eu\/da\/wp-json\/wp\/v2\/product\/15985","targetHints":{"allow":["GET"]}}],"collection":[{"href":"https:\/\/store.evolve-fitness.eu\/da\/wp-json\/wp\/v2\/product"}],"about":[{"href":"https:\/\/store.evolve-fitness.eu\/da\/wp-json\/wp\/v2\/types\/product"}],"wp:featuredmedia":[{"embeddable":true,"href":"https:\/\/store.evolve-fitness.eu\/da\/wp-json\/wp\/v2\/media\/93720"}],"wp:attachment":[{"href":"https:\/\/store.evolve-fitness.eu\/da\/wp-json\/wp\/v2\/media?parent=15985"}],"wp:term":[{"taxonomy":"product_cat","embeddable":true,"href":"https:\/\/store.evolve-fitness.eu\/da\/wp-json\/wp\/v2\/product_cat?post=15985"},{"taxonomy":"product_tag","embeddable":true,"href":"https:\/\/store.evolve-fitness.eu\/da\/wp-json\/wp\/v2\/product_tag?post=15985"}],"curies":[{"name":"wp","href":"https:\/\/api.w.org\/{rel}","templated":true}]}}