{"id":15763,"date":"2024-01-29T07:33:44","date_gmt":"2024-01-29T07:33:44","guid":{"rendered":"https:\/\/store.evolve-fitness.eu\/product\/evolve-komplet-power-rack-system-230-270-cm-2\/"},"modified":"2025-03-27T07:14:54","modified_gmt":"2025-03-27T07:14:54","slug":"evolve-komplet-power-rack-system-230-270-cm-2","status":"publish","type":"product","link":"https:\/\/store.evolve-fitness.eu\/da\/vare\/evolve-komplet-power-rack-system-230-270-cm-2\/","title":{"rendered":"Evolve komplet power rack-system 230 &#8211; 270 cm"},"content":{"rendered":"","protected":false},"excerpt":{"rendered":"<p>Slip kraften fra fitness l\u00f8s med Evolve fuldt udstyret power rack-system med integrerede opbevaringshylder til problemfri organisering af inventar og tilbeh\u00f8r. Denne robuste styrketr\u00e6ningsl\u00f8sning er ideel til kommerciel brug og er konstrueret med pr\u00e6cision af 3 mm tykt st\u00e5l. L\u00f8ft din tr\u00e6ningsoplevelse med effektiviteten og stilen fra Evolve.<\/p>\n","protected":false},"featured_media":97297,"template":"","meta":{"_acf_changed":false,"inline_featured_image":false},"product_cat":[353,585,676],"product_tag":[],"class_list":{"0":"post-15763","1":"product","2":"type-product","3":"status-publish","4":"has-post-thumbnail","6":"product_cat-forside","7":"product_cat-tvaergaende-og-funktionel","8":"product_cat-komplette-opsaetninger-af-rigge","10":"first","11":"outofstock","12":"shipping-taxable","13":"purchasable","14":"product-type-variable"},"acf":[],"_links":{"self":[{"href":"https:\/\/store.evolve-fitness.eu\/da\/wp-json\/wp\/v2\/product\/15763","targetHints":{"allow":["GET"]}}],"collection":[{"href":"https:\/\/store.evolve-fitness.eu\/da\/wp-json\/wp\/v2\/product"}],"about":[{"href":"https:\/\/store.evolve-fitness.eu\/da\/wp-json\/wp\/v2\/types\/product"}],"wp:featuredmedia":[{"embeddable":true,"href":"https:\/\/store.evolve-fitness.eu\/da\/wp-json\/wp\/v2\/media\/97297"}],"wp:attachment":[{"href":"https:\/\/store.evolve-fitness.eu\/da\/wp-json\/wp\/v2\/media?parent=15763"}],"wp:term":[{"taxonomy":"product_cat","embeddable":true,"href":"https:\/\/store.evolve-fitness.eu\/da\/wp-json\/wp\/v2\/product_cat?post=15763"},{"taxonomy":"product_tag","embeddable":true,"href":"https:\/\/store.evolve-fitness.eu\/da\/wp-json\/wp\/v2\/product_tag?post=15763"}],"curies":[{"name":"wp","href":"https:\/\/api.w.org\/{rel}","templated":true}]}}