{"id":15297,"date":"2024-01-26T15:37:35","date_gmt":"2024-01-26T15:37:35","guid":{"rendered":"https:\/\/store.evolve-fitness.eu\/product\/evolve-stativer-til-opbevaringssystemer-120-190-cm\/"},"modified":"2026-04-04T12:00:43","modified_gmt":"2026-04-04T12:00:43","slug":"evolve-stativer-til-opbevaringssystemer-120-190-cm","status":"publish","type":"product","link":"https:\/\/store.evolve-fitness.eu\/da\/vare\/evolve-stativer-til-opbevaringssystemer-120-190-cm\/","title":{"rendered":"Evolve-stativer til opbevaringssystemer 120\/190 cm"},"content":{"rendered":"","protected":false},"excerpt":{"rendered":"<p>Optimer din opbevaringsplads med Evolve s\u00f8jler til opbevaringssystemer i h\u00f8jderne 120 cm og 190 cm. Disse robuste og alsidige s\u00f8jler er designet til at forbedre funktionaliteten i dit opbevaringssystem og giver p\u00e5lidelig st\u00f8tte til hylder og tilbeh\u00f8r. Evolve Uprights er fremstillet med henblik p\u00e5 holdbarhed og tilbyder en problemfri integration i dit fitnessmilj\u00f8, s\u00e5 du kan skabe en velorganiseret og effektiv plads til dit tr\u00e6ningsudstyr. L\u00f8ft dine opbevaringsl\u00f8sninger med Evolve Uprights, der er designet til at opfylde kravene i et dynamisk og funktionelt fitnessrum.<\/p>\n","protected":false},"featured_media":15314,"template":"","meta":{"_acf_changed":false,"inline_featured_image":false},"product_cat":[353,585,653,702],"product_tag":[],"class_list":{"0":"post-15297","1":"product","2":"type-product","3":"status-publish","4":"has-post-thumbnail","6":"product_cat-forside","7":"product_cat-tvaergaende-og-funktionel","8":"product_cat-komponenter-til-riggen","9":"product_cat-opbevaring","11":"first","12":"instock","13":"shipping-taxable","14":"purchasable","15":"product-type-variable"},"acf":[],"_links":{"self":[{"href":"https:\/\/store.evolve-fitness.eu\/da\/wp-json\/wp\/v2\/product\/15297","targetHints":{"allow":["GET"]}}],"collection":[{"href":"https:\/\/store.evolve-fitness.eu\/da\/wp-json\/wp\/v2\/product"}],"about":[{"href":"https:\/\/store.evolve-fitness.eu\/da\/wp-json\/wp\/v2\/types\/product"}],"wp:featuredmedia":[{"embeddable":true,"href":"https:\/\/store.evolve-fitness.eu\/da\/wp-json\/wp\/v2\/media\/15314"}],"wp:attachment":[{"href":"https:\/\/store.evolve-fitness.eu\/da\/wp-json\/wp\/v2\/media?parent=15297"}],"wp:term":[{"taxonomy":"product_cat","embeddable":true,"href":"https:\/\/store.evolve-fitness.eu\/da\/wp-json\/wp\/v2\/product_cat?post=15297"},{"taxonomy":"product_tag","embeddable":true,"href":"https:\/\/store.evolve-fitness.eu\/da\/wp-json\/wp\/v2\/product_tag?post=15297"}],"curies":[{"name":"wp","href":"https:\/\/api.w.org\/{rel}","templated":true}]}}