{"id":14978,"date":"2024-01-26T15:52:11","date_gmt":"2024-01-26T15:52:11","guid":{"rendered":"https:\/\/store.evolve-fitness.eu\/product\/evolve-komplet-power-rack-system-230-270-cm\/"},"modified":"2025-03-27T07:16:09","modified_gmt":"2025-03-27T07:16:09","slug":"evolve-komplet-power-rack-system-230-270-cm","status":"publish","type":"product","link":"https:\/\/store.evolve-fitness.eu\/da\/vare\/evolve-komplet-power-rack-system-230-270-cm\/","title":{"rendered":"Evolve komplet power rack-system 230 &#8211; 270 cm"},"content":{"rendered":"","protected":false},"excerpt":{"rendered":"<p>Vi pr\u00e6senterer Evolve fuldt udstyret power rack-system, designet til kommerciel brug og komplet med opbevaringshylder til inventar og tilbeh\u00f8r. Dette 3 mm tykke st\u00e5lkraftv\u00e6rk er fremstillet med pr\u00e6cision og holdbarhed og giver et robust fundament for styrketr\u00e6ning. L\u00f8ft dit fitnessrum med bekvemmeligheden ved integrerede opbevaringsl\u00f8sninger, og oplev en s\u00f8ml\u00f8s blanding af funktionalitet og stil. Evolve &#8211; hvor innovation m\u00f8der ydeevne i en verden af kommercielt fitnessudstyr.<\/p>\n","protected":false},"featured_media":97272,"template":"","meta":{"_acf_changed":false,"inline_featured_image":false},"product_cat":[353,585,676],"product_tag":[],"class_list":{"0":"post-14978","1":"product","2":"type-product","3":"status-publish","4":"has-post-thumbnail","6":"product_cat-forside","7":"product_cat-tvaergaende-og-funktionel","8":"product_cat-komplette-opsaetninger-af-rigge","10":"first","11":"outofstock","12":"shipping-taxable","13":"purchasable","14":"product-type-variable"},"acf":[],"_links":{"self":[{"href":"https:\/\/store.evolve-fitness.eu\/da\/wp-json\/wp\/v2\/product\/14978","targetHints":{"allow":["GET"]}}],"collection":[{"href":"https:\/\/store.evolve-fitness.eu\/da\/wp-json\/wp\/v2\/product"}],"about":[{"href":"https:\/\/store.evolve-fitness.eu\/da\/wp-json\/wp\/v2\/types\/product"}],"wp:featuredmedia":[{"embeddable":true,"href":"https:\/\/store.evolve-fitness.eu\/da\/wp-json\/wp\/v2\/media\/97272"}],"wp:attachment":[{"href":"https:\/\/store.evolve-fitness.eu\/da\/wp-json\/wp\/v2\/media?parent=14978"}],"wp:term":[{"taxonomy":"product_cat","embeddable":true,"href":"https:\/\/store.evolve-fitness.eu\/da\/wp-json\/wp\/v2\/product_cat?post=14978"},{"taxonomy":"product_tag","embeddable":true,"href":"https:\/\/store.evolve-fitness.eu\/da\/wp-json\/wp\/v2\/product_tag?post=14978"}],"curies":[{"name":"wp","href":"https:\/\/api.w.org\/{rel}","templated":true}]}}