{"id":14933,"date":"2024-01-26T14:28:04","date_gmt":"2024-01-26T14:28:04","guid":{"rendered":"https:\/\/store.evolve-fitness.eu\/product\/evolve-baelte-til-squat\/"},"modified":"2024-08-06T12:59:59","modified_gmt":"2024-08-06T12:59:59","slug":"evolve-baelte-til-squat","status":"publish","type":"product","link":"https:\/\/store.evolve-fitness.eu\/da\/vare\/evolve-baelte-til-squat\/","title":{"rendered":"Evolve b\u00e6lte til squat"},"content":{"rendered":"","protected":false},"excerpt":{"rendered":"<p>Opgrader din tr\u00e6ningsrutine med Evolve Belt Squat Attachment, der er designet til problemfrit at kunne fastg\u00f8res til enhver Upright. Oplev den lette automatiske sammenklapning af st\u00f8tten, n\u00e5r tr\u00e6ningen p\u00e5begyndes, efterfulgt af ubesv\u00e6ret sammenklapning til praktisk opbevaring efter tr\u00e6ningen. Dette alsidige redskab, der er kompatibelt med alle olympiske v\u00e6gtskiver med en huldiameter p\u00e5 50 mm, er en pladsbesparende l\u00f8sning til effektiv tr\u00e6ning i hjemmet eller fitnesscentret. L\u00f8ft din fitnessrejse med Evolve Belt Squat Attachment, der kombinerer funktionalitet og praktisk anvendelighed til en dynamisk tr\u00e6ningsoplevelse.  <\/p>\n","protected":false},"featured_media":14949,"template":"","meta":{"_acf_changed":false,"inline_featured_image":false},"product_cat":[353,585,653,659],"product_tag":[],"class_list":{"0":"post-14933","1":"product","2":"type-product","3":"status-publish","4":"has-post-thumbnail","6":"product_cat-forside","7":"product_cat-tvaergaende-og-funktionel","8":"product_cat-komponenter-til-riggen","9":"product_cat-tilbehor","11":"first","12":"instock","13":"shipping-taxable","14":"purchasable","15":"product-type-simple"},"acf":[],"_links":{"self":[{"href":"https:\/\/store.evolve-fitness.eu\/da\/wp-json\/wp\/v2\/product\/14933","targetHints":{"allow":["GET"]}}],"collection":[{"href":"https:\/\/store.evolve-fitness.eu\/da\/wp-json\/wp\/v2\/product"}],"about":[{"href":"https:\/\/store.evolve-fitness.eu\/da\/wp-json\/wp\/v2\/types\/product"}],"wp:featuredmedia":[{"embeddable":true,"href":"https:\/\/store.evolve-fitness.eu\/da\/wp-json\/wp\/v2\/media\/14949"}],"wp:attachment":[{"href":"https:\/\/store.evolve-fitness.eu\/da\/wp-json\/wp\/v2\/media?parent=14933"}],"wp:term":[{"taxonomy":"product_cat","embeddable":true,"href":"https:\/\/store.evolve-fitness.eu\/da\/wp-json\/wp\/v2\/product_cat?post=14933"},{"taxonomy":"product_tag","embeddable":true,"href":"https:\/\/store.evolve-fitness.eu\/da\/wp-json\/wp\/v2\/product_tag?post=14933"}],"curies":[{"name":"wp","href":"https:\/\/api.w.org\/{rel}","templated":true}]}}