{"id":14778,"date":"2024-01-26T14:48:26","date_gmt":"2024-01-26T14:48:26","guid":{"rendered":"https:\/\/store.evolve-fitness.eu\/product\/evolve-haengende-pull-up-kugle-70-100-mm\/"},"modified":"2025-11-07T10:29:59","modified_gmt":"2025-11-07T10:29:59","slug":"evolve-haengende-pull-up-kugle-70-100-mm","status":"publish","type":"product","link":"https:\/\/store.evolve-fitness.eu\/da\/vare\/evolve-haengende-pull-up-kugle-70-100-mm\/","title":{"rendered":"Evolve h\u00e6ngende pull up-kugle 70 &#8211; 100 mm"},"content":{"rendered":"","protected":false},"excerpt":{"rendered":"<p>L\u00f8ft dit pull-up-spil med Evolve Hanging Pull-Up Sphere-s\u00e6ttet med 70 mm og 100 mm kugler, der er designet til at forbedre h\u00e5ndgrebet under pull-ups. Disse kugler er specielt udviklet til sportsgrene, der kr\u00e6ver et st\u00e6rkt greb, s\u00e5som klatring og v\u00e6gtl\u00f8ftning, og er en unik og effektiv m\u00e5de at tr\u00e6ne grebsstyrke og aktivere underarmsmusklerne p\u00e5. Evolve-b\u00e5ndene, der er sikret med robuste jernkroge, g\u00f8r det nemt at fastg\u00f8re dem til stangen. Ved at inkorporere disse kugler i din pull-up-rutine forbedrer du ikke kun grebsstyrken, men du rammer ogs\u00e5 underarmene p\u00e5 en s\u00e6rlig m\u00e5de, hvilket fremmer \u00f8get styrke og kontrol. Evolve Hanging Pull-Up Sphere er den ideelle fitnessl\u00f8sning til dem, der s\u00f8ger en effektiv metode til at styrke grebs- og underarmsmusklerne.<\/p>\n","protected":false},"featured_media":97928,"template":"","meta":{"_acf_changed":false,"inline_featured_image":false},"product_cat":[353,585,653,659],"product_tag":[],"class_list":{"0":"post-14778","1":"product","2":"type-product","3":"status-publish","4":"has-post-thumbnail","6":"product_cat-forside","7":"product_cat-tvaergaende-og-funktionel","8":"product_cat-komponenter-til-riggen","9":"product_cat-tilbehor","11":"first","12":"outofstock","13":"shipping-taxable","14":"purchasable","15":"product-type-variable"},"acf":[],"_links":{"self":[{"href":"https:\/\/store.evolve-fitness.eu\/da\/wp-json\/wp\/v2\/product\/14778","targetHints":{"allow":["GET"]}}],"collection":[{"href":"https:\/\/store.evolve-fitness.eu\/da\/wp-json\/wp\/v2\/product"}],"about":[{"href":"https:\/\/store.evolve-fitness.eu\/da\/wp-json\/wp\/v2\/types\/product"}],"wp:featuredmedia":[{"embeddable":true,"href":"https:\/\/store.evolve-fitness.eu\/da\/wp-json\/wp\/v2\/media\/97928"}],"wp:attachment":[{"href":"https:\/\/store.evolve-fitness.eu\/da\/wp-json\/wp\/v2\/media?parent=14778"}],"wp:term":[{"taxonomy":"product_cat","embeddable":true,"href":"https:\/\/store.evolve-fitness.eu\/da\/wp-json\/wp\/v2\/product_cat?post=14778"},{"taxonomy":"product_tag","embeddable":true,"href":"https:\/\/store.evolve-fitness.eu\/da\/wp-json\/wp\/v2\/product_tag?post=14778"}],"curies":[{"name":"wp","href":"https:\/\/api.w.org\/{rel}","templated":true}]}}