{"id":145770,"date":"2025-10-13T11:25:30","date_gmt":"2025-10-13T11:25:30","guid":{"rendered":"https:\/\/store.evolve-fitness.eu\/product\/evolve-body-pump-rack-20-stk-pr-250\/"},"modified":"2026-04-02T12:00:46","modified_gmt":"2026-04-02T12:00:46","slug":"evolve-body-pump-rack-20-stk-pr-250","status":"publish","type":"product","link":"https:\/\/store.evolve-fitness.eu\/da\/vare\/evolve-body-pump-rack-20-stk-pr-250\/","title":{"rendered":"Evolve Body-Pump Rack &#8211; 20 stk (PR-250)"},"content":{"rendered":"\n<section class=\"wp-block-group alignfull black-content has-white-color has-darkgray-background-color has-text-color has-background is-layout-constrained wp-block-group-is-layout-constrained\" style=\"padding-top:var(--wp--preset--spacing--section-bottom);padding-bottom:var(--wp--preset--spacing--section-bottom)\">\n<div class=\"wp-block-columns alignwide mobile-reverse is-layout-flex wp-container-core-columns-is-layout-ca64bf2d wp-block-columns-is-layout-flex\" style=\"margin-bottom:var(--wp--preset--spacing--side-padding)\">\n<div class=\"wp-block-column is-vertically-aligned-center is-layout-flow wp-block-column-is-layout-flow\">\n<h3 class=\"wp-block-heading\" style=\"margin-bottom:var(--wp--preset--spacing--h-3-bottom)\"><strong><strong><strong><strong><strong><strong><strong><strong><strong>Form\u00e5l og funktion<\/strong><\/strong><\/strong><\/strong><\/strong><\/strong><\/strong><\/strong><\/strong><\/h3>\n\n\n\n<p>Evolve Body-Pump Rack er designet til at opbevare og organisere op til <strong>20 komplette Body Pump-s\u00e6t<\/strong> (v\u00e6gtst\u00e6nger med v\u00e6gtskiver). Det sikrer et p\u00e6nt og effektivt tr\u00e6ningsmilj\u00f8, s\u00e5 brugerne hurtigt kan f\u00e5 adgang til udstyret under gruppefitnesstimerne. <\/p>\n<\/div>\n\n\n\n<div class=\"wp-block-column is-vertically-aligned-center is-layout-flow wp-block-column-is-layout-flow\">\n<figure class=\"wp-block-image size-full is-resized\"><img decoding=\"async\" src=\"https:\/\/evolve-fitness.eu\/wp-content\/uploads\/2025\/10\/EV-SC-PR-250.png\" alt=\"\" class=\"wp-image-211103\" style=\"width:660px;height:auto\"\/><\/figure>\n<\/div>\n<\/div>\n\n\n\n<div class=\"wp-block-columns alignwide is-layout-flex wp-container-core-columns-is-layout-c45ee707 wp-block-columns-is-layout-flex\" style=\"margin-bottom:var(--wp--preset--spacing--side-padding);padding-top:var(--wp--preset--spacing--side-padding)\">\n<div class=\"wp-block-column is-vertically-aligned-center is-layout-flow wp-block-column-is-layout-flow\">\n<figure class=\"wp-block-image size-full\"><img decoding=\"async\" src=\"https:\/\/evolve-fitness.eu\/wp-content\/uploads\/2025\/10\/Heading-5-1.png\" alt=\"\" class=\"wp-image-211130\"\/><\/figure>\n<\/div>\n\n\n\n<div class=\"wp-block-column is-vertically-aligned-center is-layout-constrained wp-block-column-is-layout-constrained\">\n<h3 class=\"wp-block-heading\" style=\"margin-bottom:var(--wp--preset--spacing--h-3-bottom)\"><strong><strong><strong><strong><strong><strong><strong><strong><strong><strong>Konstruktion og materialer<\/strong><\/strong><\/strong><\/strong><\/strong><\/strong><\/strong><\/strong><\/strong><\/strong><\/h3>\n\n\n\n<p>Stativet er bygget af <strong>holdbart st\u00e5l<\/strong>, hvilket giver fremragende stabilitet og langvarig styrke.<br\/>Alle forbindelseselementer er forst\u00e6rket for p\u00e5lidelig ydeevne, mens den <strong>pulverlakerede finish<\/strong> beskytter mod korrosion og slitage.<br\/>Sideholdere og st\u00f8ttest\u00e6nger er omhyggeligt placeret for at holde st\u00e6nger og plader sikkert p\u00e5 plads.<\/p>\n<\/div>\n<\/div>\n\n\n\n<p class=\"has-text-align-center has-medium-2-font-size\" style=\"padding-top:var(--wp--preset--spacing--tb-padding);padding-bottom:var(--wp--preset--spacing--tb-padding)\"><\/p>\n<\/section>\n","protected":false},"excerpt":{"rendered":"<p>Evolve Body-Pump Rack &#8211; 20 pcs er en professionel opbevaringsl\u00f8sning, der er designet til at organisere op til tyve komplette Body Pump-s\u00e6t, inklusive st\u00e6nger og v\u00e6gtskiver. Det er bygget af holdbart st\u00e5l med en korrosionsbestandig pulverlakeret finish og sikrer langvarig stabilitet og p\u00e5lidelighed i b\u00e5de kommercielle og gruppetr\u00e6ningsmilj\u00f8er. Stativet har velplacerede holdere, der giver hurtig og nem adgang til hvert s\u00e6t og samtidig opretholder et rent og organiseret tr\u00e6ningsomr\u00e5de. Med sin robuste konstruktion og slanke design maksimerer Evolve Body-Pump Rack pladseffektiviteten, forbedrer sikkerheden og tilf\u00f8jer et professionelt look til ethvert fitnesscenter.   <\/p>\n<p>\n","protected":false},"featured_media":145773,"template":"","meta":{"_acf_changed":false,"inline_featured_image":false},"product_cat":[977,978],"product_tag":[2352,2351],"class_list":{"0":"post-145770","1":"product","2":"type-product","3":"status-publish","4":"has-post-thumbnail","6":"product_cat-frie-vaegte","7":"product_cat-reoler-og-opbevaringslosninger","8":"product_tag-rack-20-stk","9":"product_tag-stativ","11":"first","12":"instock","13":"shipping-taxable","14":"purchasable","15":"product-type-simple"},"acf":[],"_links":{"self":[{"href":"https:\/\/store.evolve-fitness.eu\/da\/wp-json\/wp\/v2\/product\/145770","targetHints":{"allow":["GET"]}}],"collection":[{"href":"https:\/\/store.evolve-fitness.eu\/da\/wp-json\/wp\/v2\/product"}],"about":[{"href":"https:\/\/store.evolve-fitness.eu\/da\/wp-json\/wp\/v2\/types\/product"}],"wp:featuredmedia":[{"embeddable":true,"href":"https:\/\/store.evolve-fitness.eu\/da\/wp-json\/wp\/v2\/media\/145773"}],"wp:attachment":[{"href":"https:\/\/store.evolve-fitness.eu\/da\/wp-json\/wp\/v2\/media?parent=145770"}],"wp:term":[{"taxonomy":"product_cat","embeddable":true,"href":"https:\/\/store.evolve-fitness.eu\/da\/wp-json\/wp\/v2\/product_cat?post=145770"},{"taxonomy":"product_tag","embeddable":true,"href":"https:\/\/store.evolve-fitness.eu\/da\/wp-json\/wp\/v2\/product_tag?post=145770"}],"curies":[{"name":"wp","href":"https:\/\/api.w.org\/{rel}","templated":true}]}}