{"id":143181,"date":"2025-10-14T14:37:37","date_gmt":"2025-10-14T11:37:37","guid":{"rendered":"https:\/\/store.evolve-fitness.eu\/product\/evolve-econ-series-plate-loaded-standing-chest-fly-ec-040\/"},"modified":"2025-10-14T14:37:37","modified_gmt":"2025-10-14T14:37:37","slug":"evolve-econ-series-plate-loaded-standing-chest-fly-ec-040","status":"publish","type":"product","link":"https:\/\/store.evolve-fitness.eu\/da\/vare\/evolve-econ-series-plate-loaded-standing-chest-fly-ec-040\/","title":{"rendered":"Evolve Econ Series Plate Loaded Standing Chest Fly (EC-040)"},"content":{"rendered":"","protected":false},"excerpt":{"rendered":"<p>Evolve Econ Series Plate Loaded Standing Chest Fly er konstrueret til effektivt at isolere og udvikle brystmusklerne gennem en kontrolleret, naturlig st\u00e5ende bev\u00e6gelse. Det pladebelastede system giver j\u00e6vn modstandsjustering, mens det ergonomiske armdesign sikrer korrekt bev\u00e6gelse og muskelengagement. Den er bygget af holdbare materialer og leverer p\u00e5lidelig ydeevne til b\u00e5de professionelle og kommercielle tr\u00e6ningsmilj\u00f8er.  <\/p>\n","protected":false},"featured_media":143182,"template":"","meta":{"_acf_changed":false,"inline_featured_image":false},"product_cat":[748,1193],"product_tag":[],"class_list":{"0":"post-143181","1":"product","2":"type-product","3":"status-publish","4":"has-post-thumbnail","6":"product_cat-pladebelastede-maskiner","7":"product_cat-econ-series-pladelaesset","9":"first","10":"instock","11":"shipping-taxable","12":"purchasable","13":"product-type-simple"},"acf":[],"_links":{"self":[{"href":"https:\/\/store.evolve-fitness.eu\/da\/wp-json\/wp\/v2\/product\/143181","targetHints":{"allow":["GET"]}}],"collection":[{"href":"https:\/\/store.evolve-fitness.eu\/da\/wp-json\/wp\/v2\/product"}],"about":[{"href":"https:\/\/store.evolve-fitness.eu\/da\/wp-json\/wp\/v2\/types\/product"}],"wp:featuredmedia":[{"embeddable":true,"href":"https:\/\/store.evolve-fitness.eu\/da\/wp-json\/wp\/v2\/media\/143182"}],"wp:attachment":[{"href":"https:\/\/store.evolve-fitness.eu\/da\/wp-json\/wp\/v2\/media?parent=143181"}],"wp:term":[{"taxonomy":"product_cat","embeddable":true,"href":"https:\/\/store.evolve-fitness.eu\/da\/wp-json\/wp\/v2\/product_cat?post=143181"},{"taxonomy":"product_tag","embeddable":true,"href":"https:\/\/store.evolve-fitness.eu\/da\/wp-json\/wp\/v2\/product_tag?post=143181"}],"curies":[{"name":"wp","href":"https:\/\/api.w.org\/{rel}","templated":true}]}}