{"id":143093,"date":"2025-10-14T14:25:55","date_gmt":"2025-10-14T11:25:55","guid":{"rendered":"https:\/\/store.evolve-fitness.eu\/product\/evolve-econ-series-pladebelastet-brystpres-ec-035\/"},"modified":"2025-10-14T14:25:55","modified_gmt":"2025-10-14T14:25:55","slug":"evolve-econ-series-pladebelastet-brystpres-ec-035","status":"publish","type":"product","link":"https:\/\/store.evolve-fitness.eu\/da\/vare\/evolve-econ-series-pladebelastet-brystpres-ec-035\/","title":{"rendered":"Evolve Econ Series pladebelastet brystpres (EC-035)"},"content":{"rendered":"","protected":false},"excerpt":{"rendered":"<p>Evolve Econ Series Plate Loaded Chest Press er bygget til effektiv styrketr\u00e6ning af overkroppen med fokus p\u00e5 bryst-, triceps- og skuldermusklerne. Det pladebelastede design giver en j\u00e6vn og naturlig pressebev\u00e6gelse, mens det ergonomiske s\u00e6de og h\u00e5ndtagene sikrer optimal komfort og stabilitet. Den er konstrueret med henblik p\u00e5 holdbarhed og ensartet ydeevne og er velegnet til b\u00e5de kommerciel brug og hjemmetr\u00e6ning.  <\/p>\n","protected":false},"featured_media":143094,"template":"","meta":{"_acf_changed":false,"inline_featured_image":false},"product_cat":[748,1193],"product_tag":[],"class_list":{"0":"post-143093","1":"product","2":"type-product","3":"status-publish","4":"has-post-thumbnail","6":"product_cat-pladebelastede-maskiner","7":"product_cat-econ-series-pladelaesset","9":"first","10":"instock","11":"shipping-taxable","12":"purchasable","13":"product-type-simple"},"acf":[],"_links":{"self":[{"href":"https:\/\/store.evolve-fitness.eu\/da\/wp-json\/wp\/v2\/product\/143093","targetHints":{"allow":["GET"]}}],"collection":[{"href":"https:\/\/store.evolve-fitness.eu\/da\/wp-json\/wp\/v2\/product"}],"about":[{"href":"https:\/\/store.evolve-fitness.eu\/da\/wp-json\/wp\/v2\/types\/product"}],"wp:featuredmedia":[{"embeddable":true,"href":"https:\/\/store.evolve-fitness.eu\/da\/wp-json\/wp\/v2\/media\/143094"}],"wp:attachment":[{"href":"https:\/\/store.evolve-fitness.eu\/da\/wp-json\/wp\/v2\/media?parent=143093"}],"wp:term":[{"taxonomy":"product_cat","embeddable":true,"href":"https:\/\/store.evolve-fitness.eu\/da\/wp-json\/wp\/v2\/product_cat?post=143093"},{"taxonomy":"product_tag","embeddable":true,"href":"https:\/\/store.evolve-fitness.eu\/da\/wp-json\/wp\/v2\/product_tag?post=143093"}],"curies":[{"name":"wp","href":"https:\/\/api.w.org\/{rel}","templated":true}]}}