{"id":142984,"date":"2025-10-14T14:15:43","date_gmt":"2025-10-14T11:15:43","guid":{"rendered":"https:\/\/store.evolve-fitness.eu\/product\/evolve-econ-series-plate-loaded-standing-lateral-raise-ec-020\/"},"modified":"2025-10-14T14:15:43","modified_gmt":"2025-10-14T14:15:43","slug":"evolve-econ-series-plate-loaded-standing-lateral-raise-ec-020","status":"publish","type":"product","link":"https:\/\/store.evolve-fitness.eu\/da\/vare\/evolve-econ-series-plate-loaded-standing-lateral-raise-ec-020\/","title":{"rendered":"Evolve Econ Series Plate Loaded Standing Lateral Raise (EC-020)"},"content":{"rendered":"","protected":false},"excerpt":{"rendered":"<p>Evolve Econ Series Plate Loaded Standing Lateral Raise er designet til at isolere og styrke de laterale deltamuskler gennem en naturlig st\u00e5ende bev\u00e6gelse. Den pladebelastede mekanisme giver mulighed for j\u00e6vn modstandskontrol, mens den ergonomiske h\u00e5ndtagspositionering sikrer korrekt form og balance. Den er bygget med henblik p\u00e5 holdbarhed og ensartet ydeevne og er et ideelt valg til b\u00e5de kommercielle og professionelle tr\u00e6ningsmilj\u00f8er.  <\/p>\n","protected":false},"featured_media":142993,"template":"","meta":{"_acf_changed":false,"inline_featured_image":false},"product_cat":[748,1193],"product_tag":[],"class_list":{"0":"post-142984","1":"product","2":"type-product","3":"status-publish","4":"has-post-thumbnail","6":"product_cat-pladebelastede-maskiner","7":"product_cat-econ-series-pladelaesset","9":"first","10":"instock","11":"shipping-taxable","12":"purchasable","13":"product-type-simple"},"acf":[],"_links":{"self":[{"href":"https:\/\/store.evolve-fitness.eu\/da\/wp-json\/wp\/v2\/product\/142984","targetHints":{"allow":["GET"]}}],"collection":[{"href":"https:\/\/store.evolve-fitness.eu\/da\/wp-json\/wp\/v2\/product"}],"about":[{"href":"https:\/\/store.evolve-fitness.eu\/da\/wp-json\/wp\/v2\/types\/product"}],"wp:featuredmedia":[{"embeddable":true,"href":"https:\/\/store.evolve-fitness.eu\/da\/wp-json\/wp\/v2\/media\/142993"}],"wp:attachment":[{"href":"https:\/\/store.evolve-fitness.eu\/da\/wp-json\/wp\/v2\/media?parent=142984"}],"wp:term":[{"taxonomy":"product_cat","embeddable":true,"href":"https:\/\/store.evolve-fitness.eu\/da\/wp-json\/wp\/v2\/product_cat?post=142984"},{"taxonomy":"product_tag","embeddable":true,"href":"https:\/\/store.evolve-fitness.eu\/da\/wp-json\/wp\/v2\/product_tag?post=142984"}],"curies":[{"name":"wp","href":"https:\/\/api.w.org\/{rel}","templated":true}]}}