{"id":142716,"date":"2025-10-13T12:27:58","date_gmt":"2025-10-13T12:27:58","guid":{"rendered":"https:\/\/store.evolve-fitness.eu\/product\/evolve-peg-board-attachment-180-cm-pb-010\/"},"modified":"2026-03-12T12:00:49","modified_gmt":"2026-03-12T12:00:49","slug":"evolve-peg-board-attachment-180-cm-pb-010","status":"publish","type":"product","link":"https:\/\/store.evolve-fitness.eu\/da\/vare\/evolve-peg-board-attachment-180-cm-pb-010\/","title":{"rendered":"Evolve Peg Board Attachment &#8211; 180 cm (PB-010)"},"content":{"rendered":"","protected":false},"excerpt":{"rendered":"<p>  Evolve Peg Board Attachment &#8211; 180 cm er et f\u00f8rsteklasses v\u00e6gmonteret tr\u00e6ningsredskab, der er designet til at udvikle overkroppens styrke, koordination og udholdenhed. Det er konstrueret af holdbart tr\u00e6 i h\u00f8j kvalitet og giver en p\u00e5lidelig og stabil overflade til klatre\u00f8velser med pinde, der ofte bruges i funktionel tr\u00e6ning og atletisk konditionering. Det 180 cm lange br\u00e6t har flere pr\u00e6cisionsborede huller, der giver mulighed for varierede klatreruter og fremmer afbalanceret muskelaktivering i skuldre, arme og core. Evolve Peg Board Attachment er ideelt til b\u00e5de kommercielle fitnesscentre og avancerede hjemmeops\u00e6tninger og giver en effektiv m\u00e5de at udfordre grebsstyrken, forbedre kropskontrollen og tilf\u00f8je alsidighed til ethvert funktionelt tr\u00e6ningsomr\u00e5de.     <\/p>\n<p>\n","protected":false},"featured_media":142727,"template":"","meta":{"_acf_changed":false,"inline_featured_image":false},"product_cat":[653,659],"product_tag":[],"class_list":{"0":"post-142716","1":"product","2":"type-product","3":"status-publish","4":"has-post-thumbnail","6":"product_cat-komponenter-til-riggen","7":"product_cat-tilbehor","9":"first","10":"instock","11":"shipping-taxable","12":"purchasable","13":"product-type-simple"},"acf":[],"_links":{"self":[{"href":"https:\/\/store.evolve-fitness.eu\/da\/wp-json\/wp\/v2\/product\/142716","targetHints":{"allow":["GET"]}}],"collection":[{"href":"https:\/\/store.evolve-fitness.eu\/da\/wp-json\/wp\/v2\/product"}],"about":[{"href":"https:\/\/store.evolve-fitness.eu\/da\/wp-json\/wp\/v2\/types\/product"}],"wp:featuredmedia":[{"embeddable":true,"href":"https:\/\/store.evolve-fitness.eu\/da\/wp-json\/wp\/v2\/media\/142727"}],"wp:attachment":[{"href":"https:\/\/store.evolve-fitness.eu\/da\/wp-json\/wp\/v2\/media?parent=142716"}],"wp:term":[{"taxonomy":"product_cat","embeddable":true,"href":"https:\/\/store.evolve-fitness.eu\/da\/wp-json\/wp\/v2\/product_cat?post=142716"},{"taxonomy":"product_tag","embeddable":true,"href":"https:\/\/store.evolve-fitness.eu\/da\/wp-json\/wp\/v2\/product_tag?post=142716"}],"curies":[{"name":"wp","href":"https:\/\/api.w.org\/{rel}","templated":true}]}}