{"id":142523,"date":"2025-10-21T14:58:29","date_gmt":"2025-10-21T11:58:29","guid":{"rendered":"https:\/\/store.evolve-fitness.eu\/product\/evolve-langt-tricepsreb-gh-090\/"},"modified":"2026-03-27T12:00:50","modified_gmt":"2026-03-27T12:00:50","slug":"evolve-langt-tricepsreb-gh-090","status":"publish","type":"product","link":"https:\/\/store.evolve-fitness.eu\/da\/vare\/evolve-langt-tricepsreb-gh-090\/","title":{"rendered":"Evolve langt tricepsreb (GH-090)"},"content":{"rendered":"","protected":false},"excerpt":{"rendered":"<p>Evolve Econ Series Long Triceps Rope (EV-AC-GH-090) er et holdbart og ergonomisk kabelredskab designet til effektiv overkropstr\u00e6ning. L\u00e6ngden p\u00e5 140 cm giver et st\u00f8rre bev\u00e6gelsesomr\u00e5de til tricepspushdowns, face pulls og andre kabel\u00f8velser. <\/p>\n<p>Det er lavet af st\u00e6rk flettet nylon med forst\u00e6rkede st\u00e5lender og sikrer komfort, greb og lang holdbarhed. Den er kompatibel med alle standard kabelmaskiner og er ideel til b\u00e5de hjemmebrug og kommerciel brug i fitnesscentre &#8211; og hj\u00e6lper dig med at styrke og definere dine arme med pr\u00e6cision og kontrol. <\/p>\n","protected":false},"featured_media":142539,"template":"","meta":{"_acf_changed":false,"inline_featured_image":false},"product_cat":[1107,742],"product_tag":[],"class_list":{"0":"post-142523","1":"product","2":"type-product","3":"status-publish","4":"has-post-thumbnail","6":"product_cat-selekterede-maskiner","7":"product_cat-tilbehor-da","9":"first","10":"instock","11":"shipping-taxable","12":"purchasable","13":"product-type-simple"},"acf":[],"_links":{"self":[{"href":"https:\/\/store.evolve-fitness.eu\/da\/wp-json\/wp\/v2\/product\/142523","targetHints":{"allow":["GET"]}}],"collection":[{"href":"https:\/\/store.evolve-fitness.eu\/da\/wp-json\/wp\/v2\/product"}],"about":[{"href":"https:\/\/store.evolve-fitness.eu\/da\/wp-json\/wp\/v2\/types\/product"}],"wp:featuredmedia":[{"embeddable":true,"href":"https:\/\/store.evolve-fitness.eu\/da\/wp-json\/wp\/v2\/media\/142539"}],"wp:attachment":[{"href":"https:\/\/store.evolve-fitness.eu\/da\/wp-json\/wp\/v2\/media?parent=142523"}],"wp:term":[{"taxonomy":"product_cat","embeddable":true,"href":"https:\/\/store.evolve-fitness.eu\/da\/wp-json\/wp\/v2\/product_cat?post=142523"},{"taxonomy":"product_tag","embeddable":true,"href":"https:\/\/store.evolve-fitness.eu\/da\/wp-json\/wp\/v2\/product_tag?post=142523"}],"curies":[{"name":"wp","href":"https:\/\/api.w.org\/{rel}","templated":true}]}}