{"id":142452,"date":"2025-10-14T15:43:43","date_gmt":"2025-10-14T12:43:43","guid":{"rendered":"https:\/\/store.evolve-fitness.eu\/product\/evolve-econ-series-plate-loaded-seated-leg-extension-ec-100\/"},"modified":"2025-10-14T15:43:43","modified_gmt":"2025-10-14T15:43:43","slug":"evolve-econ-series-plate-loaded-seated-leg-extension-ec-100","status":"publish","type":"product","link":"https:\/\/store.evolve-fitness.eu\/da\/vare\/evolve-econ-series-plate-loaded-seated-leg-extension-ec-100\/","title":{"rendered":"Evolve Econ Series Plate Loaded Seated Leg Extension (EC-100)"},"content":{"rendered":"","protected":false},"excerpt":{"rendered":"<p>Evolve Econ Series Plate Loaded Seated Leg Extension er designet til at isolere og styrke quadriceps med en j\u00e6vn, kontrolleret l\u00f8ftebev\u00e6gelse. Det pladebelastede modstandssystem sikrer pr\u00e6cis justering af belastningen, mens det ergonomiske s\u00e6de og benpuderne giver optimal komfort og st\u00f8tte. Den er bygget med henblik p\u00e5 holdbarhed og ensartet ydeevne og er et p\u00e5lideligt valg til b\u00e5de kommercielle og professionelle tr\u00e6ningsmilj\u00f8er.  <\/p>\n","protected":false},"featured_media":142461,"template":"","meta":{"_acf_changed":false,"inline_featured_image":false},"product_cat":[748,1193],"product_tag":[],"class_list":{"0":"post-142452","1":"product","2":"type-product","3":"status-publish","4":"has-post-thumbnail","6":"product_cat-pladebelastede-maskiner","7":"product_cat-econ-series-pladelaesset","9":"first","10":"instock","11":"shipping-taxable","12":"purchasable","13":"product-type-simple"},"acf":[],"_links":{"self":[{"href":"https:\/\/store.evolve-fitness.eu\/da\/wp-json\/wp\/v2\/product\/142452","targetHints":{"allow":["GET"]}}],"collection":[{"href":"https:\/\/store.evolve-fitness.eu\/da\/wp-json\/wp\/v2\/product"}],"about":[{"href":"https:\/\/store.evolve-fitness.eu\/da\/wp-json\/wp\/v2\/types\/product"}],"wp:featuredmedia":[{"embeddable":true,"href":"https:\/\/store.evolve-fitness.eu\/da\/wp-json\/wp\/v2\/media\/142461"}],"wp:attachment":[{"href":"https:\/\/store.evolve-fitness.eu\/da\/wp-json\/wp\/v2\/media?parent=142452"}],"wp:term":[{"taxonomy":"product_cat","embeddable":true,"href":"https:\/\/store.evolve-fitness.eu\/da\/wp-json\/wp\/v2\/product_cat?post=142452"},{"taxonomy":"product_tag","embeddable":true,"href":"https:\/\/store.evolve-fitness.eu\/da\/wp-json\/wp\/v2\/product_tag?post=142452"}],"curies":[{"name":"wp","href":"https:\/\/api.w.org\/{rel}","templated":true}]}}