{"id":142342,"date":"2025-10-14T15:38:05","date_gmt":"2025-10-14T12:38:05","guid":{"rendered":"https:\/\/store.evolve-fitness.eu\/product\/evolve-econ-series-plate-loaded-prone-leg-curl-ec-090\/"},"modified":"2025-10-14T15:38:05","modified_gmt":"2025-10-14T15:38:05","slug":"evolve-econ-series-plate-loaded-prone-leg-curl-ec-090","status":"publish","type":"product","link":"https:\/\/store.evolve-fitness.eu\/da\/vare\/evolve-econ-series-plate-loaded-prone-leg-curl-ec-090\/","title":{"rendered":"Evolve Econ Series Plate Loaded Prone Leg Curl (EC-090)"},"content":{"rendered":"","protected":false},"excerpt":{"rendered":"<p>Evolve Econ Series Plate Loaded Prone Leg Curl er konstrueret til effektivt at m\u00e5lrette og styrke haserne gennem en kontrolleret og naturlig curlingbev\u00e6gelse. Det pladebelastede design giver mulighed for j\u00e6vn justering af modstanden, mens de ergonomiske puder sikrer optimal komfort og justering af leddene. Den er bygget med holdbarhed og pr\u00e6cision i tankerne og er ideel til b\u00e5de kommercielle og professionelle styrketr\u00e6ningsfaciliteter.  <\/p>\n","protected":false},"featured_media":142366,"template":"","meta":{"_acf_changed":false,"inline_featured_image":false},"product_cat":[748,1193],"product_tag":[],"class_list":{"0":"post-142342","1":"product","2":"type-product","3":"status-publish","4":"has-post-thumbnail","6":"product_cat-pladebelastede-maskiner","7":"product_cat-econ-series-pladelaesset","9":"first","10":"instock","11":"shipping-taxable","12":"purchasable","13":"product-type-simple"},"acf":[],"_links":{"self":[{"href":"https:\/\/store.evolve-fitness.eu\/da\/wp-json\/wp\/v2\/product\/142342","targetHints":{"allow":["GET"]}}],"collection":[{"href":"https:\/\/store.evolve-fitness.eu\/da\/wp-json\/wp\/v2\/product"}],"about":[{"href":"https:\/\/store.evolve-fitness.eu\/da\/wp-json\/wp\/v2\/types\/product"}],"wp:featuredmedia":[{"embeddable":true,"href":"https:\/\/store.evolve-fitness.eu\/da\/wp-json\/wp\/v2\/media\/142366"}],"wp:attachment":[{"href":"https:\/\/store.evolve-fitness.eu\/da\/wp-json\/wp\/v2\/media?parent=142342"}],"wp:term":[{"taxonomy":"product_cat","embeddable":true,"href":"https:\/\/store.evolve-fitness.eu\/da\/wp-json\/wp\/v2\/product_cat?post=142342"},{"taxonomy":"product_tag","embeddable":true,"href":"https:\/\/store.evolve-fitness.eu\/da\/wp-json\/wp\/v2\/product_tag?post=142342"}],"curies":[{"name":"wp","href":"https:\/\/api.w.org\/{rel}","templated":true}]}}