{"id":142221,"date":"2025-10-14T15:24:32","date_gmt":"2025-10-14T12:24:32","guid":{"rendered":"https:\/\/store.evolve-fitness.eu\/product\/evolve-econ-series-plate-loaded-bicep-curl-ec-080\/"},"modified":"2025-10-14T15:24:32","modified_gmt":"2025-10-14T15:24:32","slug":"evolve-econ-series-plate-loaded-bicep-curl-ec-080","status":"publish","type":"product","link":"https:\/\/store.evolve-fitness.eu\/da\/vare\/evolve-econ-series-plate-loaded-bicep-curl-ec-080\/","title":{"rendered":"Evolve Econ Series Plate Loaded Bicep Curl (EC-080)"},"content":{"rendered":"","protected":false},"excerpt":{"rendered":"<p>Evolve Econ Series Plate Loaded Bicep Curl er designet til at isolere og styrke biceps med en j\u00e6vn, naturlig l\u00f8ftebev\u00e6gelse. Den pladebelastede mekanisme giver mulighed for pr\u00e6cis modstandskontrol, mens det ergonomiske h\u00e5ndtag og armpudenes placering sikrer komfort og korrekt form. Den er bygget med henblik p\u00e5 holdbarhed og ensartet ydeevne og er en fremragende tilf\u00f8jelse til ethvert kommercielt eller professionelt fitnesscenter.  <\/p>\n","protected":false},"featured_media":142230,"template":"","meta":{"_acf_changed":false,"inline_featured_image":false},"product_cat":[748,1193],"product_tag":[],"class_list":{"0":"post-142221","1":"product","2":"type-product","3":"status-publish","4":"has-post-thumbnail","6":"product_cat-pladebelastede-maskiner","7":"product_cat-econ-series-pladelaesset","9":"first","10":"instock","11":"shipping-taxable","12":"purchasable","13":"product-type-simple"},"acf":[],"_links":{"self":[{"href":"https:\/\/store.evolve-fitness.eu\/da\/wp-json\/wp\/v2\/product\/142221","targetHints":{"allow":["GET"]}}],"collection":[{"href":"https:\/\/store.evolve-fitness.eu\/da\/wp-json\/wp\/v2\/product"}],"about":[{"href":"https:\/\/store.evolve-fitness.eu\/da\/wp-json\/wp\/v2\/types\/product"}],"wp:featuredmedia":[{"embeddable":true,"href":"https:\/\/store.evolve-fitness.eu\/da\/wp-json\/wp\/v2\/media\/142230"}],"wp:attachment":[{"href":"https:\/\/store.evolve-fitness.eu\/da\/wp-json\/wp\/v2\/media?parent=142221"}],"wp:term":[{"taxonomy":"product_cat","embeddable":true,"href":"https:\/\/store.evolve-fitness.eu\/da\/wp-json\/wp\/v2\/product_cat?post=142221"},{"taxonomy":"product_tag","embeddable":true,"href":"https:\/\/store.evolve-fitness.eu\/da\/wp-json\/wp\/v2\/product_tag?post=142221"}],"curies":[{"name":"wp","href":"https:\/\/api.w.org\/{rel}","templated":true}]}}