{"id":142083,"date":"2025-10-14T15:15:24","date_gmt":"2025-10-14T12:15:24","guid":{"rendered":"https:\/\/store.evolve-fitness.eu\/product\/evolve-econ-series-plate-loaded-t-bar-row-ec-070\/"},"modified":"2025-10-14T15:15:24","modified_gmt":"2025-10-14T15:15:24","slug":"evolve-econ-series-plate-loaded-t-bar-row-ec-070","status":"publish","type":"product","link":"https:\/\/store.evolve-fitness.eu\/da\/vare\/evolve-econ-series-plate-loaded-t-bar-row-ec-070\/","title":{"rendered":"Evolve Econ Series Plate Loaded T-bar Row (EC-070)"},"content":{"rendered":"","protected":false},"excerpt":{"rendered":"<p>Evolve Econ Series Plate Loaded T-Bar Row er bygget til at udvikle ryg, skuldre og arme gennem en kraftfuld og kontrolleret robev\u00e6gelse. Det pladebelastede system sikrer en j\u00e6vn justering af modstanden, mens de brede og neutrale greb fremmer en afbalanceret muskelaktivering. Den holdbare konstruktion og det ergonomiske design g\u00f8r den ideel til b\u00e5de kommercielle og professionelle styrketr\u00e6ningsmilj\u00f8er.  <\/p>\n","protected":false},"featured_media":142095,"template":"","meta":{"_acf_changed":false,"inline_featured_image":false},"product_cat":[1193,748],"product_tag":[],"class_list":{"0":"post-142083","1":"product","2":"type-product","3":"status-publish","4":"has-post-thumbnail","6":"product_cat-econ-series-pladelaesset","7":"product_cat-pladebelastede-maskiner","9":"first","10":"instock","11":"taxable","12":"shipping-taxable","13":"purchasable","14":"product-type-simple"},"acf":[],"_links":{"self":[{"href":"https:\/\/store.evolve-fitness.eu\/da\/wp-json\/wp\/v2\/product\/142083","targetHints":{"allow":["GET"]}}],"collection":[{"href":"https:\/\/store.evolve-fitness.eu\/da\/wp-json\/wp\/v2\/product"}],"about":[{"href":"https:\/\/store.evolve-fitness.eu\/da\/wp-json\/wp\/v2\/types\/product"}],"wp:featuredmedia":[{"embeddable":true,"href":"https:\/\/store.evolve-fitness.eu\/da\/wp-json\/wp\/v2\/media\/142095"}],"wp:attachment":[{"href":"https:\/\/store.evolve-fitness.eu\/da\/wp-json\/wp\/v2\/media?parent=142083"}],"wp:term":[{"taxonomy":"product_cat","embeddable":true,"href":"https:\/\/store.evolve-fitness.eu\/da\/wp-json\/wp\/v2\/product_cat?post=142083"},{"taxonomy":"product_tag","embeddable":true,"href":"https:\/\/store.evolve-fitness.eu\/da\/wp-json\/wp\/v2\/product_tag?post=142083"}],"curies":[{"name":"wp","href":"https:\/\/api.w.org\/{rel}","templated":true}]}}