{"id":141925,"date":"2025-10-14T14:42:45","date_gmt":"2025-10-14T11:42:45","guid":{"rendered":"https:\/\/store.evolve-fitness.eu\/product\/evolve-econ-series-plate-loaded-lat-pulldown-ec-050\/"},"modified":"2025-10-14T14:42:45","modified_gmt":"2025-10-14T14:42:45","slug":"evolve-econ-series-plate-loaded-lat-pulldown-ec-050","status":"publish","type":"product","link":"https:\/\/store.evolve-fitness.eu\/da\/vare\/evolve-econ-series-plate-loaded-lat-pulldown-ec-050\/","title":{"rendered":"Evolve Econ Series Plate Loaded Lat Pulldown (EC-050)"},"content":{"rendered":"","protected":false},"excerpt":{"rendered":"<p>Evolve Econ Series Plate Loaded Lat Pulldown er designet til at opbygge og styrke latissimus dorsi, biceps og \u00f8vre rygmuskler med j\u00e6vn, ensartet modstand. Den pladebelastede mekanisme sikrer nem tilpasning af belastningen, mens det ergonomiske s\u00e6de og l\u00e5rpuderne giver komfort og stabilitet under intense tr\u00e6ningspas. Den er bygget til holdbarhed og ydeevne og er ideel til b\u00e5de kommercielle og professionelle tr\u00e6ningsrum.  <\/p>\n","protected":false},"featured_media":141939,"template":"","meta":{"_acf_changed":false,"inline_featured_image":false},"product_cat":[748,1193],"product_tag":[],"class_list":{"0":"post-141925","1":"product","2":"type-product","3":"status-publish","4":"has-post-thumbnail","6":"product_cat-pladebelastede-maskiner","7":"product_cat-econ-series-pladelaesset","9":"first","10":"instock","11":"shipping-taxable","12":"purchasable","13":"product-type-simple"},"acf":[],"_links":{"self":[{"href":"https:\/\/store.evolve-fitness.eu\/da\/wp-json\/wp\/v2\/product\/141925","targetHints":{"allow":["GET"]}}],"collection":[{"href":"https:\/\/store.evolve-fitness.eu\/da\/wp-json\/wp\/v2\/product"}],"about":[{"href":"https:\/\/store.evolve-fitness.eu\/da\/wp-json\/wp\/v2\/types\/product"}],"wp:featuredmedia":[{"embeddable":true,"href":"https:\/\/store.evolve-fitness.eu\/da\/wp-json\/wp\/v2\/media\/141939"}],"wp:attachment":[{"href":"https:\/\/store.evolve-fitness.eu\/da\/wp-json\/wp\/v2\/media?parent=141925"}],"wp:term":[{"taxonomy":"product_cat","embeddable":true,"href":"https:\/\/store.evolve-fitness.eu\/da\/wp-json\/wp\/v2\/product_cat?post=141925"},{"taxonomy":"product_tag","embeddable":true,"href":"https:\/\/store.evolve-fitness.eu\/da\/wp-json\/wp\/v2\/product_tag?post=141925"}],"curies":[{"name":"wp","href":"https:\/\/api.w.org\/{rel}","templated":true}]}}